{"id":2993,"date":"2025-05-23T12:00:53","date_gmt":"2025-05-23T10:00:53","guid":{"rendered":"https:\/\/europadonna.ch\/mentions-legales\/"},"modified":"2025-06-20T10:51:19","modified_gmt":"2025-06-20T08:51:19","slug":"mentions-legales","status":"publish","type":"page","link":"https:\/\/europadonna.ch\/fr\/mentions-legales\/","title":{"rendered":"Mentions l\u00e9gales"},"content":{"rendered":"\t\t<div data-elementor-type=\"wp-page\" data-elementor-id=\"2993\" class=\"elementor elementor-2993 elementor-968\" data-elementor-post-type=\"page\">\n\t\t\t\t<div class=\"elementor-element elementor-element-db04ad9 e-flex e-con-boxed e-con e-parent\" data-id=\"db04ad9\" data-element_type=\"container\" data-e-type=\"container\" data-settings=\"{&quot;background_background&quot;:&quot;classic&quot;}\">\n\t\t\t\t\t<div class=\"e-con-inner\">\n\t\t\t\t<div class=\"elementor-element elementor-element-91af409 elementor-widget__width-inherit elementor-widget elementor-widget-heading\" data-id=\"91af409\" data-element_type=\"widget\" data-e-type=\"widget\" data-widget_type=\"heading.default\">\n\t\t\t\t<div class=\"elementor-widget-container\">\n\t\t\t\t\t<h1 class=\"elementor-heading-title elementor-size-default\">Mentions l\u00e9gales<\/h1>\t\t\t\t<\/div>\n\t\t\t\t<\/div>\n\t\t<div class=\"elementor-element elementor-element-79418d0 e-con-full e-flex e-con e-child\" data-id=\"79418d0\" data-element_type=\"container\" data-e-type=\"container\">\n\t\t\t\t<div class=\"elementor-element elementor-element-182d36e elementor-widget__width-inherit elementor-widget elementor-widget-text-editor\" data-id=\"182d36e\" data-element_type=\"widget\" data-e-type=\"widget\" data-widget_type=\"text-editor.default\">\n\t\t\t\t<div class=\"elementor-widget-container\">\n\t\t\t\t\t\t\t\t\t<h3>Responsable du contenu<\/h3><p>EUROPA DONNA Suisse<br>3000 Berne<br>E-Mail: <a href=\"mailto:info@europadonna.ch\">info@europadonna.ch<\/a><\/p>\t\t\t\t\t\t\t\t<\/div>\n\t\t\t\t<\/div>\n\t\t\t\t<div class=\"elementor-element elementor-element-f3bd196 elementor-widget__width-inherit elementor-widget elementor-widget-text-editor\" data-id=\"f3bd196\" data-element_type=\"widget\" data-e-type=\"widget\" data-widget_type=\"text-editor.default\">\n\t\t\t\t<div class=\"elementor-widget-container\">\n\t\t\t\t\t\t\t\t\t<h3>Conception &amp; design<\/h3><p><a href=\"https:\/\/superscript.ch\/\" target=\"_blank\" rel=\"noopener\">SUPERSCRIPT GmbH<\/a><br>Julia Curty<\/p>\t\t\t\t\t\t\t\t<\/div>\n\t\t\t\t<\/div>\n\t\t\t\t<div class=\"elementor-element elementor-element-4f326cd elementor-widget__width-inherit elementor-widget elementor-widget-text-editor\" data-id=\"4f326cd\" data-element_type=\"widget\" data-e-type=\"widget\" data-widget_type=\"text-editor.default\">\n\t\t\t\t<div class=\"elementor-widget-container\">\n\t\t\t\t\t\t\t\t\t<h3>R\u00e9alisation &amp; exploitation<\/h3><p><a href=\"https:\/\/smartkmu.com\/\" target=\"_blank\" rel=\"noopener\">SmartKMU<\/a><br>Jael Sch\u00fctz<\/p>\t\t\t\t\t\t\t\t<\/div>\n\t\t\t\t<\/div>\n\t\t\t\t<\/div>\n\t\t<div class=\"elementor-element elementor-element-c0ca867 e-con-full e-flex e-con e-child\" data-id=\"c0ca867\" data-element_type=\"container\" data-e-type=\"container\">\n\t\t\t\t<div class=\"elementor-element elementor-element-99d22f3 elementor-widget__width-inherit elementor-widget elementor-widget-text-editor\" data-id=\"99d22f3\" data-element_type=\"widget\" data-e-type=\"widget\" data-widget_type=\"text-editor.default\">\n\t\t\t\t<div class=\"elementor-widget-container\">\n\t\t\t\t\t\t\t\t\t<h3>Copyright<\/h3><p>Tous les contenus du site web (textes, images, logo, etc.) et le webdesign sont soumis au Copyright \u00a9 by Europa Donna Suisse.<\/p>\t\t\t\t\t\t\t\t<\/div>\n\t\t\t\t<\/div>\n\t\t\t\t<div class=\"elementor-element elementor-element-6114c42 elementor-widget__width-inherit elementor-widget elementor-widget-text-editor\" data-id=\"6114c42\" data-element_type=\"widget\" data-e-type=\"widget\" data-widget_type=\"text-editor.default\">\n\t\t\t\t<div class=\"elementor-widget-container\">\n\t\t\t\t\t\t\t\t\t<h3>Clause de non-responsabilit\u00e9<\/h3><p>Tous les contenus du site web d&rsquo;Europa Donna Suisse servent exclusivement \u00e0 l&rsquo;information personnelle des visiteurs de notre site. L&rsquo;utilisation se fait aux risques et p\u00e9rils de l&rsquo;utilisateur. Nous d\u00e9clinons toute responsabilit\u00e9 quant \u00e0 l&rsquo;utilisation du site.<\/p>\t\t\t\t\t\t\t\t<\/div>\n\t\t\t\t<\/div>\n\t\t\t\t<\/div>\n\t\t\t\t\t<\/div>\n\t\t\t\t<\/div>\n\t\t\t\t<\/div>\n\t\t","protected":false},"excerpt":{"rendered":"<p>Mentions l\u00e9gales Responsable du contenu EUROPA DONNA Suisse3000 BerneE-Mail: info@europadonna.ch Conception &amp; design SUPERSCRIPT GmbHJulia Curty R\u00e9alisation &amp; exploitation SmartKMUJael Sch\u00fctz Copyright Tous les contenus du site web (textes, images, logo, etc.) et le webdesign sont soumis au Copyright \u00a9 by Europa Donna Suisse. Clause de non-responsabilit\u00e9 Tous les contenus du site web d&rsquo;Europa Donna [&hellip;]<\/p>\n","protected":false},"author":2,"featured_media":0,"parent":0,"menu_order":0,"comment_status":"closed","ping_status":"closed","template":"","meta":{"footnotes":""},"class_list":["post-2993","page","type-page","status-publish","hentry"],"_links":{"self":[{"href":"https:\/\/europadonna.ch\/fr\/wp-json\/wp\/v2\/pages\/2993","targetHints":{"allow":["GET"]}}],"collection":[{"href":"https:\/\/europadonna.ch\/fr\/wp-json\/wp\/v2\/pages"}],"about":[{"href":"https:\/\/europadonna.ch\/fr\/wp-json\/wp\/v2\/types\/page"}],"author":[{"embeddable":true,"href":"https:\/\/europadonna.ch\/fr\/wp-json\/wp\/v2\/users\/2"}],"replies":[{"embeddable":true,"href":"https:\/\/europadonna.ch\/fr\/wp-json\/wp\/v2\/comments?post=2993"}],"version-history":[{"count":4,"href":"https:\/\/europadonna.ch\/fr\/wp-json\/wp\/v2\/pages\/2993\/revisions"}],"predecessor-version":[{"id":3226,"href":"https:\/\/europadonna.ch\/fr\/wp-json\/wp\/v2\/pages\/2993\/revisions\/3226"}],"wp:attachment":[{"href":"https:\/\/europadonna.ch\/fr\/wp-json\/wp\/v2\/media?parent=2993"}],"curies":[{"name":"wp","href":"https:\/\/api.w.org\/{rel}","templated":true}]}}