{"id":3874,"date":"2025-06-24T14:46:24","date_gmt":"2025-06-24T12:46:24","guid":{"rendered":"https:\/\/europadonna.ch\/telechargements\/"},"modified":"2025-12-31T16:05:21","modified_gmt":"2025-12-31T15:05:21","slug":"telechargements","status":"publish","type":"page","link":"https:\/\/europadonna.ch\/fr\/telechargements\/","title":{"rendered":"T\u00e9l\u00e9chargements"},"content":{"rendered":"<h1>T\u00e9l\u00e9chargements<\/h1>\n<h4>Rapports annuels &amp; statuts<\/h4>\n<ul>\n<li>\n\t\t\t\t\t\t\t\t\t\t\t<a href=\"https:\/\/europadonna.ch\/wp-content\/uploads\/2025\/06\/Status-ED-Suisse-FR-2025-05-17.pdf\" target=\"_blank\"><br \/>\n\t\t\t\t\t\t\t\t\t\tStatuts<br \/>\n\t\t\t\t\t\t\t\t\t\t\t<\/a>\n\t\t\t\t\t\t\t\t\t<\/li>\n<li>\n\t\t\t\t\t\t\t\t\t\tRapport annuel 2025\n\t\t\t\t\t\t\t\t\t<\/li>\n<li>\n\t\t\t\t\t\t\t\t\t\t\t<a href=\"https:\/\/europadonna.ch\/wp-content\/uploads\/2025\/06\/jahresbericht_2024.pdf\" target=\"_blank\"><br \/>\n\t\t\t\t\t\t\t\t\t\tRapport annuel 2024<br \/>\n\t\t\t\t\t\t\t\t\t\t\t<\/a>\n\t\t\t\t\t\t\t\t\t<\/li>\n<li>\n\t\t\t\t\t\t\t\t\t\t\t<a href=\"https:\/\/europadonna.ch\/wp-content\/uploads\/2025\/06\/jahresbericht_2023.pdf\" target=\"_blank\"><br \/>\n\t\t\t\t\t\t\t\t\t\tRapport annuel 2023<br \/>\n\t\t\t\t\t\t\t\t\t\t\t<\/a>\n\t\t\t\t\t\t\t\t\t<\/li>\n<li>\n\t\t\t\t\t\t\t\t\t\t\t<a href=\"https:\/\/europadonna.ch\/wp-content\/uploads\/2025\/07\/lay_eds_jahresbericht_2021_1d_web.pdf\" target=\"_blank\"><br \/>\n\t\t\t\t\t\t\t\t\t\tRapport annuel 2021<br \/>\n\t\t\t\t\t\t\t\t\t\t\t<\/a>\n\t\t\t\t\t\t\t\t\t<\/li>\n<li>\n\t\t\t\t\t\t\t\t\t\t\t<a href=\"https:\/\/europadonna.ch\/wp-content\/uploads\/2025\/07\/lay_eds_jahresbericht_2020_1b_web_1.pdf\" target=\"_blank\"><br \/>\n\t\t\t\t\t\t\t\t\t\tRapport annuel 2020<br \/>\n\t\t\t\t\t\t\t\t\t\t\t<\/a>\n\t\t\t\t\t\t\t\t\t<\/li>\n<li>\n\t\t\t\t\t\t\t\t\t\t\t<a href=\"https:\/\/europadonna.ch\/wp-content\/uploads\/2025\/07\/lay_eds_jahresbericht_2019_1d_web.pdf\" target=\"_blank\"><br \/>\n\t\t\t\t\t\t\t\t\t\tRapport annuel 2019<br \/>\n\t\t\t\t\t\t\t\t\t\t\t<\/a>\n\t\t\t\t\t\t\t\t\t<\/li>\n<li>\n\t\t\t\t\t\t\t\t\t\t\t<a href=\"https:\/\/europadonna.ch\/wp-content\/uploads\/2025\/07\/eds_jahresbericht_2018_web.pdf\" target=\"_blank\"><br \/>\n\t\t\t\t\t\t\t\t\t\tRapport annuel 2018<br \/>\n\t\t\t\t\t\t\t\t\t\t\t<\/a>\n\t\t\t\t\t\t\t\t\t<\/li>\n<li>\n\t\t\t\t\t\t\t\t\t\t\t<a href=\"https:\/\/europadonna.ch\/wp-content\/uploads\/2025\/07\/lay_eds_jahresbericht_2017_1d_web.pdf\" target=\"_blank\"><br \/>\n\t\t\t\t\t\t\t\t\t\tRapport annuel 2017<br \/>\n\t\t\t\t\t\t\t\t\t\t\t<\/a>\n\t\t\t\t\t\t\t\t\t<\/li>\n<li>\n\t\t\t\t\t\t\t\t\t\t\t<a href=\"https:\/\/europadonna.ch\/wp-content\/uploads\/2025\/06\/jahresbericht_2016.pdf\" target=\"_blank\"><br \/>\n\t\t\t\t\t\t\t\t\t\tRapport annuel 2016<br \/>\n\t\t\t\t\t\t\t\t\t\t\t<\/a>\n\t\t\t\t\t\t\t\t\t<\/li>\n<li>\n\t\t\t\t\t\t\t\t\t\t\t<a href=\"https:\/\/europadonna.ch\/wp-content\/uploads\/2025\/07\/r_trospective_2015_fr.pdf\" target=\"_blank\"><br \/>\n\t\t\t\t\t\t\t\t\t\tRapport annuel 2015<br \/>\n\t\t\t\t\t\t\t\t\t\t\t<\/a>\n\t\t\t\t\t\t\t\t\t<\/li>\n<li>\n\t\t\t\t\t\t\t\t\t\t\t<a href=\"https:\/\/europadonna.ch\/wp-content\/uploads\/2025\/07\/rapport_annuel_fr_2014.pdf\" target=\"_blank\"><br \/>\n\t\t\t\t\t\t\t\t\t\tRapport annuel 2014<br \/>\n\t\t\t\t\t\t\t\t\t\t\t<\/a>\n\t\t\t\t\t\t\t\t\t<\/li>\n<li>\n\t\t\t\t\t\t\t\t\t\t\t<a href=\"https:\/\/europadonna.ch\/wp-content\/uploads\/2025\/07\/jahresbericht_2013.pdf\" target=\"_blank\"><br \/>\n\t\t\t\t\t\t\t\t\t\tRapport annuel 2013<br \/>\n\t\t\t\t\t\t\t\t\t\t\t<\/a>\n\t\t\t\t\t\t\t\t\t<\/li>\n<li>\n\t\t\t\t\t\t\t\t\t\t\t<a href=\"https:\/\/europadonna.ch\/wp-content\/uploads\/2025\/07\/jahresbericht_2012.pdf\" target=\"_blank\"><br \/>\n\t\t\t\t\t\t\t\t\t\tRapport annuel 2012<br \/>\n\t\t\t\t\t\t\t\t\t\t\t<\/a>\n\t\t\t\t\t\t\t\t\t<\/li>\n<\/ul>\n<h4>Brochures et mat\u00e9riel d&rsquo;information<\/h4>\n<ul>\n<li>\n\t\t\t\t\t\t\t\t\t\t\t<a href=\"https:\/\/europadonna.ch\/wp-content\/uploads\/2025\/07\/cancer_du_sein_avant_la_m_nopause.pdf\" target=\"_blank\"><br \/>\n\t\t\t\t\t\t\t\t\t\tCancer du sein avant la m\u00e9nopause &#8211; traitement hormonal pr\u00e9ventif<br \/>\n\t\t\t\t\t\t\t\t\t\t\t<\/a>\n\t\t\t\t\t\t\t\t\t<\/li>\n<li>\n\t\t\t\t\t\t\t\t\t\t\t<a href=\"https:\/\/europadonna.ch\/wp-content\/uploads\/2025\/07\/einlageblatt_brustkrebs_fr_e2.pdf\" target=\"_blank\"><br \/>\n\t\t\t\t\t\t\t\t\t\tNouvelles d\u00e9couvertes pour la th\u00e9rapie antihormonale<br \/>\n\t\t\t\t\t\t\t\t\t\t\t<\/a>\n\t\t\t\t\t\t\t\t\t<\/li>\n<li>\n\t\t\t\t\t\t\t\t\t\t\t<a href=\"https:\/\/europadonna.ch\/wp-content\/uploads\/2025\/07\/2008_guidetoguidelines_franz.pdf\" target=\"_blank\"><br \/>\n\t\t\t\t\t\t\t\t\t\tGuide r\u00e9sumant les recommandations europ\u00e9ennes pour l&rsquo;assurance de qualit\u00e9 dans le d\u00e9pistage et le diagnostic du cancer du sein<br \/>\n\t\t\t\t\t\t\t\t\t\t\t<\/a>\n\t\t\t\t\t\t\t\t\t<\/li>\n<li>\n\t\t\t\t\t\t\t\t\t\t\t<a href=\"https:\/\/europadonna.ch\/wp-content\/uploads\/2025\/07\/larbre_magique_flyer_fr-1.pdf\" target=\"_blank\"><br \/>\n\t\t\t\t\t\t\t\t\t\tL&rsquo;Arbre magique \u2013 Une appli gratuite pour les parents concern\u00e9s et leurs enfants<br \/>\n\t\t\t\t\t\t\t\t\t\t\t<\/a>\n\t\t\t\t\t\t\t\t\t<\/li>\n<li>\n\t\t\t\t\t\t\t\t\t\t\t<a href=\"mailto:sekretariat@europadonna.ch\" target=\"_blank\"><br \/>\n\t\t\t\t\t\t\t\t\t\tIl s&rsquo;agit de moi ! Un guide personnel pour la femme atteinte d&rsquo;un cancer du sein m\u00e9tastatique \u2013 Commande gratuite pour patientes<br \/>\n\t\t\t\t\t\t\t\t\t\t\t<\/a>\n\t\t\t\t\t\t\t\t\t<\/li>\n<li>\n\t\t\t\t\t\t\t\t\t\t\t<a href=\"https:\/\/europadonna.ch\/wp-content\/uploads\/2025\/08\/A5-Tavola-Rosa-Ti_2025_2026.pdf\" target=\"_blank\"><br \/>\n\t\t\t\t\t\t\t\t\t\tProgramme Tavola Rosa Ticino<br \/>\n\t\t\t\t\t\t\t\t\t\t\t<\/a>\n\t\t\t\t\t\t\t\t\t<\/li>\n<\/ul>\n<p>Si vous d\u00e9sirez nos publications en forme imprim\u00e9e, vous pouvez les commander gratuitement\u00a0<a href=\"mailto:sekretariat@europadonna.ch\">aupr\u00e8s de notre secr\u00e9tariat central<\/a>.<\/p>\n","protected":false},"excerpt":{"rendered":"<p>T\u00e9l\u00e9chargements Rapports annuels &amp; statuts Statuts Rapport annuel 2025 Rapport annuel 2024 Rapport annuel 2023 Rapport annuel 2021 Rapport annuel 2020 Rapport annuel 2019 Rapport annuel 2018 Rapport annuel 2017 Rapport annuel 2016 Rapport annuel 2015 Rapport annuel 2014 Rapport annuel 2013 Rapport annuel 2012 Brochures et mat\u00e9riel d&rsquo;information Cancer du sein avant la m\u00e9nopause [&hellip;]<\/p>\n","protected":false},"author":2,"featured_media":0,"parent":0,"menu_order":0,"comment_status":"closed","ping_status":"closed","template":"","meta":{"footnotes":""},"class_list":["post-3874","page","type-page","status-publish","hentry"],"_links":{"self":[{"href":"https:\/\/europadonna.ch\/fr\/wp-json\/wp\/v2\/pages\/3874","targetHints":{"allow":["GET"]}}],"collection":[{"href":"https:\/\/europadonna.ch\/fr\/wp-json\/wp\/v2\/pages"}],"about":[{"href":"https:\/\/europadonna.ch\/fr\/wp-json\/wp\/v2\/types\/page"}],"author":[{"embeddable":true,"href":"https:\/\/europadonna.ch\/fr\/wp-json\/wp\/v2\/users\/2"}],"replies":[{"embeddable":true,"href":"https:\/\/europadonna.ch\/fr\/wp-json\/wp\/v2\/comments?post=3874"}],"version-history":[{"count":19,"href":"https:\/\/europadonna.ch\/fr\/wp-json\/wp\/v2\/pages\/3874\/revisions"}],"predecessor-version":[{"id":5349,"href":"https:\/\/europadonna.ch\/fr\/wp-json\/wp\/v2\/pages\/3874\/revisions\/5349"}],"wp:attachment":[{"href":"https:\/\/europadonna.ch\/fr\/wp-json\/wp\/v2\/media?parent=3874"}],"curies":[{"name":"wp","href":"https:\/\/api.w.org\/{rel}","templated":true}]}}