{"id":4052,"date":"2025-06-12T11:41:45","date_gmt":"2025-06-12T09:41:45","guid":{"rendered":"https:\/\/europadonna.ch\/portrait-objectifs\/"},"modified":"2025-07-15T08:09:08","modified_gmt":"2025-07-15T06:09:08","slug":"portrait-objectifs","status":"publish","type":"page","link":"https:\/\/europadonna.ch\/fr\/portrait-objectifs\/","title":{"rendered":"Portrait &amp; objectifs"},"content":{"rendered":"\t\t<div data-elementor-type=\"wp-page\" data-elementor-id=\"4052\" class=\"elementor elementor-4052 elementor-1978\" data-elementor-post-type=\"page\">\n\t\t\t\t<div class=\"elementor-element elementor-element-db04ad9 e-flex e-con-boxed e-con e-parent\" data-id=\"db04ad9\" data-element_type=\"container\" data-e-type=\"container\" data-settings=\"{&quot;background_background&quot;:&quot;classic&quot;}\">\n\t\t\t\t\t<div class=\"e-con-inner\">\n\t\t\t\t<div class=\"elementor-element elementor-element-f148a3f elementor-widget__width-inherit elementor-widget elementor-widget-heading\" data-id=\"f148a3f\" data-element_type=\"widget\" data-e-type=\"widget\" data-widget_type=\"heading.default\">\n\t\t\t\t<div class=\"elementor-widget-container\">\n\t\t\t\t\t<h1 class=\"elementor-heading-title elementor-size-default\">Portrait<\/h1>\t\t\t\t<\/div>\n\t\t\t\t<\/div>\n\t\t<div class=\"elementor-element elementor-element-5228855 e-con-full e-flex e-con e-child\" data-id=\"5228855\" data-element_type=\"container\" data-e-type=\"container\">\n\t\t\t\t<div class=\"elementor-element elementor-element-b995bf8 elementor-widget__width-inherit elementor-widget-tablet__width-initial elementor-widget-mobile__width-inherit elementor-widget elementor-widget-image\" data-id=\"b995bf8\" data-element_type=\"widget\" data-e-type=\"widget\" data-widget_type=\"image.default\">\n\t\t\t\t<div class=\"elementor-widget-container\">\n\t\t\t\t\t\t\t\t\t\t\t\t\t\t\t<img fetchpriority=\"high\" decoding=\"async\" width=\"800\" height=\"425\" src=\"https:\/\/europadonna.ch\/wp-content\/uploads\/2025\/06\/Vorstand-Portrait-1024x544.jpg\" class=\"attachment-large size-large wp-image-1980\" alt=\"\" srcset=\"https:\/\/europadonna.ch\/wp-content\/uploads\/2025\/06\/Vorstand-Portrait-1024x544.jpg 1024w, https:\/\/europadonna.ch\/wp-content\/uploads\/2025\/06\/Vorstand-Portrait-300x159.jpg 300w, https:\/\/europadonna.ch\/wp-content\/uploads\/2025\/06\/Vorstand-Portrait-768x408.jpg 768w, https:\/\/europadonna.ch\/wp-content\/uploads\/2025\/06\/Vorstand-Portrait-1536x816.jpg 1536w, https:\/\/europadonna.ch\/wp-content\/uploads\/2025\/06\/Vorstand-Portrait-600x319.jpg 600w, https:\/\/europadonna.ch\/wp-content\/uploads\/2025\/06\/Vorstand-Portrait.jpg 2048w\" sizes=\"(max-width: 800px) 100vw, 800px\" \/>\t\t\t\t\t\t\t\t\t\t\t\t\t\t\t<\/div>\n\t\t\t\t<\/div>\n\t\t<div class=\"elementor-element elementor-element-7ccc18f e-con-full e-flex e-con e-child\" data-id=\"7ccc18f\" data-element_type=\"container\" data-e-type=\"container\" data-settings=\"{&quot;background_background&quot;:&quot;classic&quot;}\">\n\t\t\t\t<div class=\"elementor-element elementor-element-ce81842 elementor-widget elementor-widget-text-editor\" data-id=\"ce81842\" data-element_type=\"widget\" data-e-type=\"widget\" data-widget_type=\"text-editor.default\">\n\t\t\t\t<div class=\"elementor-widget-container\">\n\t\t\t\t\t\t\t\t\t<p>En tant que membre de la Coalition europ\u00e9enne contre le cancer du sein, EUROPA DONNA SUISSE s&rsquo;engage pour que toutes les femmes en Suisse aient acc\u00e8s \u00e0 des mammographies de d\u00e9pistage de qualit\u00e9 contr\u00f4l\u00e9e.<\/p>\t\t\t\t\t\t\t\t<\/div>\n\t\t\t\t<\/div>\n\t\t\t\t<div class=\"elementor-element elementor-element-13c3803 elementor-widget elementor-widget-heading\" data-id=\"13c3803\" data-element_type=\"widget\" data-e-type=\"widget\" data-widget_type=\"heading.default\">\n\t\t\t\t<div class=\"elementor-widget-container\">\n\t\t\t\t\t<span class=\"elementor-heading-title elementor-size-default\"><a href=\"https:\/\/www.europadonna.org\/\" target=\"_blank\" rel=\"noopener\">Site web Europa Donna International<\/a><\/span>\t\t\t\t<\/div>\n\t\t\t\t<\/div>\n\t\t\t\t<\/div>\n\t\t\t\t<\/div>\n\t\t<div class=\"elementor-element elementor-element-57fee17 e-con-full e-flex e-con e-child\" data-id=\"57fee17\" data-element_type=\"container\" data-e-type=\"container\">\n\t\t\t\t<div class=\"elementor-element elementor-element-ed7420e elementor-widget__width-inherit elementor-widget elementor-widget-text-editor\" data-id=\"ed7420e\" data-element_type=\"widget\" data-e-type=\"widget\" data-widget_type=\"text-editor.default\">\n\t\t\t\t<div class=\"elementor-widget-container\">\n\t\t\t\t\t\t\t\t\t<p><strong>EUROPA DONNA Suisse &#8211; le forum suisse du cancer du sein<\/strong><\/p><p>EUROPA DONNA Suisse est une organisation de femmes concern\u00e9es par le cancer du sein, de m\u00e9decins, de politiciennes, ainsi que d\u2019autres personnalit\u00e9s publiques. Nous nous engageons pour que toutes les femmes en Suisse aient acc\u00e8s \u00e0 un d\u00e9pistage pr\u00e9coce, un traitement et un suivi optimal en cas de cancer du sein. <\/p><p>Nous sommes membres de l&rsquo;European Breast Cancer Coalition et nous sommes la seule organisation de patientes pour les femmes atteintes du cancer du sein en Suisse, qui d\u00e9fende \u00e9galement ses int\u00e9r\u00eats au niveau politique.<\/p><p>De plus, nous nous engageons activement pour l&rsquo;\u00e9change et le soutien mutuel des personnes concern\u00e9es avec nos Tavole Rose, \u00ab Les personnes concern\u00e9es soutiennent les personnes concern\u00e9es \u00bb.<\/p>\t\t\t\t\t\t\t\t<\/div>\n\t\t\t\t<\/div>\n\t\t<div class=\"elementor-element elementor-element-abd5a31 e-con-full e-flex e-con e-child\" data-id=\"abd5a31\" data-element_type=\"container\" data-e-type=\"container\">\n\t\t\t\t<div class=\"elementor-element elementor-element-686baf5 elementor-align-justify elementor-widget__width-initial elementor-widget elementor-widget-button\" data-id=\"686baf5\" data-element_type=\"widget\" data-e-type=\"widget\" data-widget_type=\"button.default\">\n\t\t\t\t<div class=\"elementor-widget-container\">\n\t\t\t\t\t\t\t\t\t<div class=\"elementor-button-wrapper\">\n\t\t\t\t\t<a class=\"elementor-button elementor-button-link elementor-size-sm\" href=\"https:\/\/europadonna.ch\/fr\/devenir-membre\/\">\n\t\t\t\t\t\t<span class=\"elementor-button-content-wrapper\">\n\t\t\t\t\t\t\t\t\t<span class=\"elementor-button-text\">Devenir membre<\/span>\n\t\t\t\t\t<\/span>\n\t\t\t\t\t<\/a>\n\t\t\t\t<\/div>\n\t\t\t\t\t\t\t\t<\/div>\n\t\t\t\t<\/div>\n\t\t\t\t<div class=\"elementor-element elementor-element-cecd3bb elementor-align-justify elementor-widget__width-initial elementor-widget elementor-widget-button\" data-id=\"cecd3bb\" data-element_type=\"widget\" data-e-type=\"widget\" data-widget_type=\"button.default\">\n\t\t\t\t<div class=\"elementor-widget-container\">\n\t\t\t\t\t\t\t\t\t<div class=\"elementor-button-wrapper\">\n\t\t\t\t\t<a class=\"elementor-button elementor-button-link elementor-size-sm\" href=\"https:\/\/europadonna.ch\/fr\/devenir-membre\/\">\n\t\t\t\t\t\t<span class=\"elementor-button-content-wrapper\">\n\t\t\t\t\t\t\t\t\t<span class=\"elementor-button-text\">Parrainage<\/span>\n\t\t\t\t\t<\/span>\n\t\t\t\t\t<\/a>\n\t\t\t\t<\/div>\n\t\t\t\t\t\t\t\t<\/div>\n\t\t\t\t<\/div>\n\t\t\t\t<\/div>\n\t\t\t\t<\/div>\n\t\t\t\t\t<\/div>\n\t\t\t\t<\/div>\n\t\t<div class=\"elementor-element elementor-element-e016c94 e-flex e-con-boxed e-con e-parent\" data-id=\"e016c94\" data-element_type=\"container\" data-e-type=\"container\">\n\t\t\t\t\t<div class=\"e-con-inner\">\n\t\t\t\t<div class=\"elementor-element elementor-element-6cedf67 elementor-widget__width-inherit elementor-widget elementor-widget-heading\" data-id=\"6cedf67\" data-element_type=\"widget\" data-e-type=\"widget\" data-widget_type=\"heading.default\">\n\t\t\t\t<div class=\"elementor-widget-container\">\n\t\t\t\t\t<h1 class=\"elementor-heading-title elementor-size-default\">Nos objectifs<\/h1>\t\t\t\t<\/div>\n\t\t\t\t<\/div>\n\t\t<div class=\"elementor-element elementor-element-e56242a e-con-full e-flex e-con e-child\" data-id=\"e56242a\" data-element_type=\"container\" data-e-type=\"container\">\n\t\t\t\t<div class=\"elementor-element elementor-element-1e359a1 elementor-widget elementor-widget-text-editor\" data-id=\"1e359a1\" data-element_type=\"widget\" data-e-type=\"widget\" data-widget_type=\"text-editor.default\">\n\t\t\t\t<div class=\"elementor-widget-container\">\n\t\t\t\t\t\t\t\t\t<h2>Les 10 objectifs d&rsquo;Europa Donna International, \u00e9galement poursuivis par EUROPA DONNA Suisse<\/h2><p><span style=\"font-weight: normal;\">(nos principaux objectifs actuels sont indiqu\u00e9s ici en gras)<\/span><\/p><p>1. <b>diffuser et \u00e9changer des informations sur la pr\u00e9vention, le d\u00e9pistage, le traitement, le suivi et la recherche<\/b> <b>en mati\u00e8re de cancer du sein dans toute l&rsquo;Europe<\/b><\/p><p><b>2. sensibiliser le public au cancer du sein (roadshow avec Pink Cube)<\/b><\/p><p><b>3. Se battre pour la pr\u00e9vention, le d\u00e9pistage et la d\u00e9tection pr\u00e9coce<\/b> (rendre publiques les in\u00e9galit\u00e9s dans le domaine de la d\u00e9tection pr\u00e9coce dans les cantons. Ne pas montrer au public l&rsquo;\u00e9galit\u00e9 des droits d&rsquo;acc\u00e8s \u00e0 la d\u00e9tection pr\u00e9coce \u00e0 l&rsquo;aide de politiciens* et d&rsquo;interventions dans les m\u00e9dias).<\/p><p><b>4. Rendre accessibles partout les m\u00e9thodes d&rsquo;examen appropri\u00e9es pour le d\u00e9pistage et la d\u00e9tection pr\u00e9coces<\/b> (droits \u00e9gaux pour tous en mati\u00e8re d&rsquo;acc\u00e8s aux programmes de d\u00e9pistage, ce qui n&rsquo;est pas encore appliqu\u00e9 en Suisse)<\/p><p><b>5. assurer le meilleur soutien possible pendant et apr\u00e8s un traitement (Tavole Rose, Fit &amp; Fun courses, blog sur la nutrition)<\/b><\/p><p>6. promouvoir l&rsquo;\u00e9ducation et la formation du personnel de sant\u00e9 qui s&rsquo;occupe des femmes atteintes d&rsquo;un cancer du sein<\/p><p>7. faire conna\u00eetre les derni\u00e8res et les meilleures possibilit\u00e9s de traitement<\/p><p>8. s&rsquo;engager pour une utilisation optimale des appareils techniques<\/p><p>9. rendre accessibles les informations sur les possibilit\u00e9s d&rsquo;examen et de traitement \u2013 indiquer la possibilit\u00e9 d&rsquo;un deuxi\u00e8me avis<\/p><p>10. soutenir la mise \u00e0 disposition de moyens financiers pour la recherche sur le cancer<\/p>\t\t\t\t\t\t\t\t<\/div>\n\t\t\t\t<\/div>\n\t\t\t\t<\/div>\n\t\t\t\t\t<\/div>\n\t\t\t\t<\/div>\n\t\t\t\t<\/div>\n\t\t","protected":false},"excerpt":{"rendered":"<p>Portrait En tant que membre de la Coalition europ\u00e9enne contre le cancer du sein, EUROPA DONNA SUISSE s&rsquo;engage pour que toutes les femmes en Suisse aient acc\u00e8s \u00e0 des mammographies de d\u00e9pistage de qualit\u00e9 contr\u00f4l\u00e9e. Site web Europa Donna International EUROPA DONNA Suisse &#8211; le forum suisse du cancer du sein EUROPA DONNA Suisse est [&hellip;]<\/p>\n","protected":false},"author":2,"featured_media":0,"parent":0,"menu_order":0,"comment_status":"closed","ping_status":"closed","template":"","meta":{"footnotes":""},"class_list":["post-4052","page","type-page","status-publish","hentry"],"_links":{"self":[{"href":"https:\/\/europadonna.ch\/fr\/wp-json\/wp\/v2\/pages\/4052","targetHints":{"allow":["GET"]}}],"collection":[{"href":"https:\/\/europadonna.ch\/fr\/wp-json\/wp\/v2\/pages"}],"about":[{"href":"https:\/\/europadonna.ch\/fr\/wp-json\/wp\/v2\/types\/page"}],"author":[{"embeddable":true,"href":"https:\/\/europadonna.ch\/fr\/wp-json\/wp\/v2\/users\/2"}],"replies":[{"embeddable":true,"href":"https:\/\/europadonna.ch\/fr\/wp-json\/wp\/v2\/comments?post=4052"}],"version-history":[{"count":3,"href":"https:\/\/europadonna.ch\/fr\/wp-json\/wp\/v2\/pages\/4052\/revisions"}],"predecessor-version":[{"id":4227,"href":"https:\/\/europadonna.ch\/fr\/wp-json\/wp\/v2\/pages\/4052\/revisions\/4227"}],"wp:attachment":[{"href":"https:\/\/europadonna.ch\/fr\/wp-json\/wp\/v2\/media?parent=4052"}],"curies":[{"name":"wp","href":"https:\/\/api.w.org\/{rel}","templated":true}]}}