{"id":4062,"date":"2025-06-12T13:29:09","date_gmt":"2025-06-12T11:29:09","guid":{"rendered":"https:\/\/europadonna.ch\/financement-statuts\/"},"modified":"2025-07-23T16:59:33","modified_gmt":"2025-07-23T14:59:33","slug":"financement-statuts","status":"publish","type":"page","link":"https:\/\/europadonna.ch\/fr\/financement-statuts\/","title":{"rendered":"Financement &amp; statuts"},"content":{"rendered":"\t\t<div data-elementor-type=\"wp-page\" data-elementor-id=\"4062\" class=\"elementor elementor-4062 elementor-2037\" data-elementor-post-type=\"page\">\n\t\t\t\t<div class=\"elementor-element elementor-element-db04ad9 e-flex e-con-boxed e-con e-parent\" data-id=\"db04ad9\" data-element_type=\"container\" data-e-type=\"container\" data-settings=\"{&quot;background_background&quot;:&quot;classic&quot;}\">\n\t\t\t\t\t<div class=\"e-con-inner\">\n\t\t\t\t<div class=\"elementor-element elementor-element-f148a3f elementor-widget__width-inherit elementor-widget elementor-widget-heading\" data-id=\"f148a3f\" data-element_type=\"widget\" data-e-type=\"widget\" data-widget_type=\"heading.default\">\n\t\t\t\t<div class=\"elementor-widget-container\">\n\t\t\t\t\t<h1 class=\"elementor-heading-title elementor-size-default\">Financement &amp; statuts<\/h1>\t\t\t\t<\/div>\n\t\t\t\t<\/div>\n\t\t<div class=\"elementor-element elementor-element-57fee17 e-con-full e-flex e-con e-child\" data-id=\"57fee17\" data-element_type=\"container\" data-e-type=\"container\">\n\t\t\t\t<div class=\"elementor-element elementor-element-ed7420e elementor-widget__width-inherit elementor-widget elementor-widget-text-editor\" data-id=\"ed7420e\" data-element_type=\"widget\" data-e-type=\"widget\" data-widget_type=\"text-editor.default\">\n\t\t\t\t<div class=\"elementor-widget-container\">\n\t\t\t\t\t\t\t\t\t<p><strong>Qui soutient Europa Donna Suisse ?<\/strong><\/p><p>Europa Donna est la repr\u00e9sentante l\u00e9gitime des int\u00e9r\u00eats des femmes atteintes d&rsquo;un cancer du sein. L&rsquo;organisation agit \u00e0 l&rsquo;\u00e9chelle nationale et joue un r\u00f4le de pr\u00e9curseur. Europa Donna veut que l&rsquo;exp\u00e9rience des femmes atteintes d&rsquo;un cancer du sein soit prise en compte dans les d\u00e9cisions politiques, administratives et de sant\u00e9 publique. L&rsquo;organisation apporte le point de vue des personnes concern\u00e9es de mani\u00e8re fond\u00e9e, inform\u00e9e et constructive. Europa Donna dispose d&rsquo;un large r\u00e9seau et est consid\u00e9r\u00e9e comme une organisation partenaire respect\u00e9e et cr\u00e9dible. La majorit\u00e9 des membres du comit\u00e9 sont eux-m\u00eames touch\u00e9s par le cancer du sein et s&rsquo;engagent b\u00e9n\u00e9volement.<\/p><p>Nous finan\u00e7ons nos activit\u00e9s au moyen de :<\/p><p>\u2013 les cotisations des membres<br>\u2013 les dons<br>\u2013 les contributions des sponsors<br>\u2013 la vente d&rsquo;articles de solidarit\u00e9 EDS<br>\u2013 d&rsquo;autres actions.<\/p><p>Nous utilisons les moyens financiers qui nous sont confi\u00e9s de mani\u00e8re efficace et cibl\u00e9e. Nous informons ouvertement sur leur utilisation. Notre rapport annuel et nos comptes annuels sont publi\u00e9s avant l&rsquo;Assembl\u00e9e des d\u00e9l\u00e9gu\u00e9s au printemps.<\/p>\t\t\t\t\t\t\t\t<\/div>\n\t\t\t\t<\/div>\n\t\t<div class=\"elementor-element elementor-element-abd5a31 e-con-full e-flex e-con e-child\" data-id=\"abd5a31\" data-element_type=\"container\" data-e-type=\"container\">\n\t\t\t\t<div class=\"elementor-element elementor-element-686baf5 elementor-align-justify elementor-widget elementor-widget-button\" data-id=\"686baf5\" data-element_type=\"widget\" data-e-type=\"widget\" data-widget_type=\"button.default\">\n\t\t\t\t<div class=\"elementor-widget-container\">\n\t\t\t\t\t\t\t\t\t<div class=\"elementor-button-wrapper\">\n\t\t\t\t\t<a class=\"elementor-button elementor-button-link elementor-size-sm\" href=\"https:\/\/europadonna.ch\/wp-content\/uploads\/2025\/06\/Status-ED-Suisse-FR-2025-05-17.pdf\" target=\"_blank\">\n\t\t\t\t\t\t<span class=\"elementor-button-content-wrapper\">\n\t\t\t\t\t\t\t\t\t<span class=\"elementor-button-text\">T\u00e9l\u00e9charger les statuts<\/span>\n\t\t\t\t\t<\/span>\n\t\t\t\t\t<\/a>\n\t\t\t\t<\/div>\n\t\t\t\t\t\t\t\t<\/div>\n\t\t\t\t<\/div>\n\t\t\t\t<\/div>\n\t\t\t\t<\/div>\n\t\t<div class=\"elementor-element elementor-element-5228855 e-con-full e-flex e-con e-child\" data-id=\"5228855\" data-element_type=\"container\" data-e-type=\"container\">\n\t\t\t\t<div class=\"elementor-element elementor-element-b995bf8 elementor-widget__width-inherit elementor-widget-tablet__width-initial elementor-widget-mobile__width-inherit elementor-widget elementor-widget-image\" data-id=\"b995bf8\" data-element_type=\"widget\" data-e-type=\"widget\" data-widget_type=\"image.default\">\n\t\t\t\t<div class=\"elementor-widget-container\">\n\t\t\t\t\t\t\t\t\t\t\t\t\t\t\t<img fetchpriority=\"high\" decoding=\"async\" width=\"800\" height=\"439\" src=\"https:\/\/europadonna.ch\/wp-content\/uploads\/2025\/06\/Finanzierung-Statuten-1024x562.jpg\" class=\"attachment-large size-large wp-image-2044\" alt=\"\" srcset=\"https:\/\/europadonna.ch\/wp-content\/uploads\/2025\/06\/Finanzierung-Statuten-1024x562.jpg 1024w, https:\/\/europadonna.ch\/wp-content\/uploads\/2025\/06\/Finanzierung-Statuten-300x165.jpg 300w, https:\/\/europadonna.ch\/wp-content\/uploads\/2025\/06\/Finanzierung-Statuten-768x422.jpg 768w, https:\/\/europadonna.ch\/wp-content\/uploads\/2025\/06\/Finanzierung-Statuten-1536x843.jpg 1536w, https:\/\/europadonna.ch\/wp-content\/uploads\/2025\/06\/Finanzierung-Statuten-600x329.jpg 600w, https:\/\/europadonna.ch\/wp-content\/uploads\/2025\/06\/Finanzierung-Statuten.jpg 2048w\" sizes=\"(max-width: 800px) 100vw, 800px\" \/>\t\t\t\t\t\t\t\t\t\t\t\t\t\t\t<\/div>\n\t\t\t\t<\/div>\n\t\t<div class=\"elementor-element elementor-element-7ccc18f e-con-full e-flex e-con e-child\" data-id=\"7ccc18f\" data-element_type=\"container\" data-e-type=\"container\" data-settings=\"{&quot;background_background&quot;:&quot;classic&quot;}\">\n\t\t\t\t<div class=\"elementor-element elementor-element-ce81842 elementor-widget elementor-widget-text-editor\" data-id=\"ce81842\" data-element_type=\"widget\" data-e-type=\"widget\" data-widget_type=\"text-editor.default\">\n\t\t\t\t<div class=\"elementor-widget-container\">\n\t\t\t\t\t\t\t\t\t<p><strong>Soutenez concr\u00e8tement EUROPA DONNA Suisse dans son engagement !<\/strong><\/p><p>Par exemple en faisant un don \u00e0 la table des habitu\u00e9s de Tavola Rosa ou en sponsorisant une course de Breast Friends !<\/p>\t\t\t\t\t\t\t\t<\/div>\n\t\t\t\t<\/div>\n\t\t\t\t<div class=\"elementor-element elementor-element-13c3803 elementor-widget elementor-widget-heading\" data-id=\"13c3803\" data-element_type=\"widget\" data-e-type=\"widget\" data-widget_type=\"heading.default\">\n\t\t\t\t<div class=\"elementor-widget-container\">\n\t\t\t\t\t<span class=\"elementor-heading-title elementor-size-default\"><a href=\"https:\/\/europadonna.ch\/fr\/contact\/\">Contactez-nous maintenant !<\/a><\/span>\t\t\t\t<\/div>\n\t\t\t\t<\/div>\n\t\t\t\t<\/div>\n\t\t\t\t<\/div>\n\t\t\t\t\t<\/div>\n\t\t\t\t<\/div>\n\t\t<div class=\"elementor-element elementor-element-e016c94 e-flex e-con-boxed e-con e-parent\" data-id=\"e016c94\" data-element_type=\"container\" data-e-type=\"container\" id=\"sponsoren\">\n\t\t\t\t\t<div class=\"e-con-inner\">\n\t\t\t\t<div class=\"elementor-element elementor-element-6cedf67 elementor-widget__width-inherit elementor-widget elementor-widget-heading\" data-id=\"6cedf67\" data-element_type=\"widget\" data-e-type=\"widget\" data-widget_type=\"heading.default\">\n\t\t\t\t<div class=\"elementor-widget-container\">\n\t\t\t\t\t<h1 class=\"elementor-heading-title elementor-size-default\">Soutiens &amp; sponsors<\/h1>\t\t\t\t<\/div>\n\t\t\t\t<\/div>\n\t\t\t\t<div class=\"elementor-element elementor-element-938a07b elementor-widget elementor-widget-gallery\" data-id=\"938a07b\" data-element_type=\"widget\" data-e-type=\"widget\" data-settings=\"{&quot;columns_tablet&quot;:3,&quot;columns_mobile&quot;:2,&quot;gap&quot;:{&quot;unit&quot;:&quot;px&quot;,&quot;size&quot;:30,&quot;sizes&quot;:[]},&quot;lazyload&quot;:&quot;yes&quot;,&quot;gallery_layout&quot;:&quot;grid&quot;,&quot;columns&quot;:4,&quot;gap_tablet&quot;:{&quot;unit&quot;:&quot;px&quot;,&quot;size&quot;:10,&quot;sizes&quot;:[]},&quot;gap_mobile&quot;:{&quot;unit&quot;:&quot;px&quot;,&quot;size&quot;:10,&quot;sizes&quot;:[]},&quot;link_to&quot;:&quot;file&quot;,&quot;aspect_ratio&quot;:&quot;3:2&quot;,&quot;content_hover_animation&quot;:&quot;fade-in&quot;}\" data-widget_type=\"gallery.default\">\n\t\t\t\t<div class=\"elementor-widget-container\">\n\t\t\t\t\t\t\t<div class=\"elementor-gallery__container\">\n\t\t\t\t\t\t\t<a class=\"e-gallery-item elementor-gallery-item elementor-animated-content\" href=\"https:\/\/europadonna.ch\/wp-content\/uploads\/2025\/06\/LillyLogo_RGB_Red.jpg\" data-elementor-open-lightbox=\"yes\" data-elementor-lightbox-slideshow=\"938a07b\" data-elementor-lightbox-title=\"Lilly master brand logo, JPG format, RGB (red), desktop publishi\" data-e-action-hash=\"#elementor-action%3Aaction%3Dlightbox%26settings%3DeyJpZCI6MjA0NiwidXJsIjoiaHR0cHM6XC9cL2V1cm9wYWRvbm5hLmNoXC93cC1jb250ZW50XC91cGxvYWRzXC8yMDI1XC8wNlwvTGlsbHlMb2dvX1JHQl9SZWQuanBnIiwic2xpZGVzaG93IjoiOTM4YTA3YiJ9\">\n\t\t\t\t\t<div class=\"e-gallery-image elementor-gallery-item__image\" data-thumbnail=\"https:\/\/europadonna.ch\/wp-content\/uploads\/2025\/06\/LillyLogo_RGB_Red-768x542.jpg\" data-width=\"768\" data-height=\"542\" aria-label=\"\" role=\"img\" ><\/div>\n\t\t\t\t\t\t\t\t\t\t\t\t\t\t<\/a>\n\t\t\t\t\t\t\t<a class=\"e-gallery-item elementor-gallery-item elementor-animated-content\" href=\"https:\/\/europadonna.ch\/wp-content\/uploads\/2025\/06\/img_novartis.jpg\" data-elementor-open-lightbox=\"yes\" data-elementor-lightbox-slideshow=\"938a07b\" data-elementor-lightbox-title=\"img_novartis\" data-e-action-hash=\"#elementor-action%3Aaction%3Dlightbox%26settings%3DeyJpZCI6MjA0NSwidXJsIjoiaHR0cHM6XC9cL2V1cm9wYWRvbm5hLmNoXC93cC1jb250ZW50XC91cGxvYWRzXC8yMDI1XC8wNlwvaW1nX25vdmFydGlzLmpwZyIsInNsaWRlc2hvdyI6IjkzOGEwN2IifQ%3D%3D\">\n\t\t\t\t\t<div class=\"e-gallery-image elementor-gallery-item__image\" data-thumbnail=\"https:\/\/europadonna.ch\/wp-content\/uploads\/2025\/06\/img_novartis-768x542.jpg\" data-width=\"768\" data-height=\"542\" aria-label=\"\" role=\"img\" ><\/div>\n\t\t\t\t\t\t\t\t\t\t\t\t\t\t<\/a>\n\t\t\t\t\t\t\t<a class=\"e-gallery-item elementor-gallery-item elementor-animated-content\" href=\"https:\/\/europadonna.ch\/wp-content\/uploads\/2025\/06\/logo_exact-sciences.png\" data-elementor-open-lightbox=\"yes\" data-elementor-lightbox-slideshow=\"938a07b\" data-elementor-lightbox-title=\"logo_exact-sciences\" data-e-action-hash=\"#elementor-action%3Aaction%3Dlightbox%26settings%3DeyJpZCI6MjA0NywidXJsIjoiaHR0cHM6XC9cL2V1cm9wYWRvbm5hLmNoXC93cC1jb250ZW50XC91cGxvYWRzXC8yMDI1XC8wNlwvbG9nb19leGFjdC1zY2llbmNlcy5wbmciLCJzbGlkZXNob3ciOiI5MzhhMDdiIn0%3D\">\n\t\t\t\t\t<div class=\"e-gallery-image elementor-gallery-item__image\" data-thumbnail=\"https:\/\/europadonna.ch\/wp-content\/uploads\/2025\/06\/logo_exact-sciences-768x542.png\" data-width=\"768\" data-height=\"542\" aria-label=\"\" role=\"img\" ><\/div>\n\t\t\t\t\t\t\t\t\t\t\t\t\t\t<\/a>\n\t\t\t\t\t\t\t<a class=\"e-gallery-item elementor-gallery-item elementor-animated-content\" href=\"https:\/\/europadonna.ch\/wp-content\/uploads\/2025\/06\/logo_gilead.png\" data-elementor-open-lightbox=\"yes\" data-elementor-lightbox-slideshow=\"938a07b\" data-elementor-lightbox-title=\"logo_gilead\" data-e-action-hash=\"#elementor-action%3Aaction%3Dlightbox%26settings%3DeyJpZCI6MjA0OCwidXJsIjoiaHR0cHM6XC9cL2V1cm9wYWRvbm5hLmNoXC93cC1jb250ZW50XC91cGxvYWRzXC8yMDI1XC8wNlwvbG9nb19naWxlYWQucG5nIiwic2xpZGVzaG93IjoiOTM4YTA3YiJ9\">\n\t\t\t\t\t<div class=\"e-gallery-image elementor-gallery-item__image\" data-thumbnail=\"https:\/\/europadonna.ch\/wp-content\/uploads\/2025\/06\/logo_gilead.png\" data-width=\"709\" data-height=\"500\" aria-label=\"\" role=\"img\" ><\/div>\n\t\t\t\t\t\t\t\t\t\t\t\t\t\t<\/a>\n\t\t\t\t\t\t\t<a class=\"e-gallery-item elementor-gallery-item elementor-animated-content\" href=\"https:\/\/europadonna.ch\/wp-content\/uploads\/2025\/06\/logo_msd_750w_website.jpg\" data-elementor-open-lightbox=\"yes\" data-elementor-lightbox-slideshow=\"938a07b\" data-elementor-lightbox-title=\"logo_msd_750w_website\" data-e-action-hash=\"#elementor-action%3Aaction%3Dlightbox%26settings%3DeyJpZCI6MjA0OSwidXJsIjoiaHR0cHM6XC9cL2V1cm9wYWRvbm5hLmNoXC93cC1jb250ZW50XC91cGxvYWRzXC8yMDI1XC8wNlwvbG9nb19tc2RfNzUwd193ZWJzaXRlLmpwZyIsInNsaWRlc2hvdyI6IjkzOGEwN2IifQ%3D%3D\">\n\t\t\t\t\t<div class=\"e-gallery-image elementor-gallery-item__image\" data-thumbnail=\"https:\/\/europadonna.ch\/wp-content\/uploads\/2025\/06\/logo_msd_750w_website.jpg\" data-width=\"750\" data-height=\"529\" aria-label=\"\" role=\"img\" ><\/div>\n\t\t\t\t\t\t\t\t\t\t\t\t\t\t<\/a>\n\t\t\t\t\t\t\t<a class=\"e-gallery-item elementor-gallery-item elementor-animated-content\" href=\"https:\/\/europadonna.ch\/wp-content\/uploads\/2025\/06\/logo_pfizer_neu.jpg\" data-elementor-open-lightbox=\"yes\" data-elementor-lightbox-slideshow=\"938a07b\" data-elementor-lightbox-title=\"logo_pfizer_neu\" data-e-action-hash=\"#elementor-action%3Aaction%3Dlightbox%26settings%3DeyJpZCI6MjA1MCwidXJsIjoiaHR0cHM6XC9cL2V1cm9wYWRvbm5hLmNoXC93cC1jb250ZW50XC91cGxvYWRzXC8yMDI1XC8wNlwvbG9nb19wZml6ZXJfbmV1LmpwZyIsInNsaWRlc2hvdyI6IjkzOGEwN2IifQ%3D%3D\">\n\t\t\t\t\t<div class=\"e-gallery-image elementor-gallery-item__image\" data-thumbnail=\"https:\/\/europadonna.ch\/wp-content\/uploads\/2025\/06\/logo_pfizer_neu-768x542.jpg\" data-width=\"768\" data-height=\"542\" aria-label=\"\" role=\"img\" ><\/div>\n\t\t\t\t\t\t\t\t\t\t\t\t\t\t<\/a>\n\t\t\t\t\t\t\t<a class=\"e-gallery-item elementor-gallery-item elementor-animated-content\" href=\"https:\/\/europadonna.ch\/wp-content\/uploads\/2025\/06\/Roche_Logo_800px_Blue_RGB_Roche_Logo_RGB_web2.jpg\" data-elementor-open-lightbox=\"yes\" data-elementor-lightbox-slideshow=\"938a07b\" data-elementor-lightbox-title=\"Roche_Logo_800px_Blue_RGB_Roche_Logo_RGB_web2\" data-e-action-hash=\"#elementor-action%3Aaction%3Dlightbox%26settings%3DeyJpZCI6MjA1MSwidXJsIjoiaHR0cHM6XC9cL2V1cm9wYWRvbm5hLmNoXC93cC1jb250ZW50XC91cGxvYWRzXC8yMDI1XC8wNlwvUm9jaGVfTG9nb184MDBweF9CbHVlX1JHQl9Sb2NoZV9Mb2dvX1JHQl93ZWIyLmpwZyIsInNsaWRlc2hvdyI6IjkzOGEwN2IifQ%3D%3D\">\n\t\t\t\t\t<div class=\"e-gallery-image elementor-gallery-item__image\" data-thumbnail=\"https:\/\/europadonna.ch\/wp-content\/uploads\/2025\/06\/Roche_Logo_800px_Blue_RGB_Roche_Logo_RGB_web2-768x511.jpg\" data-width=\"768\" data-height=\"511\" aria-label=\"\" role=\"img\" ><\/div>\n\t\t\t\t\t\t\t\t\t\t\t\t\t\t<\/a>\n\t\t\t\t\t<\/div>\n\t\t\t\t\t<\/div>\n\t\t\t\t<\/div>\n\t\t\t\t<div class=\"elementor-element elementor-element-6429653 elementor-widget__width-initial elementor-widget-mobile__width-inherit elementor-widget elementor-widget-text-editor\" data-id=\"6429653\" data-element_type=\"widget\" data-e-type=\"widget\" data-widget_type=\"text-editor.default\">\n\t\t\t\t<div class=\"elementor-widget-container\">\n\t\t\t\t\t\t\t\t\t<p>Nous remercions nos donateurs et sponsors pour leur g\u00e9n\u00e9reux soutien, qui nous permet de continuer \u00e0 nous engager dans la lutte contre le cancer du sein. Un grand merci \u00e9galement \u00e0 tous les donateurs et donatrices priv\u00e9s ou anonymes.<\/p>\t\t\t\t\t\t\t\t<\/div>\n\t\t\t\t<\/div>\n\t\t\t\t\t<\/div>\n\t\t\t\t<\/div>\n\t\t\t\t<\/div>\n\t\t","protected":false},"excerpt":{"rendered":"<p>Financement &amp; statuts Qui soutient Europa Donna Suisse ? Europa Donna est la repr\u00e9sentante l\u00e9gitime des int\u00e9r\u00eats des femmes atteintes d&rsquo;un cancer du sein. L&rsquo;organisation agit \u00e0 l&rsquo;\u00e9chelle nationale et joue un r\u00f4le de pr\u00e9curseur. Europa Donna veut que l&rsquo;exp\u00e9rience des femmes atteintes d&rsquo;un cancer du sein soit prise en compte dans les d\u00e9cisions politiques, [&hellip;]<\/p>\n","protected":false},"author":2,"featured_media":0,"parent":0,"menu_order":0,"comment_status":"closed","ping_status":"closed","template":"","meta":{"footnotes":""},"class_list":["post-4062","page","type-page","status-publish","hentry"],"_links":{"self":[{"href":"https:\/\/europadonna.ch\/fr\/wp-json\/wp\/v2\/pages\/4062","targetHints":{"allow":["GET"]}}],"collection":[{"href":"https:\/\/europadonna.ch\/fr\/wp-json\/wp\/v2\/pages"}],"about":[{"href":"https:\/\/europadonna.ch\/fr\/wp-json\/wp\/v2\/types\/page"}],"author":[{"embeddable":true,"href":"https:\/\/europadonna.ch\/fr\/wp-json\/wp\/v2\/users\/2"}],"replies":[{"embeddable":true,"href":"https:\/\/europadonna.ch\/fr\/wp-json\/wp\/v2\/comments?post=4062"}],"version-history":[{"count":2,"href":"https:\/\/europadonna.ch\/fr\/wp-json\/wp\/v2\/pages\/4062\/revisions"}],"predecessor-version":[{"id":4419,"href":"https:\/\/europadonna.ch\/fr\/wp-json\/wp\/v2\/pages\/4062\/revisions\/4419"}],"wp:attachment":[{"href":"https:\/\/europadonna.ch\/fr\/wp-json\/wp\/v2\/media?parent=4062"}],"curies":[{"name":"wp","href":"https:\/\/api.w.org\/{rel}","templated":true}]}}