{"id":4068,"date":"2025-06-12T11:57:42","date_gmt":"2025-06-12T09:57:42","guid":{"rendered":"https:\/\/europadonna.ch\/conseil-dadministration\/"},"modified":"2025-07-24T16:19:46","modified_gmt":"2025-07-24T14:19:46","slug":"conseil-dadministration","status":"publish","type":"page","link":"https:\/\/europadonna.ch\/fr\/conseil-dadministration\/","title":{"rendered":"Conseil d&rsquo;administration"},"content":{"rendered":"\t\t<div data-elementor-type=\"wp-page\" data-elementor-id=\"4068\" class=\"elementor elementor-4068 elementor-2006\" data-elementor-post-type=\"page\">\n\t\t\t\t<div class=\"elementor-element elementor-element-db04ad9 e-flex e-con-boxed e-con e-parent\" data-id=\"db04ad9\" data-element_type=\"container\" data-e-type=\"container\" data-settings=\"{&quot;background_background&quot;:&quot;classic&quot;}\">\n\t\t\t\t\t<div class=\"e-con-inner\">\n\t\t\t\t<div class=\"elementor-element elementor-element-f148a3f elementor-widget__width-inherit elementor-widget elementor-widget-heading\" data-id=\"f148a3f\" data-element_type=\"widget\" data-e-type=\"widget\" data-widget_type=\"heading.default\">\n\t\t\t\t<div class=\"elementor-widget-container\">\n\t\t\t\t\t<h1 class=\"elementor-heading-title elementor-size-default\">Conseil d'administration<\/h1>\t\t\t\t<\/div>\n\t\t\t\t<\/div>\n\t\t<div class=\"elementor-element elementor-element-5c8f8c4 e-con-full e-flex e-con e-child\" data-id=\"5c8f8c4\" data-element_type=\"container\" data-e-type=\"container\">\n\t\t<div class=\"elementor-element elementor-element-253c028 e-con-full e-flex e-con e-child\" data-id=\"253c028\" data-element_type=\"container\" data-e-type=\"container\" data-settings=\"{&quot;background_background&quot;:&quot;classic&quot;}\">\n\t\t\t\t<div class=\"elementor-element elementor-element-cc17b5d elementor-widget elementor-widget-image\" data-id=\"cc17b5d\" data-element_type=\"widget\" data-e-type=\"widget\" data-widget_type=\"image.default\">\n\t\t\t\t<div class=\"elementor-widget-container\">\n\t\t\t\t\t\t\t\t\t\t\t\t\t\t\t<img fetchpriority=\"high\" decoding=\"async\" width=\"800\" height=\"800\" src=\"https:\/\/europadonna.ch\/wp-content\/uploads\/2025\/06\/Christina-Christen-1024x1024.jpg\" class=\"attachment-large size-large wp-image-2024\" alt=\"\" srcset=\"https:\/\/europadonna.ch\/wp-content\/uploads\/2025\/06\/Christina-Christen-1024x1024.jpg 1024w, https:\/\/europadonna.ch\/wp-content\/uploads\/2025\/06\/Christina-Christen-300x300.jpg 300w, https:\/\/europadonna.ch\/wp-content\/uploads\/2025\/06\/Christina-Christen-150x150.jpg 150w, https:\/\/europadonna.ch\/wp-content\/uploads\/2025\/06\/Christina-Christen-768x768.jpg 768w, https:\/\/europadonna.ch\/wp-content\/uploads\/2025\/06\/Christina-Christen-1536x1536.jpg 1536w, https:\/\/europadonna.ch\/wp-content\/uploads\/2025\/06\/Christina-Christen-600x600.jpg 600w, https:\/\/europadonna.ch\/wp-content\/uploads\/2025\/06\/Christina-Christen-100x100.jpg 100w, https:\/\/europadonna.ch\/wp-content\/uploads\/2025\/06\/Christina-Christen.jpg 2048w\" sizes=\"(max-width: 800px) 100vw, 800px\" \/>\t\t\t\t\t\t\t\t\t\t\t\t\t\t\t<\/div>\n\t\t\t\t<\/div>\n\t\t<div class=\"elementor-element elementor-element-fc1c847 e-con-full e-flex e-con e-child\" data-id=\"fc1c847\" data-element_type=\"container\" data-e-type=\"container\">\n\t\t\t\t<div class=\"elementor-element elementor-element-3a582b9 elementor-widget elementor-widget-heading\" data-id=\"3a582b9\" data-element_type=\"widget\" data-e-type=\"widget\" data-widget_type=\"heading.default\">\n\t\t\t\t<div class=\"elementor-widget-container\">\n\t\t\t\t\t<h2 class=\"elementor-heading-title elementor-size-default\">Christina Christen<\/h2>\t\t\t\t<\/div>\n\t\t\t\t<\/div>\n\t\t\t\t<div class=\"elementor-element elementor-element-643f41e elementor-widget elementor-widget-text-editor\" data-id=\"643f41e\" data-element_type=\"widget\" data-e-type=\"widget\" data-widget_type=\"text-editor.default\">\n\t\t\t\t<div class=\"elementor-widget-container\">\n\t\t\t\t\t\t\t\t\t<p><strong>Pr\u00e9sidente<\/strong><br><strong>Diagnostic du cancer du sein 2004<\/strong><\/p><p>\u00ab Mon souhait pour l&rsquo;avenir est que de nombreuses femmes nous remarquent encore, utilisent activement nos offres en tant que membres et nous soutiennent (p. ex. Breast Friends, Tavola Rosa, etc.), mais aussi qu&rsquo;elles fassent passer notre message \u00bb.<\/p>\t\t\t\t\t\t\t\t<\/div>\n\t\t\t\t<\/div>\n\t\t\t\t<div class=\"elementor-element elementor-element-8b3d7b6 elementor-icon-list--layout-traditional elementor-list-item-link-full_width elementor-widget elementor-widget-icon-list\" data-id=\"8b3d7b6\" data-element_type=\"widget\" data-e-type=\"widget\" data-widget_type=\"icon-list.default\">\n\t\t\t\t<div class=\"elementor-widget-container\">\n\t\t\t\t\t\t\t<ul class=\"elementor-icon-list-items\">\n\t\t\t\t\t\t\t<li class=\"elementor-icon-list-item\">\n\t\t\t\t\t\t\t\t\t\t\t<a href=\"mailto:christina.christen@europadonna.ch\">\n\n\t\t\t\t\t\t\t\t\t\t\t\t<span class=\"elementor-icon-list-icon\">\n\t\t\t\t\t\t\t<i aria-hidden=\"true\" class=\"fas fa-envelope\"><\/i>\t\t\t\t\t\t<\/span>\n\t\t\t\t\t\t\t\t\t\t<span class=\"elementor-icon-list-text\">christina.christen@europadonna.ch<\/span>\n\t\t\t\t\t\t\t\t\t\t\t<\/a>\n\t\t\t\t\t\t\t\t\t<\/li>\n\t\t\t\t\t\t<\/ul>\n\t\t\t\t\t\t<\/div>\n\t\t\t\t<\/div>\n\t\t\t\t<\/div>\n\t\t\t\t<\/div>\n\t\t<div class=\"elementor-element elementor-element-7fff0f8 e-con-full e-flex e-con e-child\" data-id=\"7fff0f8\" data-element_type=\"container\" data-e-type=\"container\" data-settings=\"{&quot;background_background&quot;:&quot;classic&quot;}\">\n\t\t\t\t<div class=\"elementor-element elementor-element-7187e8f elementor-widget elementor-widget-image\" data-id=\"7187e8f\" data-element_type=\"widget\" data-e-type=\"widget\" data-widget_type=\"image.default\">\n\t\t\t\t<div class=\"elementor-widget-container\">\n\t\t\t\t\t\t\t\t\t\t\t\t\t\t\t<img decoding=\"async\" width=\"800\" height=\"800\" src=\"https:\/\/europadonna.ch\/wp-content\/uploads\/2025\/06\/PD-Dr.-med.-Claudia-Rauh-1024x1024.jpg\" class=\"attachment-large size-large wp-image-2028\" alt=\"\" srcset=\"https:\/\/europadonna.ch\/wp-content\/uploads\/2025\/06\/PD-Dr.-med.-Claudia-Rauh-1024x1024.jpg 1024w, https:\/\/europadonna.ch\/wp-content\/uploads\/2025\/06\/PD-Dr.-med.-Claudia-Rauh-300x300.jpg 300w, https:\/\/europadonna.ch\/wp-content\/uploads\/2025\/06\/PD-Dr.-med.-Claudia-Rauh-150x150.jpg 150w, https:\/\/europadonna.ch\/wp-content\/uploads\/2025\/06\/PD-Dr.-med.-Claudia-Rauh-768x767.jpg 768w, https:\/\/europadonna.ch\/wp-content\/uploads\/2025\/06\/PD-Dr.-med.-Claudia-Rauh-1536x1536.jpg 1536w, https:\/\/europadonna.ch\/wp-content\/uploads\/2025\/06\/PD-Dr.-med.-Claudia-Rauh-600x599.jpg 600w, https:\/\/europadonna.ch\/wp-content\/uploads\/2025\/06\/PD-Dr.-med.-Claudia-Rauh-100x100.jpg 100w, https:\/\/europadonna.ch\/wp-content\/uploads\/2025\/06\/PD-Dr.-med.-Claudia-Rauh.jpg 2048w\" sizes=\"(max-width: 800px) 100vw, 800px\" \/>\t\t\t\t\t\t\t\t\t\t\t\t\t\t\t<\/div>\n\t\t\t\t<\/div>\n\t\t<div class=\"elementor-element elementor-element-e4cf050 e-con-full e-flex e-con e-child\" data-id=\"e4cf050\" data-element_type=\"container\" data-e-type=\"container\">\n\t\t\t\t<div class=\"elementor-element elementor-element-96dc86d elementor-widget elementor-widget-heading\" data-id=\"96dc86d\" data-element_type=\"widget\" data-e-type=\"widget\" data-widget_type=\"heading.default\">\n\t\t\t\t<div class=\"elementor-widget-container\">\n\t\t\t\t\t<h2 class=\"elementor-heading-title elementor-size-default\">PD Dr. m\u00e9d. Claudia Rauh<\/h2>\t\t\t\t<\/div>\n\t\t\t\t<\/div>\n\t\t\t\t<div class=\"elementor-element elementor-element-da57d15 elementor-widget elementor-widget-text-editor\" data-id=\"da57d15\" data-element_type=\"widget\" data-e-type=\"widget\" data-widget_type=\"text-editor.default\">\n\t\t\t\t<div class=\"elementor-widget-container\">\n\t\t\t\t\t\t\t\t\t<p><strong>Vice-pr\u00e9sidente<\/strong><br><strong>M\u00e9decin-chef et directrice du centre du sein de l&rsquo;H\u00f4pital de l&rsquo;\u00cele \u00e0 Berne<\/strong><\/p><p>Titulaire d&rsquo;une formation approfondie en oncologie gyn\u00e9cologique et en obst\u00e9trique sp\u00e9ciale et m\u00e9decine p\u00e9rinatale (chambre des m\u00e9decins du Land de Bavi\u00e8re, Munich)<\/p><p>Membre du comit\u00e9 consultatif de la Soci\u00e9t\u00e9 suisse de s\u00e9nologie, de l&rsquo;AWOGyn (section de la DGGG) et d&rsquo;EUROPA DONNA Suisse.<\/p>\t\t\t\t\t\t\t\t<\/div>\n\t\t\t\t<\/div>\n\t\t\t\t<div class=\"elementor-element elementor-element-18b0bad elementor-icon-list--layout-traditional elementor-list-item-link-full_width elementor-widget elementor-widget-icon-list\" data-id=\"18b0bad\" data-element_type=\"widget\" data-e-type=\"widget\" data-widget_type=\"icon-list.default\">\n\t\t\t\t<div class=\"elementor-widget-container\">\n\t\t\t\t\t\t\t<ul class=\"elementor-icon-list-items\">\n\t\t\t\t\t\t\t<li class=\"elementor-icon-list-item\">\n\t\t\t\t\t\t\t\t\t\t\t<a href=\"mailto:claudia.rauh@europadonna.ch\">\n\n\t\t\t\t\t\t\t\t\t\t\t\t<span class=\"elementor-icon-list-icon\">\n\t\t\t\t\t\t\t<i aria-hidden=\"true\" class=\"fas fa-envelope\"><\/i>\t\t\t\t\t\t<\/span>\n\t\t\t\t\t\t\t\t\t\t<span class=\"elementor-icon-list-text\">claudia.rauh@europadonna.ch<\/span>\n\t\t\t\t\t\t\t\t\t\t\t<\/a>\n\t\t\t\t\t\t\t\t\t<\/li>\n\t\t\t\t\t\t<\/ul>\n\t\t\t\t\t\t<\/div>\n\t\t\t\t<\/div>\n\t\t\t\t<\/div>\n\t\t\t\t<\/div>\n\t\t<div class=\"elementor-element elementor-element-981158d e-con-full e-flex e-con e-child\" data-id=\"981158d\" data-element_type=\"container\" data-e-type=\"container\" data-settings=\"{&quot;background_background&quot;:&quot;classic&quot;}\">\n\t\t\t\t<div class=\"elementor-element elementor-element-a9a522b elementor-widget elementor-widget-image\" data-id=\"a9a522b\" data-element_type=\"widget\" data-e-type=\"widget\" data-widget_type=\"image.default\">\n\t\t\t\t<div class=\"elementor-widget-container\">\n\t\t\t\t\t\t\t\t\t\t\t\t\t\t\t<img decoding=\"async\" width=\"800\" height=\"800\" src=\"https:\/\/europadonna.ch\/wp-content\/uploads\/2025\/06\/Ingrid-Kobler-1024x1024.jpg\" class=\"attachment-large size-large wp-image-2026\" alt=\"\" srcset=\"https:\/\/europadonna.ch\/wp-content\/uploads\/2025\/06\/Ingrid-Kobler-1024x1024.jpg 1024w, https:\/\/europadonna.ch\/wp-content\/uploads\/2025\/06\/Ingrid-Kobler-300x300.jpg 300w, https:\/\/europadonna.ch\/wp-content\/uploads\/2025\/06\/Ingrid-Kobler-150x150.jpg 150w, https:\/\/europadonna.ch\/wp-content\/uploads\/2025\/06\/Ingrid-Kobler-768x768.jpg 768w, https:\/\/europadonna.ch\/wp-content\/uploads\/2025\/06\/Ingrid-Kobler-1536x1536.jpg 1536w, https:\/\/europadonna.ch\/wp-content\/uploads\/2025\/06\/Ingrid-Kobler-600x600.jpg 600w, https:\/\/europadonna.ch\/wp-content\/uploads\/2025\/06\/Ingrid-Kobler-100x100.jpg 100w, https:\/\/europadonna.ch\/wp-content\/uploads\/2025\/06\/Ingrid-Kobler.jpg 2048w\" sizes=\"(max-width: 800px) 100vw, 800px\" \/>\t\t\t\t\t\t\t\t\t\t\t\t\t\t\t<\/div>\n\t\t\t\t<\/div>\n\t\t<div class=\"elementor-element elementor-element-41b582e e-con-full e-flex e-con e-child\" data-id=\"41b582e\" data-element_type=\"container\" data-e-type=\"container\">\n\t\t\t\t<div class=\"elementor-element elementor-element-3a7c6da elementor-widget elementor-widget-heading\" data-id=\"3a7c6da\" data-element_type=\"widget\" data-e-type=\"widget\" data-widget_type=\"heading.default\">\n\t\t\t\t<div class=\"elementor-widget-container\">\n\t\t\t\t\t<h2 class=\"elementor-heading-title elementor-size-default\">Ingrid Kobler<\/h2>\t\t\t\t<\/div>\n\t\t\t\t<\/div>\n\t\t\t\t<div class=\"elementor-element elementor-element-ea0d2d2 elementor-widget elementor-widget-text-editor\" data-id=\"ea0d2d2\" data-element_type=\"widget\" data-e-type=\"widget\" data-widget_type=\"text-editor.default\">\n\t\t\t\t<div class=\"elementor-widget-container\">\n\t\t\t\t\t\t\t\t\t<p><strong>D\u00e9l\u00e9gu\u00e9e nationale, MSc<br>Di\u00e9t\u00e9ticienne ASDD,<\/strong><br><strong>Diagnostic du cancer du sein 2019<\/strong><\/p><p>\u00ab\u00a0Je suis fi\u00e8re d&rsquo;\u00eatre derri\u00e8re EUROPA DONNA et sa mission. L&rsquo;organisation m&rsquo;a beaucoup aid\u00e9e \u00e0 surmonter mon diagnostic. Mon souhait est d&rsquo;aider d&rsquo;autres femmes et de faire la diff\u00e9rence\u00a0\u00bb.<\/p>\t\t\t\t\t\t\t\t<\/div>\n\t\t\t\t<\/div>\n\t\t\t\t<div class=\"elementor-element elementor-element-ee9e87e elementor-icon-list--layout-traditional elementor-list-item-link-full_width elementor-widget elementor-widget-icon-list\" data-id=\"ee9e87e\" data-element_type=\"widget\" data-e-type=\"widget\" data-widget_type=\"icon-list.default\">\n\t\t\t\t<div class=\"elementor-widget-container\">\n\t\t\t\t\t\t\t<ul class=\"elementor-icon-list-items\">\n\t\t\t\t\t\t\t<li class=\"elementor-icon-list-item\">\n\t\t\t\t\t\t\t\t\t\t\t<a href=\"mailto:ingrid.kobler@europadonna.ch\">\n\n\t\t\t\t\t\t\t\t\t\t\t\t<span class=\"elementor-icon-list-icon\">\n\t\t\t\t\t\t\t<i aria-hidden=\"true\" class=\"fas fa-envelope\"><\/i>\t\t\t\t\t\t<\/span>\n\t\t\t\t\t\t\t\t\t\t<span class=\"elementor-icon-list-text\">ingrid.kobler@europadonna.ch<\/span>\n\t\t\t\t\t\t\t\t\t\t\t<\/a>\n\t\t\t\t\t\t\t\t\t<\/li>\n\t\t\t\t\t\t<\/ul>\n\t\t\t\t\t\t<\/div>\n\t\t\t\t<\/div>\n\t\t\t\t<\/div>\n\t\t\t\t<\/div>\n\t\t<div class=\"elementor-element elementor-element-3a63ff2 e-con-full e-flex e-con e-child\" data-id=\"3a63ff2\" data-element_type=\"container\" data-e-type=\"container\" data-settings=\"{&quot;background_background&quot;:&quot;classic&quot;}\">\n\t\t\t\t<div class=\"elementor-element elementor-element-bd3a8d5 elementor-widget elementor-widget-image\" data-id=\"bd3a8d5\" data-element_type=\"widget\" data-e-type=\"widget\" data-widget_type=\"image.default\">\n\t\t\t\t<div class=\"elementor-widget-container\">\n\t\t\t\t\t\t\t\t\t\t\t\t\t\t\t<img loading=\"lazy\" decoding=\"async\" width=\"800\" height=\"800\" src=\"https:\/\/europadonna.ch\/wp-content\/uploads\/2025\/06\/Jana-Schuricht-1024x1024.jpg\" class=\"attachment-large size-large wp-image-2027\" alt=\"\" srcset=\"https:\/\/europadonna.ch\/wp-content\/uploads\/2025\/06\/Jana-Schuricht-1024x1024.jpg 1024w, https:\/\/europadonna.ch\/wp-content\/uploads\/2025\/06\/Jana-Schuricht-300x300.jpg 300w, https:\/\/europadonna.ch\/wp-content\/uploads\/2025\/06\/Jana-Schuricht-150x150.jpg 150w, https:\/\/europadonna.ch\/wp-content\/uploads\/2025\/06\/Jana-Schuricht-768x768.jpg 768w, https:\/\/europadonna.ch\/wp-content\/uploads\/2025\/06\/Jana-Schuricht-1536x1536.jpg 1536w, https:\/\/europadonna.ch\/wp-content\/uploads\/2025\/06\/Jana-Schuricht-600x600.jpg 600w, https:\/\/europadonna.ch\/wp-content\/uploads\/2025\/06\/Jana-Schuricht-100x100.jpg 100w, https:\/\/europadonna.ch\/wp-content\/uploads\/2025\/06\/Jana-Schuricht.jpg 2048w\" sizes=\"(max-width: 800px) 100vw, 800px\" \/>\t\t\t\t\t\t\t\t\t\t\t\t\t\t\t<\/div>\n\t\t\t\t<\/div>\n\t\t<div class=\"elementor-element elementor-element-7661bbe e-con-full e-flex e-con e-child\" data-id=\"7661bbe\" data-element_type=\"container\" data-e-type=\"container\">\n\t\t\t\t<div class=\"elementor-element elementor-element-2ac3adc elementor-widget elementor-widget-heading\" data-id=\"2ac3adc\" data-element_type=\"widget\" data-e-type=\"widget\" data-widget_type=\"heading.default\">\n\t\t\t\t<div class=\"elementor-widget-container\">\n\t\t\t\t\t<h2 class=\"elementor-heading-title elementor-size-default\">Jana Schuricht<\/h2>\t\t\t\t<\/div>\n\t\t\t\t<\/div>\n\t\t\t\t<div class=\"elementor-element elementor-element-8b23e7a elementor-widget elementor-widget-text-editor\" data-id=\"8b23e7a\" data-element_type=\"widget\" data-e-type=\"widget\" data-widget_type=\"text-editor.default\">\n\t\t\t\t<div class=\"elementor-widget-container\">\n\t\t\t\t\t\t\t\t\t<p><strong>Communication, <\/strong><br><strong>Diagnostic du cancer du sein 2018<\/strong><\/p><p>\u00ab\u00a0En tant que membre b\u00e9n\u00e9vole du comit\u00e9, je souhaite m&rsquo;engager pour le th\u00e8me du cancer du sein. Je me r\u00e9jouis beaucoup de faire avancer les grands objectifs d&rsquo;EUROPA DONNA au sein du comit\u00e9 et avec les d\u00e9l\u00e9gu\u00e9es, et d&rsquo;\u00eatre toujours aux c\u00f4t\u00e9s des personnes concern\u00e9es\u00a0\u00bb.<\/p>\t\t\t\t\t\t\t\t<\/div>\n\t\t\t\t<\/div>\n\t\t\t\t<div class=\"elementor-element elementor-element-33a7d3a elementor-icon-list--layout-traditional elementor-list-item-link-full_width elementor-widget elementor-widget-icon-list\" data-id=\"33a7d3a\" data-element_type=\"widget\" data-e-type=\"widget\" data-widget_type=\"icon-list.default\">\n\t\t\t\t<div class=\"elementor-widget-container\">\n\t\t\t\t\t\t\t<ul class=\"elementor-icon-list-items\">\n\t\t\t\t\t\t\t<li class=\"elementor-icon-list-item\">\n\t\t\t\t\t\t\t\t\t\t\t<a href=\"mailto:jana.schuricht@europadonna.ch\">\n\n\t\t\t\t\t\t\t\t\t\t\t\t<span class=\"elementor-icon-list-icon\">\n\t\t\t\t\t\t\t<i aria-hidden=\"true\" class=\"fas fa-envelope\"><\/i>\t\t\t\t\t\t<\/span>\n\t\t\t\t\t\t\t\t\t\t<span class=\"elementor-icon-list-text\">jana.schuricht@europadonna.ch<\/span>\n\t\t\t\t\t\t\t\t\t\t\t<\/a>\n\t\t\t\t\t\t\t\t\t<\/li>\n\t\t\t\t\t\t<\/ul>\n\t\t\t\t\t\t<\/div>\n\t\t\t\t<\/div>\n\t\t\t\t<\/div>\n\t\t\t\t<\/div>\n\t\t\t\t<\/div>\n\t\t<div class=\"elementor-element elementor-element-350cc06 e-con-full e-flex e-con e-child\" data-id=\"350cc06\" data-element_type=\"container\" data-e-type=\"container\">\n\t\t\t\t<div class=\"elementor-element elementor-element-5f57095 elementor-widget__width-inherit elementor-widget elementor-widget-heading\" data-id=\"5f57095\" data-element_type=\"widget\" data-e-type=\"widget\" data-widget_type=\"heading.default\">\n\t\t\t\t<div class=\"elementor-widget-container\">\n\t\t\t\t\t<h1 class=\"elementor-heading-title elementor-size-default\">Conseil scientifique<\/h1>\t\t\t\t<\/div>\n\t\t\t\t<\/div>\n\t\t<div class=\"elementor-element elementor-element-7474e0a e-con-full e-flex e-con e-child\" data-id=\"7474e0a\" data-element_type=\"container\" data-e-type=\"container\" data-settings=\"{&quot;background_background&quot;:&quot;classic&quot;}\">\n\t\t\t\t<div class=\"elementor-element elementor-element-7167406 elementor-widget elementor-widget-image\" data-id=\"7167406\" data-element_type=\"widget\" data-e-type=\"widget\" data-widget_type=\"image.default\">\n\t\t\t\t<div class=\"elementor-widget-container\">\n\t\t\t\t\t\t\t\t\t\t\t\t\t\t\t<img loading=\"lazy\" decoding=\"async\" width=\"800\" height=\"798\" src=\"https:\/\/europadonna.ch\/wp-content\/uploads\/2025\/06\/Dr.-med.-Barbara-Zeyen-1024x1022.jpg\" class=\"attachment-large size-large wp-image-2025\" alt=\"\" srcset=\"https:\/\/europadonna.ch\/wp-content\/uploads\/2025\/06\/Dr.-med.-Barbara-Zeyen-1024x1022.jpg 1024w, https:\/\/europadonna.ch\/wp-content\/uploads\/2025\/06\/Dr.-med.-Barbara-Zeyen-300x300.jpg 300w, https:\/\/europadonna.ch\/wp-content\/uploads\/2025\/06\/Dr.-med.-Barbara-Zeyen-150x150.jpg 150w, https:\/\/europadonna.ch\/wp-content\/uploads\/2025\/06\/Dr.-med.-Barbara-Zeyen-768x767.jpg 768w, https:\/\/europadonna.ch\/wp-content\/uploads\/2025\/06\/Dr.-med.-Barbara-Zeyen-1536x1533.jpg 1536w, https:\/\/europadonna.ch\/wp-content\/uploads\/2025\/06\/Dr.-med.-Barbara-Zeyen-600x599.jpg 600w, https:\/\/europadonna.ch\/wp-content\/uploads\/2025\/06\/Dr.-med.-Barbara-Zeyen-100x100.jpg 100w, https:\/\/europadonna.ch\/wp-content\/uploads\/2025\/06\/Dr.-med.-Barbara-Zeyen.jpg 2048w\" sizes=\"(max-width: 800px) 100vw, 800px\" \/>\t\t\t\t\t\t\t\t\t\t\t\t\t\t\t<\/div>\n\t\t\t\t<\/div>\n\t\t<div class=\"elementor-element elementor-element-47fc988 e-con-full e-flex e-con e-child\" data-id=\"47fc988\" data-element_type=\"container\" data-e-type=\"container\">\n\t\t\t\t<div class=\"elementor-element elementor-element-36ec040 elementor-widget elementor-widget-heading\" data-id=\"36ec040\" data-element_type=\"widget\" data-e-type=\"widget\" data-widget_type=\"heading.default\">\n\t\t\t\t<div class=\"elementor-widget-container\">\n\t\t\t\t\t<h2 class=\"elementor-heading-title elementor-size-default\">Dr. med. Barbara Zeyen<\/h2>\t\t\t\t<\/div>\n\t\t\t\t<\/div>\n\t\t\t\t<div class=\"elementor-element elementor-element-9c2059d elementor-widget elementor-widget-text-editor\" data-id=\"9c2059d\" data-element_type=\"widget\" data-e-type=\"widget\" data-widget_type=\"text-editor.default\">\n\t\t\t\t<div class=\"elementor-widget-container\">\n\t\t\t\t\t\t\t\t\t<p><strong>M\u00e9decin sp\u00e9cialiste hospitalier Clinique universitaire<\/strong> <strong>de gyn\u00e9cologie de l&rsquo;H\u00f4pital de l&rsquo;\u00cele, Berne<\/strong><br><strong>Conseil scientifique<\/strong><\/p>\t\t\t\t\t\t\t\t<\/div>\n\t\t\t\t<\/div>\n\t\t\t\t<\/div>\n\t\t\t\t<\/div>\n\t\t\t\t<\/div>\n\t\t<div class=\"elementor-element elementor-element-b39e2e6 e-con-full e-flex e-con e-child\" data-id=\"b39e2e6\" data-element_type=\"container\" data-e-type=\"container\">\n\t\t\t\t<div class=\"elementor-element elementor-element-098a4a0 elementor-widget__width-inherit elementor-widget elementor-widget-heading\" data-id=\"098a4a0\" data-element_type=\"widget\" data-e-type=\"widget\" data-widget_type=\"heading.default\">\n\t\t\t\t<div class=\"elementor-widget-container\">\n\t\t\t\t\t<h1 class=\"elementor-heading-title elementor-size-default\">Secr\u00e9tariat<\/h1>\t\t\t\t<\/div>\n\t\t\t\t<\/div>\n\t\t<div class=\"elementor-element elementor-element-7650279 e-con-full e-flex e-con e-child\" data-id=\"7650279\" data-element_type=\"container\" data-e-type=\"container\" data-settings=\"{&quot;background_background&quot;:&quot;classic&quot;}\">\n\t\t\t\t<div class=\"elementor-element elementor-element-3a4d708 elementor-widget elementor-widget-image\" data-id=\"3a4d708\" data-element_type=\"widget\" data-e-type=\"widget\" data-widget_type=\"image.default\">\n\t\t\t\t<div class=\"elementor-widget-container\">\n\t\t\t\t\t\t\t\t\t\t\t\t\t\t\t<img loading=\"lazy\" decoding=\"async\" width=\"706\" height=\"1024\" src=\"https:\/\/europadonna.ch\/wp-content\/uploads\/2025\/06\/Lorraine-Christen-706x1024.jpg\" class=\"attachment-large size-large wp-image-3352\" alt=\"\" srcset=\"https:\/\/europadonna.ch\/wp-content\/uploads\/2025\/06\/Lorraine-Christen-706x1024.jpg 706w, https:\/\/europadonna.ch\/wp-content\/uploads\/2025\/06\/Lorraine-Christen-207x300.jpg 207w, https:\/\/europadonna.ch\/wp-content\/uploads\/2025\/06\/Lorraine-Christen-768x1114.jpg 768w, https:\/\/europadonna.ch\/wp-content\/uploads\/2025\/06\/Lorraine-Christen.jpg 958w\" sizes=\"(max-width: 706px) 100vw, 706px\" \/>\t\t\t\t\t\t\t\t\t\t\t\t\t\t\t<\/div>\n\t\t\t\t<\/div>\n\t\t<div class=\"elementor-element elementor-element-b5b467f e-con-full e-flex e-con e-child\" data-id=\"b5b467f\" data-element_type=\"container\" data-e-type=\"container\">\n\t\t\t\t<div class=\"elementor-element elementor-element-922d423 elementor-widget elementor-widget-heading\" data-id=\"922d423\" data-element_type=\"widget\" data-e-type=\"widget\" data-widget_type=\"heading.default\">\n\t\t\t\t<div class=\"elementor-widget-container\">\n\t\t\t\t\t<h2 class=\"elementor-heading-title elementor-size-default\">Lorraine Christen<\/h2>\t\t\t\t<\/div>\n\t\t\t\t<\/div>\n\t\t\t\t<div class=\"elementor-element elementor-element-3078d22 elementor-widget elementor-widget-text-editor\" data-id=\"3078d22\" data-element_type=\"widget\" data-e-type=\"widget\" data-widget_type=\"text-editor.default\">\n\t\t\t\t<div class=\"elementor-widget-container\">\n\t\t\t\t\t\t\t\t\t<p><strong>Secr\u00e9taire du bureau<\/strong><\/p><p>\u00ab Mon travail chez EUROPA DONNA pour soutenir les nombreuses femmes touch\u00e9es par le cancer du sein me procure une grande joie \u00bb.<\/p>\t\t\t\t\t\t\t\t<\/div>\n\t\t\t\t<\/div>\n\t\t\t\t<div class=\"elementor-element elementor-element-4f1b88a elementor-icon-list--layout-traditional elementor-list-item-link-full_width elementor-widget elementor-widget-icon-list\" data-id=\"4f1b88a\" data-element_type=\"widget\" data-e-type=\"widget\" data-widget_type=\"icon-list.default\">\n\t\t\t\t<div class=\"elementor-widget-container\">\n\t\t\t\t\t\t\t<ul class=\"elementor-icon-list-items\">\n\t\t\t\t\t\t\t<li class=\"elementor-icon-list-item\">\n\t\t\t\t\t\t\t\t\t\t\t<a href=\"mailto:sekretariat@europadonna.ch\">\n\n\t\t\t\t\t\t\t\t\t\t\t\t<span class=\"elementor-icon-list-icon\">\n\t\t\t\t\t\t\t<i aria-hidden=\"true\" class=\"fas fa-envelope\"><\/i>\t\t\t\t\t\t<\/span>\n\t\t\t\t\t\t\t\t\t\t<span class=\"elementor-icon-list-text\">sekretariat@europadonna.ch<\/span>\n\t\t\t\t\t\t\t\t\t\t\t<\/a>\n\t\t\t\t\t\t\t\t\t<\/li>\n\t\t\t\t\t\t<\/ul>\n\t\t\t\t\t\t<\/div>\n\t\t\t\t<\/div>\n\t\t\t\t<\/div>\n\t\t\t\t<\/div>\n\t\t\t\t<\/div>\n\t\t\t\t\t<\/div>\n\t\t\t\t<\/div>\n\t\t\t\t<\/div>\n\t\t","protected":false},"excerpt":{"rendered":"<p>Conseil d&rsquo;administration Christina Christen Pr\u00e9sidenteDiagnostic du cancer du sein 2004 \u00ab Mon souhait pour l&rsquo;avenir est que de nombreuses femmes nous remarquent encore, utilisent activement nos offres en tant que membres et nous soutiennent (p. ex. Breast Friends, Tavola Rosa, etc.), mais aussi qu&rsquo;elles fassent passer notre message \u00bb. christina.christen@europadonna.ch PD Dr. m\u00e9d. Claudia Rauh [&hellip;]<\/p>\n","protected":false},"author":2,"featured_media":0,"parent":0,"menu_order":0,"comment_status":"closed","ping_status":"closed","template":"","meta":{"footnotes":""},"class_list":["post-4068","page","type-page","status-publish","hentry"],"_links":{"self":[{"href":"https:\/\/europadonna.ch\/fr\/wp-json\/wp\/v2\/pages\/4068","targetHints":{"allow":["GET"]}}],"collection":[{"href":"https:\/\/europadonna.ch\/fr\/wp-json\/wp\/v2\/pages"}],"about":[{"href":"https:\/\/europadonna.ch\/fr\/wp-json\/wp\/v2\/types\/page"}],"author":[{"embeddable":true,"href":"https:\/\/europadonna.ch\/fr\/wp-json\/wp\/v2\/users\/2"}],"replies":[{"embeddable":true,"href":"https:\/\/europadonna.ch\/fr\/wp-json\/wp\/v2\/comments?post=4068"}],"version-history":[{"count":4,"href":"https:\/\/europadonna.ch\/fr\/wp-json\/wp\/v2\/pages\/4068\/revisions"}],"predecessor-version":[{"id":4365,"href":"https:\/\/europadonna.ch\/fr\/wp-json\/wp\/v2\/pages\/4068\/revisions\/4365"}],"wp:attachment":[{"href":"https:\/\/europadonna.ch\/fr\/wp-json\/wp\/v2\/media?parent=4068"}],"curies":[{"name":"wp","href":"https:\/\/api.w.org\/{rel}","templated":true}]}}