{"id":4124,"date":"2025-06-16T10:28:00","date_gmt":"2025-06-16T08:28:00","guid":{"rendered":"https:\/\/europadonna.ch\/tavola-rosa\/"},"modified":"2026-03-14T13:44:35","modified_gmt":"2026-03-14T12:44:35","slug":"tavola-rosa","status":"publish","type":"page","link":"https:\/\/europadonna.ch\/fr\/tavola-rosa\/","title":{"rendered":"Tavola Rosa \u2013 Tables rondes pour les femmes atteintes d&rsquo;un cancer du sein"},"content":{"rendered":"\t\t<div data-elementor-type=\"wp-page\" data-elementor-id=\"4124\" class=\"elementor elementor-4124 elementor-2074\" data-elementor-post-type=\"page\">\n\t\t\t\t<div class=\"elementor-element elementor-element-db04ad9 e-flex e-con-boxed e-con e-parent\" data-id=\"db04ad9\" data-element_type=\"container\" data-e-type=\"container\" data-settings=\"{&quot;background_background&quot;:&quot;classic&quot;}\">\n\t\t\t\t\t<div class=\"e-con-inner\">\n\t\t\t\t<div class=\"elementor-element elementor-element-f148a3f elementor-widget__width-inherit elementor-widget elementor-widget-heading\" data-id=\"f148a3f\" data-element_type=\"widget\" data-e-type=\"widget\" data-widget_type=\"heading.default\">\n\t\t\t\t<div class=\"elementor-widget-container\">\n\t\t\t\t\t<h1 class=\"elementor-heading-title elementor-size-default\">Tavola Rosa \u2013 Tables rondes pour les femmes atteintes d'un cancer du sein<\/h1>\t\t\t\t<\/div>\n\t\t\t\t<\/div>\n\t\t<div class=\"elementor-element elementor-element-57fee17 e-con-full e-flex e-con e-child\" data-id=\"57fee17\" data-element_type=\"container\" data-e-type=\"container\">\n\t\t\t\t<div class=\"elementor-element elementor-element-ed7420e elementor-widget__width-inherit elementor-widget elementor-widget-text-editor\" data-id=\"ed7420e\" data-element_type=\"widget\" data-e-type=\"widget\" data-widget_type=\"text-editor.default\">\n\t\t\t\t<div class=\"elementor-widget-container\">\n\t\t\t\t\t\t\t\t\t<p><strong>Un diagnostic relie &#8211; nous sommes l\u00e0 pour toi<\/strong><\/p><p>Nos rencontres TAVOLA ROSA dans quelques villes suisses offrent des \u00e9changes personnels &#8211; h\u00e9t\u00e9roclites, un engagement de personnes concern\u00e9es pour des personnes concern\u00e9es.<\/p><p>Dans une ambiance conviviale, dans un caf\u00e9, lors d&rsquo;un pique-nique au bord d&rsquo;un lac ou d&rsquo;une promenade, TAVOLA ROSA offre la possibilit\u00e9 de rencontrer d&rsquo;autres femmes atteintes d&rsquo;un cancer du sein, de simplement \u00e9couter ou d&rsquo;\u00eatre \u00e9cout\u00e9e par d&rsquo;autres. Un lieu o\u00f9 les questions et les craintes trouvent leur place, mais o\u00f9 l&rsquo;on rit aussi, o\u00f9 l&rsquo;on se donne du courage et o\u00f9 l&rsquo;on \u00e9change beaucoup d&rsquo;\u00e9nergie positive. Qu&rsquo;il s&rsquo;agisse d&rsquo;un tout nouveau diagnostic, d&rsquo;un traitement en cours ou de la maladie depuis un certain temps d\u00e9j\u00e0 : Bienvenue !  <\/p><p>Accorde-toi une pause, un peu de d\u00e9tente autour d&rsquo;une tasse de th\u00e9 ou de caf\u00e9, consacre-toi du temps, du temps \u00e0 ton histoire.<\/p><p>(L&rsquo;offre est gratuite, boissons non comprises)<\/p>\t\t\t\t\t\t\t\t<\/div>\n\t\t\t\t<\/div>\n\t\t\t\t<div class=\"elementor-element elementor-element-b1397d7 elementor-align-left elementor-widget__width-inherit elementor-widget elementor-widget-button\" data-id=\"b1397d7\" data-element_type=\"widget\" data-e-type=\"widget\" data-widget_type=\"button.default\">\n\t\t\t\t<div class=\"elementor-widget-container\">\n\t\t\t\t\t\t\t\t\t<div class=\"elementor-button-wrapper\">\n\t\t\t\t\t<a class=\"elementor-button elementor-button-link elementor-size-sm\" href=\"https:\/\/europadonna.ch\/fr\/tavola-rosa-impressions\/\">\n\t\t\t\t\t\t<span class=\"elementor-button-content-wrapper\">\n\t\t\t\t\t\t\t\t\t<span class=\"elementor-button-text\">Vers la galerie de photos<\/span>\n\t\t\t\t\t<\/span>\n\t\t\t\t\t<\/a>\n\t\t\t\t<\/div>\n\t\t\t\t\t\t\t\t<\/div>\n\t\t\t\t<\/div>\n\t\t\t\t<\/div>\n\t\t<div class=\"elementor-element elementor-element-5228855 e-con-full e-flex e-con e-child\" data-id=\"5228855\" data-element_type=\"container\" data-e-type=\"container\">\n\t\t\t\t<div class=\"elementor-element elementor-element-b995bf8 elementor-widget__width-inherit elementor-widget-tablet__width-initial elementor-widget-mobile__width-inherit elementor-widget elementor-widget-image\" data-id=\"b995bf8\" data-element_type=\"widget\" data-e-type=\"widget\" data-widget_type=\"image.default\">\n\t\t\t\t<div class=\"elementor-widget-container\">\n\t\t\t\t\t\t\t\t\t\t\t\t\t\t\t<img fetchpriority=\"high\" decoding=\"async\" width=\"800\" height=\"425\" src=\"https:\/\/europadonna.ch\/wp-content\/uploads\/2025\/06\/Tavola-Rosa-1024x544.jpg\" class=\"attachment-large size-large wp-image-2973\" alt=\"\" srcset=\"https:\/\/europadonna.ch\/wp-content\/uploads\/2025\/06\/Tavola-Rosa-1024x544.jpg 1024w, https:\/\/europadonna.ch\/wp-content\/uploads\/2025\/06\/Tavola-Rosa-300x159.jpg 300w, https:\/\/europadonna.ch\/wp-content\/uploads\/2025\/06\/Tavola-Rosa-768x408.jpg 768w, https:\/\/europadonna.ch\/wp-content\/uploads\/2025\/06\/Tavola-Rosa-1536x816.jpg 1536w, https:\/\/europadonna.ch\/wp-content\/uploads\/2025\/06\/Tavola-Rosa-600x319.jpg 600w, https:\/\/europadonna.ch\/wp-content\/uploads\/2025\/06\/Tavola-Rosa.jpg 2048w\" sizes=\"(max-width: 800px) 100vw, 800px\" \/>\t\t\t\t\t\t\t\t\t\t\t\t\t\t\t<\/div>\n\t\t\t\t<\/div>\n\t\t\t\t<\/div>\n\t\t<div class=\"elementor-element elementor-element-0a8ed6a e-grid e-con-full tavola-rosa-standorte e-con e-child\" data-id=\"0a8ed6a\" data-element_type=\"container\" data-e-type=\"container\">\n\t\t<div class=\"elementor-element elementor-element-7ccc18f e-con-full e-flex e-con e-child\" data-id=\"7ccc18f\" data-element_type=\"container\" data-e-type=\"container\" data-settings=\"{&quot;background_background&quot;:&quot;classic&quot;}\">\n\t\t\t\t<div class=\"elementor-element elementor-element-ce81842 elementor-widget__width-inherit elementor-widget-tablet__width-inherit elementor-widget elementor-widget-text-editor\" data-id=\"ce81842\" data-element_type=\"widget\" data-e-type=\"widget\" data-widget_type=\"text-editor.default\">\n\t\t\t\t<div class=\"elementor-widget-container\">\n\t\t\t\t\t\t\t\t\t<h4>Tavola Rosa Berne ou Bienne<\/h4>\n<p>(une fois par mois, en alternance)<br><strong>Chaque dernier mercredi du mois, <\/strong>de 18 h \u00e0 20 h.<br>Le lieu de rendez-vous sera communiqu\u00e9 lors de l&rsquo;inscription.<\/p>\n<p>Renseignements et inscription aupr\u00e8s de Ines Baltissen ou Katharina Engel.<\/p>\t\t\t\t\t\t\t\t<\/div>\n\t\t\t\t<\/div>\n\t\t\t\t<div class=\"elementor-element elementor-element-13c3803 elementor-widget elementor-widget-heading\" data-id=\"13c3803\" data-element_type=\"widget\" data-e-type=\"widget\" data-widget_type=\"heading.default\">\n\t\t\t\t<div class=\"elementor-widget-container\">\n\t\t\t\t\t<span class=\"elementor-heading-title elementor-size-default\"><a href=\"mailto:tr-bern-biel@europadonna.ch\">Courriel<\/a><\/span>\t\t\t\t<\/div>\n\t\t\t\t<\/div>\n\t\t\t\t<div class=\"elementor-element elementor-element-97d5d8e elementor-widget elementor-widget-heading\" data-id=\"97d5d8e\" data-element_type=\"widget\" data-e-type=\"widget\" data-widget_type=\"heading.default\">\n\t\t\t\t<div class=\"elementor-widget-container\">\n\t\t\t\t\t<span class=\"elementor-heading-title elementor-size-default\"><a href=\"https:\/\/www.instagram.com\/tavolarosa.bernbiel\/\" target=\"_blank\" rel=\"noopener\">Instagram<\/a><\/span>\t\t\t\t<\/div>\n\t\t\t\t<\/div>\n\t\t\t\t<\/div>\n\t\t<div class=\"elementor-element elementor-element-47d04f8 e-con-full e-flex e-con e-child\" data-id=\"47d04f8\" data-element_type=\"container\" data-e-type=\"container\" data-settings=\"{&quot;background_background&quot;:&quot;classic&quot;}\">\n\t\t\t\t<div class=\"elementor-element elementor-element-8e48703 elementor-widget__width-inherit elementor-widget-tablet__width-inherit elementor-widget elementor-widget-text-editor\" data-id=\"8e48703\" data-element_type=\"widget\" data-e-type=\"widget\" data-widget_type=\"text-editor.default\">\n\t\t\t\t<div class=\"elementor-widget-container\">\n\t\t\t\t\t\t\t\t\t<h4>Tavola Rosa Coire<\/h4><p><strong>Chaque premier lundi du mois<\/strong> de 17 \u00e0 19 heures.<br>Rendez-vous au Bistro PurSuisse, Bahnhofstrasse 4<\/p><p>Renseignements et inscription aupr\u00e8s d&rsquo;Ingrid Kobler.<\/p>\t\t\t\t\t\t\t\t<\/div>\n\t\t\t\t<\/div>\n\t\t\t\t<div class=\"elementor-element elementor-element-a47b68d elementor-widget elementor-widget-heading\" data-id=\"a47b68d\" data-element_type=\"widget\" data-e-type=\"widget\" data-widget_type=\"heading.default\">\n\t\t\t\t<div class=\"elementor-widget-container\">\n\t\t\t\t\t<span class=\"elementor-heading-title elementor-size-default\"><a href=\"mailto:ingrid.kobler@europadonna.ch\">Courriel<\/a><\/span>\t\t\t\t<\/div>\n\t\t\t\t<\/div>\n\t\t\t\t<div class=\"elementor-element elementor-element-5bbf4ff elementor-widget elementor-widget-heading\" data-id=\"5bbf4ff\" data-element_type=\"widget\" data-e-type=\"widget\" data-widget_type=\"heading.default\">\n\t\t\t\t<div class=\"elementor-widget-container\">\n\t\t\t\t\t<span class=\"elementor-heading-title elementor-size-default\"><a href=\"https:\/\/www.instagram.com\/tavolarosa.chur\/\" target=\"_blank\" rel=\"noopener\">Instagram<\/a><\/span>\t\t\t\t<\/div>\n\t\t\t\t<\/div>\n\t\t\t\t<\/div>\n\t\t<div class=\"elementor-element elementor-element-badf7f6 e-con-full e-flex e-con e-child\" data-id=\"badf7f6\" data-element_type=\"container\" data-e-type=\"container\" data-settings=\"{&quot;background_background&quot;:&quot;classic&quot;}\">\n\t\t\t\t<div class=\"elementor-element elementor-element-65109ee elementor-widget__width-inherit elementor-widget-tablet__width-inherit elementor-widget elementor-widget-text-editor\" data-id=\"65109ee\" data-element_type=\"widget\" data-e-type=\"widget\" data-widget_type=\"text-editor.default\">\n\t\t\t\t<div class=\"elementor-widget-container\">\n\t\t\t\t\t\t\t\t\t<h4>Tavola Rosa Zurich<\/h4><p><strong>Chaque dernier vendredi du mois<\/strong> de 16h30 \u00e0 19h.<br>Le lieu de rendez-vous est communiqu\u00e9 lors de l&rsquo;inscription.<\/p><p>Renseignements et inscription aupr\u00e8s de Christina Christen.<\/p>\t\t\t\t\t\t\t\t<\/div>\n\t\t\t\t<\/div>\n\t\t\t\t<div class=\"elementor-element elementor-element-3082fbd elementor-widget elementor-widget-heading\" data-id=\"3082fbd\" data-element_type=\"widget\" data-e-type=\"widget\" data-widget_type=\"heading.default\">\n\t\t\t\t<div class=\"elementor-widget-container\">\n\t\t\t\t\t<span class=\"elementor-heading-title elementor-size-default\"><a href=\"mailto:tr-zuerich@europadonna.ch\">Courriel<\/a><\/span>\t\t\t\t<\/div>\n\t\t\t\t<\/div>\n\t\t\t\t<div class=\"elementor-element elementor-element-6519eac elementor-widget elementor-widget-heading\" data-id=\"6519eac\" data-element_type=\"widget\" data-e-type=\"widget\" data-widget_type=\"heading.default\">\n\t\t\t\t<div class=\"elementor-widget-container\">\n\t\t\t\t\t<span class=\"elementor-heading-title elementor-size-default\"><a href=\"https:\/\/www.instagram.com\/tavolarosa.zuerich\/\" target=\"_blank\" rel=\"noopener\">Instagram<\/a><\/span>\t\t\t\t<\/div>\n\t\t\t\t<\/div>\n\t\t\t\t<\/div>\n\t\t<div class=\"elementor-element elementor-element-c0278aa e-con-full e-flex e-con e-child\" data-id=\"c0278aa\" data-element_type=\"container\" data-e-type=\"container\" data-settings=\"{&quot;background_background&quot;:&quot;classic&quot;}\">\n\t\t\t\t<div class=\"elementor-element elementor-element-fe6a193 elementor-widget__width-inherit elementor-widget-tablet__width-inherit elementor-widget elementor-widget-text-editor\" data-id=\"fe6a193\" data-element_type=\"widget\" data-e-type=\"widget\" data-widget_type=\"text-editor.default\">\n\t\t\t\t<div class=\"elementor-widget-container\">\n\t\t\t\t\t\t\t\t\t<h4>Tavola Rosa Saint-Gall<\/h4><p><strong>Chaque dernier mardi du mois.<\/strong><br>Le lieu de rendez-vous sera communiqu\u00e9 lors de l&rsquo;inscription.<\/p><p>Renseignements et inscriptions aupr\u00e8s de la Tavola Rosa de Saint-Gall.<\/p>\t\t\t\t\t\t\t\t<\/div>\n\t\t\t\t<\/div>\n\t\t\t\t<div class=\"elementor-element elementor-element-2ab6b42 elementor-widget elementor-widget-heading\" data-id=\"2ab6b42\" data-element_type=\"widget\" data-e-type=\"widget\" data-widget_type=\"heading.default\">\n\t\t\t\t<div class=\"elementor-widget-container\">\n\t\t\t\t\t<span class=\"elementor-heading-title elementor-size-default\"><a href=\"mailto:tr-stgallen@europadonna.ch\">Courriel<\/a><\/span>\t\t\t\t<\/div>\n\t\t\t\t<\/div>\n\t\t\t\t<div class=\"elementor-element elementor-element-c5a10fc elementor-widget elementor-widget-heading\" data-id=\"c5a10fc\" data-element_type=\"widget\" data-e-type=\"widget\" data-widget_type=\"heading.default\">\n\t\t\t\t<div class=\"elementor-widget-container\">\n\t\t\t\t\t<span class=\"elementor-heading-title elementor-size-default\"><a href=\"https:\/\/www.instagram.com\/tavolarosa.stgallen\/\" target=\"_blank\" rel=\"noopener\">Instagram<\/a><\/span>\t\t\t\t<\/div>\n\t\t\t\t<\/div>\n\t\t\t\t<\/div>\n\t\t<div class=\"elementor-element elementor-element-469b81c e-con-full e-flex e-con e-child\" data-id=\"469b81c\" data-element_type=\"container\" data-e-type=\"container\" data-settings=\"{&quot;background_background&quot;:&quot;classic&quot;}\">\n\t\t\t\t<div class=\"elementor-element elementor-element-c80f546 elementor-widget__width-inherit elementor-widget-tablet__width-inherit elementor-widget elementor-widget-text-editor\" data-id=\"c80f546\" data-element_type=\"widget\" data-e-type=\"widget\" data-widget_type=\"text-editor.default\">\n\t\t\t\t<div class=\"elementor-widget-container\">\n\t\t\t\t\t\t\t\t\t<h4>Tavola Rosa Aarau\/Solothurn<\/h4><p><strong>Chaque dernier mercredi du mois.<\/strong><br \/>Le lieu de rendez-vous sera communiqu\u00e9 lors de l&rsquo;inscription. G\u00e9n\u00e9ralement pr\u00e8s d&rsquo;Olten.<\/p><p>Renseignements et inscriptions directement aupr\u00e8s de Tavola Rosa Aarau.<\/p>\t\t\t\t\t\t\t\t<\/div>\n\t\t\t\t<\/div>\n\t\t\t\t<div class=\"elementor-element elementor-element-e2f850d elementor-widget elementor-widget-heading\" data-id=\"e2f850d\" data-element_type=\"widget\" data-e-type=\"widget\" data-widget_type=\"heading.default\">\n\t\t\t\t<div class=\"elementor-widget-container\">\n\t\t\t\t\t<span class=\"elementor-heading-title elementor-size-default\"><a href=\"mailto:tr-aarau@europadonna.ch;%20info@europadonna.ch\">Courriel<\/a><\/span>\t\t\t\t<\/div>\n\t\t\t\t<\/div>\n\t\t\t\t<div class=\"elementor-element elementor-element-b402384 elementor-widget elementor-widget-heading\" data-id=\"b402384\" data-element_type=\"widget\" data-e-type=\"widget\" data-widget_type=\"heading.default\">\n\t\t\t\t<div class=\"elementor-widget-container\">\n\t\t\t\t\t<span class=\"elementor-heading-title elementor-size-default\"><a href=\"http:\/\/www.instagram.com\/tavolarosa.aarau_solothurn\/%20\" target=\"_blank\" rel=\"noopener\">Instagram<\/a><\/span>\t\t\t\t<\/div>\n\t\t\t\t<\/div>\n\t\t\t\t<\/div>\n\t\t<div class=\"elementor-element elementor-element-c395f82 e-con-full e-flex e-con e-child\" data-id=\"c395f82\" data-element_type=\"container\" data-e-type=\"container\" data-settings=\"{&quot;background_background&quot;:&quot;classic&quot;}\">\n\t\t\t\t<div class=\"elementor-element elementor-element-bb841c9 elementor-widget__width-inherit elementor-widget-tablet__width-inherit elementor-widget elementor-widget-text-editor\" data-id=\"bb841c9\" data-element_type=\"widget\" data-e-type=\"widget\" data-widget_type=\"text-editor.default\">\n\t\t\t\t<div class=\"elementor-widget-container\">\n\t\t\t\t\t\t\t\t\t<h4>Tavola Rosa Ticino<\/h4><p>Rencontres \u00e0 Lugano, Locarno et Mendrisio<\/p>\t\t\t\t\t\t\t\t<\/div>\n\t\t\t\t<\/div>\n\t\t\t\t<div class=\"elementor-element elementor-element-076c22f elementor-widget elementor-widget-heading\" data-id=\"076c22f\" data-element_type=\"widget\" data-e-type=\"widget\" data-widget_type=\"heading.default\">\n\t\t\t\t<div class=\"elementor-widget-container\">\n\t\t\t\t\t<span class=\"elementor-heading-title elementor-size-default\"><a href=\"mailto:tr-ticino@europadonna.ch\">Courriel<\/a><\/span>\t\t\t\t<\/div>\n\t\t\t\t<\/div>\n\t\t\t\t<\/div>\n\t\t\t\t<\/div>\n\t\t\t\t<div class=\"elementor-element elementor-element-8887fad elementor-align-center elementor-widget__width-inherit elementor-widget elementor-widget-button\" data-id=\"8887fad\" data-element_type=\"widget\" data-e-type=\"widget\" data-widget_type=\"button.default\">\n\t\t\t\t<div class=\"elementor-widget-container\">\n\t\t\t\t\t\t\t\t\t<div class=\"elementor-button-wrapper\">\n\t\t\t\t\t<a class=\"elementor-button elementor-button-link elementor-size-sm\" href=\"https:\/\/europadonna.ch\/fr\/donner\/\">\n\t\t\t\t\t\t<span class=\"elementor-button-content-wrapper\">\n\t\t\t\t\t\t\t\t\t<span class=\"elementor-button-text\">Soutenir Tavola Rosa<\/span>\n\t\t\t\t\t<\/span>\n\t\t\t\t\t<\/a>\n\t\t\t\t<\/div>\n\t\t\t\t\t\t\t\t<\/div>\n\t\t\t\t<\/div>\n\t\t\t\t\t<\/div>\n\t\t\t\t<\/div>\n\t\t\t\t<\/div>\n\t\t","protected":false},"excerpt":{"rendered":"<p>Tavola Rosa \u2013 Tables rondes pour les femmes atteintes d&rsquo;un cancer du sein Un diagnostic relie &#8211; nous sommes l\u00e0 pour toi Nos rencontres TAVOLA ROSA dans quelques villes suisses offrent des \u00e9changes personnels &#8211; h\u00e9t\u00e9roclites, un engagement de personnes concern\u00e9es pour des personnes concern\u00e9es. Dans une ambiance conviviale, dans un caf\u00e9, lors d&rsquo;un pique-nique [&hellip;]<\/p>\n","protected":false},"author":2,"featured_media":0,"parent":0,"menu_order":0,"comment_status":"closed","ping_status":"closed","template":"","meta":{"footnotes":""},"class_list":["post-4124","page","type-page","status-publish","hentry"],"_links":{"self":[{"href":"https:\/\/europadonna.ch\/fr\/wp-json\/wp\/v2\/pages\/4124","targetHints":{"allow":["GET"]}}],"collection":[{"href":"https:\/\/europadonna.ch\/fr\/wp-json\/wp\/v2\/pages"}],"about":[{"href":"https:\/\/europadonna.ch\/fr\/wp-json\/wp\/v2\/types\/page"}],"author":[{"embeddable":true,"href":"https:\/\/europadonna.ch\/fr\/wp-json\/wp\/v2\/users\/2"}],"replies":[{"embeddable":true,"href":"https:\/\/europadonna.ch\/fr\/wp-json\/wp\/v2\/comments?post=4124"}],"version-history":[{"count":14,"href":"https:\/\/europadonna.ch\/fr\/wp-json\/wp\/v2\/pages\/4124\/revisions"}],"predecessor-version":[{"id":5602,"href":"https:\/\/europadonna.ch\/fr\/wp-json\/wp\/v2\/pages\/4124\/revisions\/5602"}],"wp:attachment":[{"href":"https:\/\/europadonna.ch\/fr\/wp-json\/wp\/v2\/media?parent=4124"}],"curies":[{"name":"wp","href":"https:\/\/api.w.org\/{rel}","templated":true}]}}