{"id":4146,"date":"2025-06-16T10:09:31","date_gmt":"2025-06-16T08:09:31","guid":{"rendered":"https:\/\/europadonna.ch\/lobbying-politique\/"},"modified":"2025-07-16T17:40:06","modified_gmt":"2025-07-16T15:40:06","slug":"lobbying-politique","status":"publish","type":"page","link":"https:\/\/europadonna.ch\/fr\/lobbying-politique\/","title":{"rendered":"Lobbying politique"},"content":{"rendered":"\t\t<div data-elementor-type=\"wp-page\" data-elementor-id=\"4146\" class=\"elementor elementor-4146 elementor-2069\" data-elementor-post-type=\"page\">\n\t\t\t\t<div class=\"elementor-element elementor-element-da9e5d4 e-con-full e-flex e-con e-parent\" data-id=\"da9e5d4\" data-element_type=\"container\" data-e-type=\"container\" data-settings=\"{&quot;background_background&quot;:&quot;classic&quot;}\">\n\t\t\t\t<div class=\"elementor-element elementor-element-4759f0c elementor-widget__width-inherit elementor-widget elementor-widget-heading\" data-id=\"4759f0c\" data-element_type=\"widget\" data-e-type=\"widget\" data-widget_type=\"heading.default\">\n\t\t\t\t<div class=\"elementor-widget-container\">\n\t\t\t\t\t<h1 class=\"elementor-heading-title elementor-size-default\">Lobbying politique<\/h1>\t\t\t\t<\/div>\n\t\t\t\t<\/div>\n\t\t<div class=\"elementor-element elementor-element-e03278f e-con-full e-flex e-con e-child\" data-id=\"e03278f\" data-element_type=\"container\" data-e-type=\"container\">\n\t\t\t\t<div class=\"elementor-element elementor-element-d80a46f elementor-widget__width-inherit elementor-widget-tablet__width-inherit elementor-widget-mobile__width-inherit elementor-widget elementor-widget-image\" data-id=\"d80a46f\" data-element_type=\"widget\" data-e-type=\"widget\" data-widget_type=\"image.default\">\n\t\t\t\t<div class=\"elementor-widget-container\">\n\t\t\t\t\t\t\t\t\t\t\t\t\t\t\t<img fetchpriority=\"high\" decoding=\"async\" width=\"800\" height=\"538\" src=\"https:\/\/europadonna.ch\/wp-content\/uploads\/2025\/06\/Buerenlauf-2018-14-1024x688.jpg\" class=\"attachment-large size-large wp-image-1904\" alt=\"\" srcset=\"https:\/\/europadonna.ch\/wp-content\/uploads\/2025\/06\/Buerenlauf-2018-14-1024x688.jpg 1024w, https:\/\/europadonna.ch\/wp-content\/uploads\/2025\/06\/Buerenlauf-2018-14-300x201.jpg 300w, https:\/\/europadonna.ch\/wp-content\/uploads\/2025\/06\/Buerenlauf-2018-14-768x516.jpg 768w, https:\/\/europadonna.ch\/wp-content\/uploads\/2025\/06\/Buerenlauf-2018-14-1536x1031.jpg 1536w, https:\/\/europadonna.ch\/wp-content\/uploads\/2025\/06\/Buerenlauf-2018-14-600x403.jpg 600w, https:\/\/europadonna.ch\/wp-content\/uploads\/2025\/06\/Buerenlauf-2018-14.jpg 2048w\" sizes=\"(max-width: 800px) 100vw, 800px\" \/>\t\t\t\t\t\t\t\t\t\t\t\t\t\t\t<\/div>\n\t\t\t\t<\/div>\n\t\t\t\t<\/div>\n\t\t<div class=\"elementor-element elementor-element-6aa4f5f e-con-full e-flex e-con e-child\" data-id=\"6aa4f5f\" data-element_type=\"container\" data-e-type=\"container\">\n\t\t\t\t<div class=\"elementor-element elementor-element-2e669af elementor-widget__width-inherit elementor-widget elementor-widget-text-editor\" data-id=\"2e669af\" data-element_type=\"widget\" data-e-type=\"widget\" data-widget_type=\"text-editor.default\">\n\t\t\t\t<div class=\"elementor-widget-container\">\n\t\t\t\t\t\t\t\t\t<p><strong>Un oui au d\u00e9pistage du cancer du sein<\/strong><\/p><p>EUROPA DONNA Suisse se bat pour que toutes les femmes en Suisse aient acc\u00e8s \u00e0 des mammographies de d\u00e9pistage de qualit\u00e9 contr\u00f4l\u00e9e. Les femmes \u00e2g\u00e9es de 50 \u00e0 70 ans sont invit\u00e9es tous les deux ans \u00e0 effectuer un d\u00e9pistage du cancer du sein selon les normes les plus strictes. Cela permet souvent de d\u00e9tecter une \u00e9ventuelle maladie \u00e0 un stade pr\u00e9coce, les traitements sont plus efficaces et moins contraignants et le taux de mortalit\u00e9 diminue. Tous les cantons n&rsquo;ont pas encore mis en place des programmes de d\u00e9pistage de qualit\u00e9 contr\u00f4l\u00e9e. Nous voulons que <b>toutes les<\/b> femmes en Suisse aient acc\u00e8s \u00e0 des mammographies de d\u00e9pistage de qualit\u00e9 contr\u00f4l\u00e9e.    <\/p>\t\t\t\t\t\t\t\t<\/div>\n\t\t\t\t<\/div>\n\t\t\t\t<\/div>\n\t\t<div class=\"elementor-element elementor-element-c26227f e-con-full e-flex e-con e-child\" data-id=\"c26227f\" data-element_type=\"container\" data-e-type=\"container\">\n\t\t\t\t<div class=\"elementor-element elementor-element-f607f3d elementor-widget__width-inherit elementor-widget-tablet__width-initial elementor-widget-mobile__width-inherit elementor-widget elementor-widget-text-editor\" data-id=\"f607f3d\" data-element_type=\"widget\" data-e-type=\"widget\" data-widget_type=\"text-editor.default\">\n\t\t\t\t<div class=\"elementor-widget-container\">\n\t\t\t\t\t\t\t\t\t<p><strong>Jeunes femmes<\/strong><\/p><p>Aujourd&rsquo;hui, une femme sur cinq est \u00e2g\u00e9e de moins de cinquante ans au moment du diagnostic. Depuis 2014, nous nous engageons sp\u00e9cialement pour les femmes plus jeunes. Par exemple avec le lancement de l&rsquo;application mobile <b>Breast Test<\/b> dans les trois langues nationales (allemand, fran\u00e7ais et italien). L&rsquo;application mobile est gratuite et accompagne les femmes de la g\u00e9n\u00e9ration des smartphones dans l&rsquo;auto-examen r\u00e9gulier des seins.   <\/p><p><a style=\"background-color: #fff4f0;\" href=\"https:\/\/europadonna.ch\/wp-content\/uploads\/2025\/07\/Breast-Test-App.pdf\" target=\"_blank\" rel=\"noopener\">\u00c0 propos de l&rsquo;application Breast Test<\/a><\/p>\t\t\t\t\t\t\t\t<\/div>\n\t\t\t\t<\/div>\n\t\t<div class=\"elementor-element elementor-element-7f11629 e-con-full e-flex e-con e-child\" data-id=\"7f11629\" data-element_type=\"container\" data-e-type=\"container\" data-settings=\"{&quot;background_background&quot;:&quot;classic&quot;}\">\n\t\t\t\t<div class=\"elementor-element elementor-element-afdf7c4 elementor-widget elementor-widget-text-editor\" data-id=\"afdf7c4\" data-element_type=\"widget\" data-e-type=\"widget\" data-widget_type=\"text-editor.default\">\n\t\t\t\t<div class=\"elementor-widget-container\">\n\t\t\t\t\t\t\t\t\t<p>Depuis 2022, la bo\u00eete de sensibilisation Pink Cube &#8211; Test your Breast &#8211; parcourt les villes suisses sous l&rsquo;\u00e9gide d&rsquo;EUROPA DONNA Suisse et avec le soutien de la Ligue suisse contre le cancer.<\/p>\t\t\t\t\t\t\t\t<\/div>\n\t\t\t\t<\/div>\n\t\t\t\t<div class=\"elementor-element elementor-element-386879d elementor-widget elementor-widget-heading\" data-id=\"386879d\" data-element_type=\"widget\" data-e-type=\"widget\" data-widget_type=\"heading.default\">\n\t\t\t\t<div class=\"elementor-widget-container\">\n\t\t\t\t\t<span class=\"elementor-heading-title elementor-size-default\"><a href=\"https:\/\/pinkcube-testyourbreast.ch\/\" target=\"_blank\" rel=\"noopener\">Pink Cube<\/a><\/span>\t\t\t\t<\/div>\n\t\t\t\t<\/div>\n\t\t\t\t<\/div>\n\t\t\t\t<\/div>\n\t\t<div class=\"elementor-element elementor-element-467ea0f e-con-full e-flex e-con e-child\" data-id=\"467ea0f\" data-element_type=\"container\" data-e-type=\"container\">\n\t\t\t\t<div class=\"elementor-element elementor-element-6793021 elementor-widget__width-inherit elementor-widget elementor-widget-text-editor\" data-id=\"6793021\" data-element_type=\"widget\" data-e-type=\"widget\" data-widget_type=\"text-editor.default\">\n\t\t\t\t<div class=\"elementor-widget-container\">\n\t\t\t\t\t\t\t\t\t<p><strong>D\u00e9fense des int\u00e9r\u00eats<\/strong><\/p><p>Il faut \u00e9galement compter avec nous sur le plan politique : Fin 2014, nous avons obtenu un grand succ\u00e8s sur le th\u00e8me de la correction de l&rsquo;asym\u00e9trie. En cas de reconstruction mammaire apr\u00e8s un cancer du sein, l&rsquo;assurance obligatoire des soins rembourse d\u00e9sormais aussi, depuis d\u00e9but 2015, les co\u00fbts de la r\u00e9duction du sein sain. Une intervention politique correspondante de la conseill\u00e8re nationale bernoise Margret Kiener Nellen (PS), membre d&rsquo;EUROPA DONNA SUISSE, est ainsi satisfaite.  <\/p>\t\t\t\t\t\t\t\t<\/div>\n\t\t\t\t<\/div>\n\t\t<div class=\"elementor-element elementor-element-a73539d e-con-full e-flex e-con e-child\" data-id=\"a73539d\" data-element_type=\"container\" data-e-type=\"container\">\n\t\t\t\t<div class=\"elementor-element elementor-element-6d3d1b5 elementor-align-justify elementor-widget__width-initial elementor-widget elementor-widget-button\" data-id=\"6d3d1b5\" data-element_type=\"widget\" data-e-type=\"widget\" data-widget_type=\"button.default\">\n\t\t\t\t<div class=\"elementor-widget-container\">\n\t\t\t\t\t\t\t\t\t<div class=\"elementor-button-wrapper\">\n\t\t\t\t\t<a class=\"elementor-button elementor-button-link elementor-size-sm\" href=\"https:\/\/europadonna.ch\/fr\/devenir-membre\/\">\n\t\t\t\t\t\t<span class=\"elementor-button-content-wrapper\">\n\t\t\t\t\t\t\t\t\t<span class=\"elementor-button-text\">Devenir membre<\/span>\n\t\t\t\t\t<\/span>\n\t\t\t\t\t<\/a>\n\t\t\t\t<\/div>\n\t\t\t\t\t\t\t\t<\/div>\n\t\t\t\t<\/div>\n\t\t\t\t<div class=\"elementor-element elementor-element-9893e2a elementor-align-justify elementor-widget__width-initial elementor-widget elementor-widget-button\" data-id=\"9893e2a\" data-element_type=\"widget\" data-e-type=\"widget\" data-widget_type=\"button.default\">\n\t\t\t\t<div class=\"elementor-widget-container\">\n\t\t\t\t\t\t\t\t\t<div class=\"elementor-button-wrapper\">\n\t\t\t\t\t<a class=\"elementor-button elementor-button-link elementor-size-sm\" href=\"https:\/\/europadonna.ch\/fr\/devenir-membre\/\">\n\t\t\t\t\t\t<span class=\"elementor-button-content-wrapper\">\n\t\t\t\t\t\t\t\t\t<span class=\"elementor-button-text\">Parrainage<\/span>\n\t\t\t\t\t<\/span>\n\t\t\t\t\t<\/a>\n\t\t\t\t<\/div>\n\t\t\t\t\t\t\t\t<\/div>\n\t\t\t\t<\/div>\n\t\t\t\t<\/div>\n\t\t\t\t<\/div>\n\t\t\t\t<\/div>\n\t\t\t\t<\/div>\n\t\t","protected":false},"excerpt":{"rendered":"<p>Lobbying politique Un oui au d\u00e9pistage du cancer du sein EUROPA DONNA Suisse se bat pour que toutes les femmes en Suisse aient acc\u00e8s \u00e0 des mammographies de d\u00e9pistage de qualit\u00e9 contr\u00f4l\u00e9e. Les femmes \u00e2g\u00e9es de 50 \u00e0 70 ans sont invit\u00e9es tous les deux ans \u00e0 effectuer un d\u00e9pistage du cancer du sein selon [&hellip;]<\/p>\n","protected":false},"author":2,"featured_media":0,"parent":0,"menu_order":0,"comment_status":"closed","ping_status":"closed","template":"","meta":{"footnotes":""},"class_list":["post-4146","page","type-page","status-publish","hentry"],"_links":{"self":[{"href":"https:\/\/europadonna.ch\/fr\/wp-json\/wp\/v2\/pages\/4146","targetHints":{"allow":["GET"]}}],"collection":[{"href":"https:\/\/europadonna.ch\/fr\/wp-json\/wp\/v2\/pages"}],"about":[{"href":"https:\/\/europadonna.ch\/fr\/wp-json\/wp\/v2\/types\/page"}],"author":[{"embeddable":true,"href":"https:\/\/europadonna.ch\/fr\/wp-json\/wp\/v2\/users\/2"}],"replies":[{"embeddable":true,"href":"https:\/\/europadonna.ch\/fr\/wp-json\/wp\/v2\/comments?post=4146"}],"version-history":[{"count":5,"href":"https:\/\/europadonna.ch\/fr\/wp-json\/wp\/v2\/pages\/4146\/revisions"}],"predecessor-version":[{"id":4383,"href":"https:\/\/europadonna.ch\/fr\/wp-json\/wp\/v2\/pages\/4146\/revisions\/4383"}],"wp:attachment":[{"href":"https:\/\/europadonna.ch\/fr\/wp-json\/wp\/v2\/media?parent=4146"}],"curies":[{"name":"wp","href":"https:\/\/api.w.org\/{rel}","templated":true}]}}