{"id":4154,"date":"2025-06-16T10:47:00","date_gmt":"2025-06-16T08:47:00","guid":{"rendered":"https:\/\/europadonna.ch\/breast-friends-forever\/"},"modified":"2025-07-23T16:56:30","modified_gmt":"2025-07-23T14:56:30","slug":"breast-friends-forever","status":"publish","type":"page","link":"https:\/\/europadonna.ch\/fr\/breast-friends-forever\/","title":{"rendered":"Breast Friends Forever \u2013 fit &amp; fun"},"content":{"rendered":"\t\t<div data-elementor-type=\"wp-page\" data-elementor-id=\"4154\" class=\"elementor elementor-4154 elementor-2082\" data-elementor-post-type=\"page\">\n\t\t\t\t<div class=\"elementor-element elementor-element-db04ad9 e-flex e-con-boxed e-con e-parent\" data-id=\"db04ad9\" data-element_type=\"container\" data-e-type=\"container\" data-settings=\"{&quot;background_background&quot;:&quot;classic&quot;}\">\n\t\t\t\t\t<div class=\"e-con-inner\">\n\t\t\t\t<div class=\"elementor-element elementor-element-f148a3f elementor-widget__width-inherit elementor-widget elementor-widget-heading\" data-id=\"f148a3f\" data-element_type=\"widget\" data-e-type=\"widget\" data-widget_type=\"heading.default\">\n\t\t\t\t<div class=\"elementor-widget-container\">\n\t\t\t\t\t<h1 class=\"elementor-heading-title elementor-size-default\">fit &amp; fun: Breast Friends Forever<\/h1>\t\t\t\t<\/div>\n\t\t\t\t<\/div>\n\t\t<div class=\"elementor-element elementor-element-5228855 e-con-full e-flex e-con e-child\" data-id=\"5228855\" data-element_type=\"container\" data-e-type=\"container\">\n\t\t\t\t<div class=\"elementor-element elementor-element-b995bf8 elementor-widget__width-inherit elementor-widget-tablet__width-initial elementor-widget-mobile__width-inherit elementor-widget elementor-widget-image\" data-id=\"b995bf8\" data-element_type=\"widget\" data-e-type=\"widget\" data-widget_type=\"image.default\">\n\t\t\t\t<div class=\"elementor-widget-container\">\n\t\t\t\t\t\t\t\t\t\t\t\t\t\t\t<img fetchpriority=\"high\" decoding=\"async\" width=\"800\" height=\"426\" src=\"https:\/\/europadonna.ch\/wp-content\/uploads\/2025\/06\/Breast-Friends-Buerenlauf-1024x545.jpg\" class=\"attachment-large size-large wp-image-2085\" alt=\"\" srcset=\"https:\/\/europadonna.ch\/wp-content\/uploads\/2025\/06\/Breast-Friends-Buerenlauf-1024x545.jpg 1024w, https:\/\/europadonna.ch\/wp-content\/uploads\/2025\/06\/Breast-Friends-Buerenlauf-300x160.jpg 300w, https:\/\/europadonna.ch\/wp-content\/uploads\/2025\/06\/Breast-Friends-Buerenlauf-768x408.jpg 768w, https:\/\/europadonna.ch\/wp-content\/uploads\/2025\/06\/Breast-Friends-Buerenlauf-1536x817.jpg 1536w, https:\/\/europadonna.ch\/wp-content\/uploads\/2025\/06\/Breast-Friends-Buerenlauf-600x319.jpg 600w, https:\/\/europadonna.ch\/wp-content\/uploads\/2025\/06\/Breast-Friends-Buerenlauf.jpg 2048w\" sizes=\"(max-width: 800px) 100vw, 800px\" \/>\t\t\t\t\t\t\t\t\t\t\t\t\t\t\t<\/div>\n\t\t\t\t<\/div>\n\t\t<div class=\"elementor-element elementor-element-7ccc18f e-con-full e-flex e-con e-child\" data-id=\"7ccc18f\" data-element_type=\"container\" data-e-type=\"container\" data-settings=\"{&quot;background_background&quot;:&quot;classic&quot;}\">\n\t\t\t\t<div class=\"elementor-element elementor-element-ce81842 elementor-widget elementor-widget-text-editor\" data-id=\"ce81842\" data-element_type=\"widget\" data-e-type=\"widget\" data-widget_type=\"text-editor.default\">\n\t\t\t\t<div class=\"elementor-widget-container\">\n\t\t\t\t\t\t\t\t\t<p>Tu souhaites nous soutenir et mettre sur pied une \u00e9quipe pour une course populaire suisse pour nous ? C&rsquo;est tr\u00e8s simple, nous t&rsquo;aidons volontiers &#8211; contacte-nous !<\/p>\t\t\t\t\t\t\t\t<\/div>\n\t\t\t\t<\/div>\n\t\t\t\t<div class=\"elementor-element elementor-element-13c3803 elementor-widget elementor-widget-heading\" data-id=\"13c3803\" data-element_type=\"widget\" data-e-type=\"widget\" data-widget_type=\"heading.default\">\n\t\t\t\t<div class=\"elementor-widget-container\">\n\t\t\t\t\t<span class=\"elementor-heading-title elementor-size-default\"><a href=\"mailto:julia.curty@europadonna.ch\">Courriel<\/a><\/span>\t\t\t\t<\/div>\n\t\t\t\t<\/div>\n\t\t\t\t<\/div>\n\t\t\t\t<\/div>\n\t\t<div class=\"elementor-element elementor-element-57fee17 e-con-full e-flex e-con e-child\" data-id=\"57fee17\" data-element_type=\"container\" data-e-type=\"container\">\n\t\t\t\t<div class=\"elementor-element elementor-element-ed7420e elementor-widget__width-inherit elementor-widget elementor-widget-text-editor\" data-id=\"ed7420e\" data-element_type=\"widget\" data-e-type=\"widget\" data-widget_type=\"text-editor.default\">\n\t\t\t\t<div class=\"elementor-widget-container\">\n\t\t\t\t\t\t\t\t\t<p><strong>Une offre pour tous les passionn\u00e9s de sport<\/strong><\/p><p>Les Breast Friends existent depuis 2018. Ensemble, nous courons contre le cancer, pour le d\u00e9pistage et par solidarit\u00e9 avec les personnes touch\u00e9es par le cancer du sein. Tu es l\u00e0 pour soutenir moralement une amie ou une connaissance ou simplement pour faire un geste. Peut-\u00eatre que tu es toi-m\u00eame concern\u00e9 et que tu veux donner du courage aux autres. Nous c\u00e9l\u00e9brons cette journ\u00e9e et notre vie avec des gens sympas, du sport et des moments g\u00e9niaux. Il n&rsquo;y a aucune obligation &#8211; si ce n&rsquo;est de porter notre t-shirt (\u00ab survivor \u00bb ou \u00ab breast friend \u00bb) et de prendre quelques photos avec nous, que nous pourrons utiliser pour une bonne cause. Nous recherchons \u00e9galement des sponsors. Int\u00e9ress\u00e9(e) ? Nous nous r\u00e9jouissons de t&rsquo;accueillir !<\/p><p>Nos courses officielles sont actuellement : Wake up and run Bienne, Frauenlauf Bern et B\u00fcrenlauf.<\/p>\t\t\t\t\t\t\t\t<\/div>\n\t\t\t\t<\/div>\n\t\t<div class=\"elementor-element elementor-element-abd5a31 e-con-full e-flex e-con e-child\" data-id=\"abd5a31\" data-element_type=\"container\" data-e-type=\"container\">\n\t\t\t\t<div class=\"elementor-element elementor-element-686baf5 elementor-align-justify elementor-widget__width-initial elementor-widget elementor-widget-button\" data-id=\"686baf5\" data-element_type=\"widget\" data-e-type=\"widget\" data-widget_type=\"button.default\">\n\t\t\t\t<div class=\"elementor-widget-container\">\n\t\t\t\t\t\t\t\t\t<div class=\"elementor-button-wrapper\">\n\t\t\t\t\t<a class=\"elementor-button elementor-button-link elementor-size-sm\" href=\"https:\/\/europadonna.ch\/fr\/breast-friends-impressions\/\">\n\t\t\t\t\t\t<span class=\"elementor-button-content-wrapper\">\n\t\t\t\t\t\t\t\t\t<span class=\"elementor-button-text\">Vers la galerie de photos<\/span>\n\t\t\t\t\t<\/span>\n\t\t\t\t\t<\/a>\n\t\t\t\t<\/div>\n\t\t\t\t\t\t\t\t<\/div>\n\t\t\t\t<\/div>\n\t\t\t\t<div class=\"elementor-element elementor-element-cecd3bb elementor-align-justify elementor-widget__width-initial elementor-widget elementor-widget-button\" data-id=\"cecd3bb\" data-element_type=\"widget\" data-e-type=\"widget\" data-widget_type=\"button.default\">\n\t\t\t\t<div class=\"elementor-widget-container\">\n\t\t\t\t\t\t\t\t\t<div class=\"elementor-button-wrapper\">\n\t\t\t\t\t<a class=\"elementor-button elementor-button-link elementor-size-sm\" href=\"https:\/\/europadonna.ch\/fr\/devenir-membre\/\">\n\t\t\t\t\t\t<span class=\"elementor-button-content-wrapper\">\n\t\t\t\t\t\t\t\t\t<span class=\"elementor-button-text\">Parrainage<\/span>\n\t\t\t\t\t<\/span>\n\t\t\t\t\t<\/a>\n\t\t\t\t<\/div>\n\t\t\t\t\t\t\t\t<\/div>\n\t\t\t\t<\/div>\n\t\t\t\t<\/div>\n\t\t\t\t<\/div>\n\t\t\t\t\t<\/div>\n\t\t\t\t<\/div>\n\t\t\t\t<\/div>\n\t\t","protected":false},"excerpt":{"rendered":"<p>fit &amp; fun: Breast Friends Forever Tu souhaites nous soutenir et mettre sur pied une \u00e9quipe pour une course populaire suisse pour nous ? C&rsquo;est tr\u00e8s simple, nous t&rsquo;aidons volontiers &#8211; contacte-nous ! Courriel Une offre pour tous les passionn\u00e9s de sport Les Breast Friends existent depuis 2018. Ensemble, nous courons contre le cancer, pour [&hellip;]<\/p>\n","protected":false},"author":2,"featured_media":0,"parent":0,"menu_order":0,"comment_status":"closed","ping_status":"closed","template":"","meta":{"footnotes":""},"class_list":["post-4154","page","type-page","status-publish","hentry"],"_links":{"self":[{"href":"https:\/\/europadonna.ch\/fr\/wp-json\/wp\/v2\/pages\/4154","targetHints":{"allow":["GET"]}}],"collection":[{"href":"https:\/\/europadonna.ch\/fr\/wp-json\/wp\/v2\/pages"}],"about":[{"href":"https:\/\/europadonna.ch\/fr\/wp-json\/wp\/v2\/types\/page"}],"author":[{"embeddable":true,"href":"https:\/\/europadonna.ch\/fr\/wp-json\/wp\/v2\/users\/2"}],"replies":[{"embeddable":true,"href":"https:\/\/europadonna.ch\/fr\/wp-json\/wp\/v2\/comments?post=4154"}],"version-history":[{"count":5,"href":"https:\/\/europadonna.ch\/fr\/wp-json\/wp\/v2\/pages\/4154\/revisions"}],"predecessor-version":[{"id":4409,"href":"https:\/\/europadonna.ch\/fr\/wp-json\/wp\/v2\/pages\/4154\/revisions\/4409"}],"wp:attachment":[{"href":"https:\/\/europadonna.ch\/fr\/wp-json\/wp\/v2\/media?parent=4154"}],"curies":[{"name":"wp","href":"https:\/\/api.w.org\/{rel}","templated":true}]}}