{"id":4186,"date":"2025-05-12T13:47:32","date_gmt":"2025-05-12T11:47:32","guid":{"rendered":"https:\/\/europadonna.ch\/pink-cube-impressions\/"},"modified":"2025-07-15T07:40:25","modified_gmt":"2025-07-15T05:40:25","slug":"pink-cube-impressions","status":"publish","type":"page","link":"https:\/\/europadonna.ch\/fr\/pink-cube-impressions\/","title":{"rendered":"Pink Cube"},"content":{"rendered":"\t\t<div data-elementor-type=\"wp-page\" data-elementor-id=\"4186\" class=\"elementor elementor-4186 elementor-525\" data-elementor-post-type=\"page\">\n\t\t\t\t<div class=\"elementor-element elementor-element-db04ad9 e-flex e-con-boxed e-con e-parent\" data-id=\"db04ad9\" data-element_type=\"container\" data-e-type=\"container\">\n\t\t\t\t\t<div class=\"e-con-inner\">\n\t\t<div class=\"elementor-element elementor-element-9ee89fe e-con-full e-flex e-con e-child\" data-id=\"9ee89fe\" data-element_type=\"container\" data-e-type=\"container\">\n\t\t\t\t<div class=\"elementor-element elementor-element-91af409 elementor-widget elementor-widget-heading\" data-id=\"91af409\" data-element_type=\"widget\" data-e-type=\"widget\" data-widget_type=\"heading.default\">\n\t\t\t\t<div class=\"elementor-widget-container\">\n\t\t\t\t\t<h3 class=\"elementor-heading-title elementor-size-default\">\u00c9galit\u00e9 des chances \u2013 Close the Gap !<\/h3>\t\t\t\t<\/div>\n\t\t\t\t<\/div>\n\t\t\t\t<div class=\"elementor-element elementor-element-f148a3f elementor-widget elementor-widget-heading\" data-id=\"f148a3f\" data-element_type=\"widget\" data-e-type=\"widget\" data-widget_type=\"heading.default\">\n\t\t\t\t<div class=\"elementor-widget-container\">\n\t\t\t\t\t<h1 class=\"elementor-heading-title elementor-size-default\">Pink Cube<\/h1>\t\t\t\t<\/div>\n\t\t\t\t<\/div>\n\t\t\t\t<div class=\"elementor-element elementor-element-9851ea3 elementor-widget elementor-widget-text-editor\" data-id=\"9851ea3\" data-element_type=\"widget\" data-e-type=\"widget\" data-widget_type=\"text-editor.default\">\n\t\t\t\t<div class=\"elementor-widget-container\">\n\t\t\t\t\t\t\t\t\t<p>Le d\u00e9pistage pr\u00e9coce du cancer du sein peut sauver des vies. Plus une tumeur est d\u00e9tect\u00e9e t\u00f4t, plus les chances de gu\u00e9rison sont grandes et moins les traitements sont lourds. PINK CUBE Test Your Breast est une initiative unique en son genre visant \u00e0 promouvoir la pr\u00e9vention du cancer du sein en Suisse. Elle sensibilise le public, transmet des connaissances et renforce le d\u00e9pistage pr\u00e9coce. Le c\u0153ur de notre travail est le roadshow annuel PINK CUBE &#8211; une action de sensibilisation dans le cadre du mois d&rsquo;octobre consacr\u00e9 au cancer du sein dans diff\u00e9rents cantons de Suisse, rendue possible par une collaboration partenariale et un sponsoring.<\/p><p>En 2025, nous commencerons d\u00e8s septembre (coup d&rsquo;envoi le 6 septembre \u00e0 Zurich) afin d&rsquo;\u00eatre pr\u00e9sents dans tous les cantons ne disposant pas d&rsquo;un programme de d\u00e9pistage par mammographie dont la qualit\u00e9 est garantie.<\/p>\t\t\t\t\t\t\t\t<\/div>\n\t\t\t\t<\/div>\n\t\t\t\t<\/div>\n\t\t\t\t\t<\/div>\n\t\t\t\t<\/div>\n\t\t<div class=\"elementor-element elementor-element-8c7b055 e-con-full e-flex e-con e-parent\" data-id=\"8c7b055\" data-element_type=\"container\" data-e-type=\"container\">\n\t\t<div class=\"elementor-element elementor-element-0a2828e e-flex e-con-boxed e-con e-child\" data-id=\"0a2828e\" data-element_type=\"container\" data-e-type=\"container\">\n\t\t\t\t\t<div class=\"e-con-inner\">\n\t\t\t\t<div class=\"elementor-element elementor-element-f6ead58 elementor-widget elementor-widget-heading\" data-id=\"f6ead58\" data-element_type=\"widget\" data-e-type=\"widget\" data-widget_type=\"heading.default\">\n\t\t\t\t<div class=\"elementor-widget-container\">\n\t\t\t\t\t<h2 class=\"elementor-heading-title elementor-size-default\">Galeries de photos<\/h2>\t\t\t\t<\/div>\n\t\t\t\t<\/div>\n\t\t\t\t\t<\/div>\n\t\t\t\t<\/div>\n\t\t\t\t<div class=\"elementor-element elementor-element-5d197fe elementor-widget elementor-widget-gallery\" data-id=\"5d197fe\" data-element_type=\"widget\" data-e-type=\"widget\" data-settings=\"{&quot;gallery_layout&quot;:&quot;masonry&quot;,&quot;columns_tablet&quot;:3,&quot;columns_mobile&quot;:2,&quot;gap&quot;:{&quot;unit&quot;:&quot;px&quot;,&quot;size&quot;:20,&quot;sizes&quot;:[]},&quot;gap_tablet&quot;:{&quot;unit&quot;:&quot;px&quot;,&quot;size&quot;:15,&quot;sizes&quot;:[]},&quot;gap_mobile&quot;:{&quot;unit&quot;:&quot;px&quot;,&quot;size&quot;:15,&quot;sizes&quot;:[]},&quot;lazyload&quot;:&quot;yes&quot;,&quot;columns&quot;:4,&quot;link_to&quot;:&quot;file&quot;,&quot;content_hover_animation&quot;:&quot;fade-in&quot;}\" data-widget_type=\"gallery.default\">\n\t\t\t\t<div class=\"elementor-widget-container\">\n\t\t\t\t\t\t\t<div class=\"elementor-gallery__container\">\n\t\t\t\t\t\t\t<a class=\"e-gallery-item elementor-gallery-item elementor-animated-content\" href=\"https:\/\/europadonna.ch\/wp-content\/uploads\/2025\/05\/Pink-Cube-1.jpg\" data-elementor-open-lightbox=\"yes\" data-elementor-lightbox-slideshow=\"5d197fe\" data-elementor-lightbox-title=\"Pink Cube 1\" data-e-action-hash=\"#elementor-action%3Aaction%3Dlightbox%26settings%3DeyJpZCI6MTMzMywidXJsIjoiaHR0cHM6XC9cL2V1cm9wYWRvbm5hLmNoXC93cC1jb250ZW50XC91cGxvYWRzXC8yMDI1XC8wNVwvUGluay1DdWJlLTEuanBnIiwic2xpZGVzaG93IjoiNWQxOTdmZSJ9\">\n\t\t\t\t\t<div class=\"e-gallery-image elementor-gallery-item__image\" data-thumbnail=\"https:\/\/europadonna.ch\/wp-content\/uploads\/2025\/05\/Pink-Cube-1.jpg\" data-width=\"750\" data-height=\"563\" aria-label=\"\" role=\"img\" ><\/div>\n\t\t\t\t\t\t\t\t\t\t\t\t\t\t<\/a>\n\t\t\t\t\t\t\t<a class=\"e-gallery-item elementor-gallery-item elementor-animated-content\" href=\"https:\/\/europadonna.ch\/wp-content\/uploads\/2025\/05\/Pink-Cube-2.jpg\" data-elementor-open-lightbox=\"yes\" data-elementor-lightbox-slideshow=\"5d197fe\" data-elementor-lightbox-title=\"Pink Cube 2\" data-e-action-hash=\"#elementor-action%3Aaction%3Dlightbox%26settings%3DeyJpZCI6MTMzNCwidXJsIjoiaHR0cHM6XC9cL2V1cm9wYWRvbm5hLmNoXC93cC1jb250ZW50XC91cGxvYWRzXC8yMDI1XC8wNVwvUGluay1DdWJlLTIuanBnIiwic2xpZGVzaG93IjoiNWQxOTdmZSJ9\">\n\t\t\t\t\t<div class=\"e-gallery-image elementor-gallery-item__image\" data-thumbnail=\"https:\/\/europadonna.ch\/wp-content\/uploads\/2025\/05\/Pink-Cube-2.jpg\" data-width=\"750\" data-height=\"1000\" aria-label=\"\" role=\"img\" ><\/div>\n\t\t\t\t\t\t\t\t\t\t\t\t\t\t<\/a>\n\t\t\t\t\t\t\t<a class=\"e-gallery-item elementor-gallery-item elementor-animated-content\" href=\"https:\/\/europadonna.ch\/wp-content\/uploads\/2025\/05\/Pink-Cube-3.jpg\" data-elementor-open-lightbox=\"yes\" data-elementor-lightbox-slideshow=\"5d197fe\" data-elementor-lightbox-title=\"Pink Cube 3\" data-e-action-hash=\"#elementor-action%3Aaction%3Dlightbox%26settings%3DeyJpZCI6MTMzNSwidXJsIjoiaHR0cHM6XC9cL2V1cm9wYWRvbm5hLmNoXC93cC1jb250ZW50XC91cGxvYWRzXC8yMDI1XC8wNVwvUGluay1DdWJlLTMuanBnIiwic2xpZGVzaG93IjoiNWQxOTdmZSJ9\">\n\t\t\t\t\t<div class=\"e-gallery-image elementor-gallery-item__image\" data-thumbnail=\"https:\/\/europadonna.ch\/wp-content\/uploads\/2025\/05\/Pink-Cube-3.jpg\" data-width=\"750\" data-height=\"563\" aria-label=\"\" role=\"img\" ><\/div>\n\t\t\t\t\t\t\t\t\t\t\t\t\t\t<\/a>\n\t\t\t\t\t\t\t<a class=\"e-gallery-item elementor-gallery-item elementor-animated-content\" href=\"https:\/\/europadonna.ch\/wp-content\/uploads\/2025\/05\/Pink-Cube-4.jpg\" data-elementor-open-lightbox=\"yes\" data-elementor-lightbox-slideshow=\"5d197fe\" data-elementor-lightbox-title=\"Pink Cube 4\" data-e-action-hash=\"#elementor-action%3Aaction%3Dlightbox%26settings%3DeyJpZCI6MTMzNiwidXJsIjoiaHR0cHM6XC9cL2V1cm9wYWRvbm5hLmNoXC93cC1jb250ZW50XC91cGxvYWRzXC8yMDI1XC8wNVwvUGluay1DdWJlLTQuanBnIiwic2xpZGVzaG93IjoiNWQxOTdmZSJ9\">\n\t\t\t\t\t<div class=\"e-gallery-image elementor-gallery-item__image\" data-thumbnail=\"https:\/\/europadonna.ch\/wp-content\/uploads\/2025\/05\/Pink-Cube-4.jpg\" data-width=\"750\" data-height=\"563\" aria-label=\"\" role=\"img\" ><\/div>\n\t\t\t\t\t\t\t\t\t\t\t\t\t\t<\/a>\n\t\t\t\t\t\t\t<a class=\"e-gallery-item elementor-gallery-item elementor-animated-content\" href=\"https:\/\/europadonna.ch\/wp-content\/uploads\/2025\/05\/Pink-Cube-5.jpg\" data-elementor-open-lightbox=\"yes\" data-elementor-lightbox-slideshow=\"5d197fe\" data-elementor-lightbox-title=\"Pink Cube 5\" data-e-action-hash=\"#elementor-action%3Aaction%3Dlightbox%26settings%3DeyJpZCI6MTMzNywidXJsIjoiaHR0cHM6XC9cL2V1cm9wYWRvbm5hLmNoXC93cC1jb250ZW50XC91cGxvYWRzXC8yMDI1XC8wNVwvUGluay1DdWJlLTUuanBnIiwic2xpZGVzaG93IjoiNWQxOTdmZSJ9\">\n\t\t\t\t\t<div class=\"e-gallery-image elementor-gallery-item__image\" data-thumbnail=\"https:\/\/europadonna.ch\/wp-content\/uploads\/2025\/05\/Pink-Cube-5.jpg\" data-width=\"750\" data-height=\"976\" aria-label=\"\" role=\"img\" ><\/div>\n\t\t\t\t\t\t\t\t\t\t\t\t\t\t<\/a>\n\t\t\t\t\t\t\t<a class=\"e-gallery-item elementor-gallery-item elementor-animated-content\" href=\"https:\/\/europadonna.ch\/wp-content\/uploads\/2025\/05\/Pink-Cube-6.jpg\" data-elementor-open-lightbox=\"yes\" data-elementor-lightbox-slideshow=\"5d197fe\" data-elementor-lightbox-title=\"Pink Cube 6\" data-e-action-hash=\"#elementor-action%3Aaction%3Dlightbox%26settings%3DeyJpZCI6MTMzOCwidXJsIjoiaHR0cHM6XC9cL2V1cm9wYWRvbm5hLmNoXC93cC1jb250ZW50XC91cGxvYWRzXC8yMDI1XC8wNVwvUGluay1DdWJlLTYuanBnIiwic2xpZGVzaG93IjoiNWQxOTdmZSJ9\">\n\t\t\t\t\t<div class=\"e-gallery-image elementor-gallery-item__image\" data-thumbnail=\"https:\/\/europadonna.ch\/wp-content\/uploads\/2025\/05\/Pink-Cube-6.jpg\" data-width=\"750\" data-height=\"1000\" aria-label=\"\" role=\"img\" ><\/div>\n\t\t\t\t\t\t\t\t\t\t\t\t\t\t<\/a>\n\t\t\t\t\t\t\t<a class=\"e-gallery-item elementor-gallery-item elementor-animated-content\" href=\"https:\/\/europadonna.ch\/wp-content\/uploads\/2025\/05\/Pink-Cube-7.jpg\" data-elementor-open-lightbox=\"yes\" data-elementor-lightbox-slideshow=\"5d197fe\" data-elementor-lightbox-title=\"Pink Cube 7\" data-e-action-hash=\"#elementor-action%3Aaction%3Dlightbox%26settings%3DeyJpZCI6MTMzOSwidXJsIjoiaHR0cHM6XC9cL2V1cm9wYWRvbm5hLmNoXC93cC1jb250ZW50XC91cGxvYWRzXC8yMDI1XC8wNVwvUGluay1DdWJlLTcuanBnIiwic2xpZGVzaG93IjoiNWQxOTdmZSJ9\">\n\t\t\t\t\t<div class=\"e-gallery-image elementor-gallery-item__image\" data-thumbnail=\"https:\/\/europadonna.ch\/wp-content\/uploads\/2025\/05\/Pink-Cube-7-768x512.jpg\" data-width=\"768\" data-height=\"512\" aria-label=\"\" role=\"img\" ><\/div>\n\t\t\t\t\t\t\t\t\t\t\t\t\t\t<\/a>\n\t\t\t\t\t\t\t<a class=\"e-gallery-item elementor-gallery-item elementor-animated-content\" href=\"https:\/\/europadonna.ch\/wp-content\/uploads\/2025\/05\/Pink-Cube-8.jpg\" data-elementor-open-lightbox=\"yes\" data-elementor-lightbox-slideshow=\"5d197fe\" data-elementor-lightbox-title=\"Pink Cube 8\" data-e-action-hash=\"#elementor-action%3Aaction%3Dlightbox%26settings%3DeyJpZCI6MTM0MCwidXJsIjoiaHR0cHM6XC9cL2V1cm9wYWRvbm5hLmNoXC93cC1jb250ZW50XC91cGxvYWRzXC8yMDI1XC8wNVwvUGluay1DdWJlLTguanBnIiwic2xpZGVzaG93IjoiNWQxOTdmZSJ9\">\n\t\t\t\t\t<div class=\"e-gallery-image elementor-gallery-item__image\" data-thumbnail=\"https:\/\/europadonna.ch\/wp-content\/uploads\/2025\/05\/Pink-Cube-8.jpg\" data-width=\"750\" data-height=\"554\" aria-label=\"\" role=\"img\" ><\/div>\n\t\t\t\t\t\t\t\t\t\t\t\t\t\t<\/a>\n\t\t\t\t\t\t\t<a class=\"e-gallery-item elementor-gallery-item elementor-animated-content\" href=\"https:\/\/europadonna.ch\/wp-content\/uploads\/2025\/05\/Pink-Cube-9.jpg\" data-elementor-open-lightbox=\"yes\" data-elementor-lightbox-slideshow=\"5d197fe\" data-elementor-lightbox-title=\"Pink Cube 9\" data-e-action-hash=\"#elementor-action%3Aaction%3Dlightbox%26settings%3DeyJpZCI6MTM0MSwidXJsIjoiaHR0cHM6XC9cL2V1cm9wYWRvbm5hLmNoXC93cC1jb250ZW50XC91cGxvYWRzXC8yMDI1XC8wNVwvUGluay1DdWJlLTkuanBnIiwic2xpZGVzaG93IjoiNWQxOTdmZSJ9\">\n\t\t\t\t\t<div class=\"e-gallery-image elementor-gallery-item__image\" data-thumbnail=\"https:\/\/europadonna.ch\/wp-content\/uploads\/2025\/05\/Pink-Cube-9-768x497.jpg\" data-width=\"768\" data-height=\"497\" aria-label=\"\" role=\"img\" ><\/div>\n\t\t\t\t\t\t\t\t\t\t\t\t\t\t<\/a>\n\t\t\t\t\t\t\t<a class=\"e-gallery-item elementor-gallery-item elementor-animated-content\" href=\"https:\/\/europadonna.ch\/wp-content\/uploads\/2025\/05\/Pink-Cube-10.jpg\" data-elementor-open-lightbox=\"yes\" data-elementor-lightbox-slideshow=\"5d197fe\" data-elementor-lightbox-title=\"Pink Cube 10\" data-e-action-hash=\"#elementor-action%3Aaction%3Dlightbox%26settings%3DeyJpZCI6MTM0MiwidXJsIjoiaHR0cHM6XC9cL2V1cm9wYWRvbm5hLmNoXC93cC1jb250ZW50XC91cGxvYWRzXC8yMDI1XC8wNVwvUGluay1DdWJlLTEwLmpwZyIsInNsaWRlc2hvdyI6IjVkMTk3ZmUifQ%3D%3D\">\n\t\t\t\t\t<div class=\"e-gallery-image elementor-gallery-item__image\" data-thumbnail=\"https:\/\/europadonna.ch\/wp-content\/uploads\/2025\/05\/Pink-Cube-10.jpg\" data-width=\"750\" data-height=\"1000\" aria-label=\"\" role=\"img\" ><\/div>\n\t\t\t\t\t\t\t\t\t\t\t\t\t\t<\/a>\n\t\t\t\t\t<\/div>\n\t\t\t\t\t<\/div>\n\t\t\t\t<\/div>\n\t\t\t\t<\/div>\n\t\t<div class=\"elementor-element elementor-element-3a83580 e-con-full e-flex e-con e-parent\" data-id=\"3a83580\" data-element_type=\"container\" data-e-type=\"container\">\n\t\t<div class=\"elementor-element elementor-element-21b975a e-flex e-con-boxed e-con e-child\" data-id=\"21b975a\" data-element_type=\"container\" data-e-type=\"container\">\n\t\t\t\t\t<div class=\"e-con-inner\">\n\t\t\t\t<div class=\"elementor-element elementor-element-a1fbf5f elementor-widget elementor-widget-heading\" data-id=\"a1fbf5f\" data-element_type=\"widget\" data-e-type=\"widget\" data-widget_type=\"heading.default\">\n\t\t\t\t<div class=\"elementor-widget-container\">\n\t\t\t\t\t<h2 class=\"elementor-heading-title elementor-size-default\">Pink Cube 2022 \u00e0 Baden<\/h2>\t\t\t\t<\/div>\n\t\t\t\t<\/div>\n\t\t\t\t\t<\/div>\n\t\t\t\t<\/div>\n\t\t\t\t<div class=\"elementor-element elementor-element-d8aaf68 elementor-widget elementor-widget-gallery\" data-id=\"d8aaf68\" data-element_type=\"widget\" data-e-type=\"widget\" data-settings=\"{&quot;gallery_layout&quot;:&quot;masonry&quot;,&quot;columns_tablet&quot;:3,&quot;columns_mobile&quot;:2,&quot;gap&quot;:{&quot;unit&quot;:&quot;px&quot;,&quot;size&quot;:20,&quot;sizes&quot;:[]},&quot;gap_tablet&quot;:{&quot;unit&quot;:&quot;px&quot;,&quot;size&quot;:15,&quot;sizes&quot;:[]},&quot;gap_mobile&quot;:{&quot;unit&quot;:&quot;px&quot;,&quot;size&quot;:15,&quot;sizes&quot;:[]},&quot;lazyload&quot;:&quot;yes&quot;,&quot;columns&quot;:4,&quot;link_to&quot;:&quot;file&quot;,&quot;content_hover_animation&quot;:&quot;fade-in&quot;}\" data-widget_type=\"gallery.default\">\n\t\t\t\t<div class=\"elementor-widget-container\">\n\t\t\t\t\t\t\t<div class=\"elementor-gallery__container\">\n\t\t\t\t\t\t\t<a class=\"e-gallery-item elementor-gallery-item elementor-animated-content\" href=\"https:\/\/europadonna.ch\/wp-content\/uploads\/2025\/05\/Pink-Cube-2022-Baden_091100-scaled.jpg\" data-elementor-open-lightbox=\"yes\" data-elementor-lightbox-slideshow=\"d8aaf68\" data-elementor-lightbox-title=\"Pink Cube 2022 Baden_091100\" data-e-action-hash=\"#elementor-action%3Aaction%3Dlightbox%26settings%3DeyJpZCI6MTM0MywidXJsIjoiaHR0cHM6XC9cL2V1cm9wYWRvbm5hLmNoXC93cC1jb250ZW50XC91cGxvYWRzXC8yMDI1XC8wNVwvUGluay1DdWJlLTIwMjItQmFkZW5fMDkxMTAwLXNjYWxlZC5qcGciLCJzbGlkZXNob3ciOiJkOGFhZjY4In0%3D\">\n\t\t\t\t\t<div class=\"e-gallery-image elementor-gallery-item__image\" data-thumbnail=\"https:\/\/europadonna.ch\/wp-content\/uploads\/2025\/05\/Pink-Cube-2022-Baden_091100-768x1364.jpg\" data-width=\"768\" data-height=\"1364\" aria-label=\"\" role=\"img\" ><\/div>\n\t\t\t\t\t\t\t\t\t\t\t\t\t\t<\/a>\n\t\t\t\t\t\t\t<a class=\"e-gallery-item elementor-gallery-item elementor-animated-content\" href=\"https:\/\/europadonna.ch\/wp-content\/uploads\/2025\/05\/Pink-Cube-2022-Baden_091828-scaled.jpg\" data-elementor-open-lightbox=\"yes\" data-elementor-lightbox-slideshow=\"d8aaf68\" data-elementor-lightbox-title=\"Pink Cube 2022 Baden_091828\" data-e-action-hash=\"#elementor-action%3Aaction%3Dlightbox%26settings%3DeyJpZCI6MTM0NCwidXJsIjoiaHR0cHM6XC9cL2V1cm9wYWRvbm5hLmNoXC93cC1jb250ZW50XC91cGxvYWRzXC8yMDI1XC8wNVwvUGluay1DdWJlLTIwMjItQmFkZW5fMDkxODI4LXNjYWxlZC5qcGciLCJzbGlkZXNob3ciOiJkOGFhZjY4In0%3D\">\n\t\t\t\t\t<div class=\"e-gallery-image elementor-gallery-item__image\" data-thumbnail=\"https:\/\/europadonna.ch\/wp-content\/uploads\/2025\/05\/Pink-Cube-2022-Baden_091828-768x432.jpg\" data-width=\"768\" data-height=\"432\" aria-label=\"\" role=\"img\" ><\/div>\n\t\t\t\t\t\t\t\t\t\t\t\t\t\t<\/a>\n\t\t\t\t\t\t\t<a class=\"e-gallery-item elementor-gallery-item elementor-animated-content\" href=\"https:\/\/europadonna.ch\/wp-content\/uploads\/2025\/05\/Pink-Cube-2022-Baden_124850-scaled.jpg\" data-elementor-open-lightbox=\"yes\" data-elementor-lightbox-slideshow=\"d8aaf68\" data-elementor-lightbox-title=\"Pink Cube 2022 Baden_124850\" data-e-action-hash=\"#elementor-action%3Aaction%3Dlightbox%26settings%3DeyJpZCI6MTM0NSwidXJsIjoiaHR0cHM6XC9cL2V1cm9wYWRvbm5hLmNoXC93cC1jb250ZW50XC91cGxvYWRzXC8yMDI1XC8wNVwvUGluay1DdWJlLTIwMjItQmFkZW5fMTI0ODUwLXNjYWxlZC5qcGciLCJzbGlkZXNob3ciOiJkOGFhZjY4In0%3D\">\n\t\t\t\t\t<div class=\"e-gallery-image elementor-gallery-item__image\" data-thumbnail=\"https:\/\/europadonna.ch\/wp-content\/uploads\/2025\/05\/Pink-Cube-2022-Baden_124850-768x432.jpg\" data-width=\"768\" data-height=\"432\" aria-label=\"\" role=\"img\" ><\/div>\n\t\t\t\t\t\t\t\t\t\t\t\t\t\t<\/a>\n\t\t\t\t\t\t\t<a class=\"e-gallery-item elementor-gallery-item elementor-animated-content\" href=\"https:\/\/europadonna.ch\/wp-content\/uploads\/2025\/05\/Pink-Cube-2022-Baden_144944-scaled.jpg\" data-elementor-open-lightbox=\"yes\" data-elementor-lightbox-slideshow=\"d8aaf68\" data-elementor-lightbox-title=\"Pink Cube 2022 Baden_144944\" data-e-action-hash=\"#elementor-action%3Aaction%3Dlightbox%26settings%3DeyJpZCI6MTM0NiwidXJsIjoiaHR0cHM6XC9cL2V1cm9wYWRvbm5hLmNoXC93cC1jb250ZW50XC91cGxvYWRzXC8yMDI1XC8wNVwvUGluay1DdWJlLTIwMjItQmFkZW5fMTQ0OTQ0LXNjYWxlZC5qcGciLCJzbGlkZXNob3ciOiJkOGFhZjY4In0%3D\">\n\t\t\t\t\t<div class=\"e-gallery-image elementor-gallery-item__image\" data-thumbnail=\"https:\/\/europadonna.ch\/wp-content\/uploads\/2025\/05\/Pink-Cube-2022-Baden_144944-768x432.jpg\" data-width=\"768\" data-height=\"432\" aria-label=\"\" role=\"img\" ><\/div>\n\t\t\t\t\t\t\t\t\t\t\t\t\t\t<\/a>\n\t\t\t\t\t\t\t<a class=\"e-gallery-item elementor-gallery-item elementor-animated-content\" href=\"https:\/\/europadonna.ch\/wp-content\/uploads\/2025\/05\/Pink-Cube-2022-Baden_145540-scaled.jpg\" data-elementor-open-lightbox=\"yes\" data-elementor-lightbox-slideshow=\"d8aaf68\" data-elementor-lightbox-title=\"Pink Cube 2022 Baden_145540\" data-e-action-hash=\"#elementor-action%3Aaction%3Dlightbox%26settings%3DeyJpZCI6MTM0NywidXJsIjoiaHR0cHM6XC9cL2V1cm9wYWRvbm5hLmNoXC93cC1jb250ZW50XC91cGxvYWRzXC8yMDI1XC8wNVwvUGluay1DdWJlLTIwMjItQmFkZW5fMTQ1NTQwLXNjYWxlZC5qcGciLCJzbGlkZXNob3ciOiJkOGFhZjY4In0%3D\">\n\t\t\t\t\t<div class=\"e-gallery-image elementor-gallery-item__image\" data-thumbnail=\"https:\/\/europadonna.ch\/wp-content\/uploads\/2025\/05\/Pink-Cube-2022-Baden_145540-768x432.jpg\" data-width=\"768\" data-height=\"432\" aria-label=\"\" role=\"img\" ><\/div>\n\t\t\t\t\t\t\t\t\t\t\t\t\t\t<\/a>\n\t\t\t\t\t\t\t<a class=\"e-gallery-item elementor-gallery-item elementor-animated-content\" href=\"https:\/\/europadonna.ch\/wp-content\/uploads\/2025\/05\/Pink-Cube-2022-Baden_150308-scaled.jpg\" data-elementor-open-lightbox=\"yes\" data-elementor-lightbox-slideshow=\"d8aaf68\" data-elementor-lightbox-title=\"Pink Cube 2022 Baden_150308\" data-e-action-hash=\"#elementor-action%3Aaction%3Dlightbox%26settings%3DeyJpZCI6MTM0OCwidXJsIjoiaHR0cHM6XC9cL2V1cm9wYWRvbm5hLmNoXC93cC1jb250ZW50XC91cGxvYWRzXC8yMDI1XC8wNVwvUGluay1DdWJlLTIwMjItQmFkZW5fMTUwMzA4LXNjYWxlZC5qcGciLCJzbGlkZXNob3ciOiJkOGFhZjY4In0%3D\">\n\t\t\t\t\t<div class=\"e-gallery-image elementor-gallery-item__image\" data-thumbnail=\"https:\/\/europadonna.ch\/wp-content\/uploads\/2025\/05\/Pink-Cube-2022-Baden_150308-768x432.jpg\" data-width=\"768\" data-height=\"432\" aria-label=\"\" role=\"img\" ><\/div>\n\t\t\t\t\t\t\t\t\t\t\t\t\t\t<\/a>\n\t\t\t\t\t\t\t<a class=\"e-gallery-item elementor-gallery-item elementor-animated-content\" href=\"https:\/\/europadonna.ch\/wp-content\/uploads\/2025\/05\/Pink-Cube-2022-Baden_150422-scaled.jpg\" data-elementor-open-lightbox=\"yes\" data-elementor-lightbox-slideshow=\"d8aaf68\" data-elementor-lightbox-title=\"Pink Cube 2022 Baden_150422\" data-e-action-hash=\"#elementor-action%3Aaction%3Dlightbox%26settings%3DeyJpZCI6MTM0OSwidXJsIjoiaHR0cHM6XC9cL2V1cm9wYWRvbm5hLmNoXC93cC1jb250ZW50XC91cGxvYWRzXC8yMDI1XC8wNVwvUGluay1DdWJlLTIwMjItQmFkZW5fMTUwNDIyLXNjYWxlZC5qcGciLCJzbGlkZXNob3ciOiJkOGFhZjY4In0%3D\">\n\t\t\t\t\t<div class=\"e-gallery-image elementor-gallery-item__image\" data-thumbnail=\"https:\/\/europadonna.ch\/wp-content\/uploads\/2025\/05\/Pink-Cube-2022-Baden_150422-768x1364.jpg\" data-width=\"768\" data-height=\"1364\" aria-label=\"\" role=\"img\" ><\/div>\n\t\t\t\t\t\t\t\t\t\t\t\t\t\t<\/a>\n\t\t\t\t\t\t\t<a class=\"e-gallery-item elementor-gallery-item elementor-animated-content\" href=\"https:\/\/europadonna.ch\/wp-content\/uploads\/2025\/05\/Pink-Cube-2022-Baden_150641-scaled.jpg\" data-elementor-open-lightbox=\"yes\" data-elementor-lightbox-slideshow=\"d8aaf68\" data-elementor-lightbox-title=\"Pink Cube 2022 Baden_150641\" data-e-action-hash=\"#elementor-action%3Aaction%3Dlightbox%26settings%3DeyJpZCI6MTM1MCwidXJsIjoiaHR0cHM6XC9cL2V1cm9wYWRvbm5hLmNoXC93cC1jb250ZW50XC91cGxvYWRzXC8yMDI1XC8wNVwvUGluay1DdWJlLTIwMjItQmFkZW5fMTUwNjQxLXNjYWxlZC5qcGciLCJzbGlkZXNob3ciOiJkOGFhZjY4In0%3D\">\n\t\t\t\t\t<div class=\"e-gallery-image elementor-gallery-item__image\" data-thumbnail=\"https:\/\/europadonna.ch\/wp-content\/uploads\/2025\/05\/Pink-Cube-2022-Baden_150641-768x432.jpg\" data-width=\"768\" data-height=\"432\" aria-label=\"\" role=\"img\" ><\/div>\n\t\t\t\t\t\t\t\t\t\t\t\t\t\t<\/a>\n\t\t\t\t\t<\/div>\n\t\t\t\t\t<\/div>\n\t\t\t\t<\/div>\n\t\t\t\t<\/div>\n\t\t<div class=\"elementor-element elementor-element-1757dc1 e-flex e-con-boxed e-con e-parent\" data-id=\"1757dc1\" data-element_type=\"container\" data-e-type=\"container\">\n\t\t\t\t\t<div class=\"e-con-inner\">\n\t\t\t\t\t<\/div>\n\t\t\t\t<\/div>\n\t\t\t\t<\/div>\n\t\t","protected":false},"excerpt":{"rendered":"<p>\u00c9galit\u00e9 des chances \u2013 Close the Gap ! Pink Cube Le d\u00e9pistage pr\u00e9coce du cancer du sein peut sauver des vies. Plus une tumeur est d\u00e9tect\u00e9e t\u00f4t, plus les chances de gu\u00e9rison sont grandes et moins les traitements sont lourds. PINK CUBE Test Your Breast est une initiative unique en son genre visant \u00e0 promouvoir [&hellip;]<\/p>\n","protected":false},"author":2,"featured_media":0,"parent":0,"menu_order":0,"comment_status":"closed","ping_status":"closed","template":"","meta":{"footnotes":""},"class_list":["post-4186","page","type-page","status-publish","hentry"],"_links":{"self":[{"href":"https:\/\/europadonna.ch\/fr\/wp-json\/wp\/v2\/pages\/4186","targetHints":{"allow":["GET"]}}],"collection":[{"href":"https:\/\/europadonna.ch\/fr\/wp-json\/wp\/v2\/pages"}],"about":[{"href":"https:\/\/europadonna.ch\/fr\/wp-json\/wp\/v2\/types\/page"}],"author":[{"embeddable":true,"href":"https:\/\/europadonna.ch\/fr\/wp-json\/wp\/v2\/users\/2"}],"replies":[{"embeddable":true,"href":"https:\/\/europadonna.ch\/fr\/wp-json\/wp\/v2\/comments?post=4186"}],"version-history":[{"count":1,"href":"https:\/\/europadonna.ch\/fr\/wp-json\/wp\/v2\/pages\/4186\/revisions"}],"predecessor-version":[{"id":4187,"href":"https:\/\/europadonna.ch\/fr\/wp-json\/wp\/v2\/pages\/4186\/revisions\/4187"}],"wp:attachment":[{"href":"https:\/\/europadonna.ch\/fr\/wp-json\/wp\/v2\/media?parent=4186"}],"curies":[{"name":"wp","href":"https:\/\/api.w.org\/{rel}","templated":true}]}}