{"id":4190,"date":"2025-06-24T16:18:41","date_gmt":"2025-06-24T14:18:41","guid":{"rendered":"https:\/\/europadonna.ch\/boutique\/"},"modified":"2025-07-15T07:43:56","modified_gmt":"2025-07-15T05:43:56","slug":"boutique","status":"publish","type":"page","link":"https:\/\/europadonna.ch\/fr\/boutique\/","title":{"rendered":"Boutique"},"content":{"rendered":"\t\t<div data-elementor-type=\"wp-page\" data-elementor-id=\"4190\" class=\"elementor elementor-4190 elementor-3298\" data-elementor-post-type=\"page\">\n\t\t\t\t<div class=\"elementor-element elementor-element-da9e5d4 e-flex e-con-boxed e-con e-parent\" data-id=\"da9e5d4\" data-element_type=\"container\" data-e-type=\"container\" data-settings=\"{&quot;background_background&quot;:&quot;classic&quot;}\">\n\t\t\t\t\t<div class=\"e-con-inner\">\n\t\t<div class=\"elementor-element elementor-element-efc7118 e-con-full e-flex e-con e-child\" data-id=\"efc7118\" data-element_type=\"container\" data-e-type=\"container\">\n\t\t\t\t<div class=\"elementor-element elementor-element-4759f0c elementor-widget__width-inherit elementor-widget elementor-widget-heading\" data-id=\"4759f0c\" data-element_type=\"widget\" data-e-type=\"widget\" data-widget_type=\"heading.default\">\n\t\t\t\t<div class=\"elementor-widget-container\">\n\t\t\t\t\t<h1 class=\"elementor-heading-title elementor-size-default\">Boutique<\/h1>\t\t\t\t<\/div>\n\t\t\t\t<\/div>\n\t\t\t\t<div class=\"elementor-element elementor-element-2e669af elementor-widget__width-inherit elementor-widget elementor-widget-text-editor\" data-id=\"2e669af\" data-element_type=\"widget\" data-e-type=\"widget\" data-widget_type=\"text-editor.default\">\n\t\t\t\t<div class=\"elementor-widget-container\">\n\t\t\t\t\t\t\t\t\t<p>En achetant ces articles, vous soutenez l&rsquo;engagement d&rsquo;Europa Donna Suisse. Si vous \u00eates int\u00e9ress\u00e9(e), veuillez vous annoncer par e-mail <a href=\"mailto:sekretariat@europadonna.ch\">au secr\u00e9tariat<\/a>.<\/p>\t\t\t\t\t\t\t\t<\/div>\n\t\t\t\t<\/div>\n\t\t\t\t<div class=\"elementor-element elementor-element-b0f0396 elementor-widget__width-inherit elementor-widget elementor-widget-button\" data-id=\"b0f0396\" data-element_type=\"widget\" data-e-type=\"widget\" data-widget_type=\"button.default\">\n\t\t\t\t<div class=\"elementor-widget-container\">\n\t\t\t\t\t\t\t\t\t<div class=\"elementor-button-wrapper\">\n\t\t\t\t\t<a class=\"elementor-button elementor-button-link elementor-size-sm\" href=\"mailto:sekretariat@europadonna.ch\" target=\"_blank\">\n\t\t\t\t\t\t<span class=\"elementor-button-content-wrapper\">\n\t\t\t\t\t\t\t\t\t<span class=\"elementor-button-text\">Acheter un article<\/span>\n\t\t\t\t\t<\/span>\n\t\t\t\t\t<\/a>\n\t\t\t\t<\/div>\n\t\t\t\t\t\t\t\t<\/div>\n\t\t\t\t<\/div>\n\t\t\t\t<\/div>\n\t\t<div class=\"elementor-element elementor-element-e03278f e-con-full e-flex e-con e-child\" data-id=\"e03278f\" data-element_type=\"container\" data-e-type=\"container\">\n\t\t\t\t<div class=\"elementor-element elementor-element-d80a46f elementor-widget__width-initial elementor-widget-tablet__width-initial elementor-widget-mobile__width-auto elementor-widget elementor-widget-image\" data-id=\"d80a46f\" data-element_type=\"widget\" data-e-type=\"widget\" data-widget_type=\"image.default\">\n\t\t\t\t<div class=\"elementor-widget-container\">\n\t\t\t\t\t\t\t\t\t\t\t\t\t\t\t<img fetchpriority=\"high\" decoding=\"async\" width=\"800\" height=\"800\" src=\"https:\/\/europadonna.ch\/wp-content\/uploads\/2025\/06\/img_pin1_1200px-square2-1024x1024.jpg\" class=\"attachment-large size-large wp-image-3517\" alt=\"\" srcset=\"https:\/\/europadonna.ch\/wp-content\/uploads\/2025\/06\/img_pin1_1200px-square2-1024x1024.jpg 1024w, https:\/\/europadonna.ch\/wp-content\/uploads\/2025\/06\/img_pin1_1200px-square2-300x300.jpg 300w, https:\/\/europadonna.ch\/wp-content\/uploads\/2025\/06\/img_pin1_1200px-square2-150x150.jpg 150w, https:\/\/europadonna.ch\/wp-content\/uploads\/2025\/06\/img_pin1_1200px-square2-768x768.jpg 768w, https:\/\/europadonna.ch\/wp-content\/uploads\/2025\/06\/img_pin1_1200px-square2.jpg 1042w\" sizes=\"(max-width: 800px) 100vw, 800px\" \/>\t\t\t\t\t\t\t\t\t\t\t\t\t\t\t<\/div>\n\t\t\t\t<\/div>\n\t\t\t\t<div class=\"elementor-element elementor-element-c2b54e2 elementor-widget__width-inherit elementor-widget-mobile__width-initial elementor-widget-tablet__width-initial elementor-widget elementor-widget-text-editor\" data-id=\"c2b54e2\" data-element_type=\"widget\" data-e-type=\"widget\" data-widget_type=\"text-editor.default\">\n\t\t\t\t<div class=\"elementor-widget-container\">\n\t\t\t\t\t\t\t\t\t<h3>Pink Diamond #01<\/h3><p>Pin \u00e0 une rang\u00e9e 25mm x 15mm<br>Prix 10.00 CHF<\/p>\t\t\t\t\t\t\t\t<\/div>\n\t\t\t\t<\/div>\n\t\t\t\t<\/div>\n\t\t<div class=\"elementor-element elementor-element-451e734 e-con-full e-flex e-con e-child\" data-id=\"451e734\" data-element_type=\"container\" data-e-type=\"container\">\n\t\t\t\t<div class=\"elementor-element elementor-element-78fa668 elementor-widget__width-initial elementor-widget-tablet__width-initial elementor-widget-mobile__width-auto elementor-widget elementor-widget-image\" data-id=\"78fa668\" data-element_type=\"widget\" data-e-type=\"widget\" data-widget_type=\"image.default\">\n\t\t\t\t<div class=\"elementor-widget-container\">\n\t\t\t\t\t\t\t\t\t\t\t\t\t\t\t<img decoding=\"async\" width=\"800\" height=\"800\" src=\"https:\/\/europadonna.ch\/wp-content\/uploads\/2025\/06\/img_pin3_1200px-square2-1024x1024.jpg\" class=\"attachment-large size-large wp-image-3515\" alt=\"\" srcset=\"https:\/\/europadonna.ch\/wp-content\/uploads\/2025\/06\/img_pin3_1200px-square2-1024x1024.jpg 1024w, https:\/\/europadonna.ch\/wp-content\/uploads\/2025\/06\/img_pin3_1200px-square2-300x300.jpg 300w, https:\/\/europadonna.ch\/wp-content\/uploads\/2025\/06\/img_pin3_1200px-square2-150x150.jpg 150w, https:\/\/europadonna.ch\/wp-content\/uploads\/2025\/06\/img_pin3_1200px-square2-768x768.jpg 768w, https:\/\/europadonna.ch\/wp-content\/uploads\/2025\/06\/img_pin3_1200px-square2.jpg 1072w\" sizes=\"(max-width: 800px) 100vw, 800px\" \/>\t\t\t\t\t\t\t\t\t\t\t\t\t\t\t<\/div>\n\t\t\t\t<\/div>\n\t\t\t\t<div class=\"elementor-element elementor-element-0aa1286 elementor-widget__width-inherit elementor-widget-mobile__width-initial elementor-widget elementor-widget-text-editor\" data-id=\"0aa1286\" data-element_type=\"widget\" data-e-type=\"widget\" data-widget_type=\"text-editor.default\">\n\t\t\t\t<div class=\"elementor-widget-container\">\n\t\t\t\t\t\t\t\t\t<h3>Classic Chic #02<\/h3><p>Pin&rsquo;s en forme de c\u0153ur 29.5mm x 15mm<br>Prix 12.00 CHF<\/p>\t\t\t\t\t\t\t\t<\/div>\n\t\t\t\t<\/div>\n\t\t\t\t<\/div>\n\t\t<div class=\"elementor-element elementor-element-fe1ce9d e-con-full e-flex e-con e-child\" data-id=\"fe1ce9d\" data-element_type=\"container\" data-e-type=\"container\">\n\t\t\t\t<div class=\"elementor-element elementor-element-13d5e9e elementor-widget__width-initial elementor-widget-tablet__width-initial elementor-widget-mobile__width-auto elementor-widget elementor-widget-image\" data-id=\"13d5e9e\" data-element_type=\"widget\" data-e-type=\"widget\" data-widget_type=\"image.default\">\n\t\t\t\t<div class=\"elementor-widget-container\">\n\t\t\t\t\t\t\t\t\t\t\t\t\t\t\t<img decoding=\"async\" width=\"800\" height=\"800\" src=\"https:\/\/europadonna.ch\/wp-content\/uploads\/2025\/06\/img_pin4_1200px-square2-1024x1024.jpg\" class=\"attachment-large size-large wp-image-3519\" alt=\"\" srcset=\"https:\/\/europadonna.ch\/wp-content\/uploads\/2025\/06\/img_pin4_1200px-square2-1024x1024.jpg 1024w, https:\/\/europadonna.ch\/wp-content\/uploads\/2025\/06\/img_pin4_1200px-square2-300x300.jpg 300w, https:\/\/europadonna.ch\/wp-content\/uploads\/2025\/06\/img_pin4_1200px-square2-150x150.jpg 150w, https:\/\/europadonna.ch\/wp-content\/uploads\/2025\/06\/img_pin4_1200px-square2-768x768.jpg 768w, https:\/\/europadonna.ch\/wp-content\/uploads\/2025\/06\/img_pin4_1200px-square2.jpg 1108w\" sizes=\"(max-width: 800px) 100vw, 800px\" \/>\t\t\t\t\t\t\t\t\t\t\t\t\t\t\t<\/div>\n\t\t\t\t<\/div>\n\t\t\t\t<div class=\"elementor-element elementor-element-bae844a elementor-widget__width-inherit elementor-widget-mobile__width-initial elementor-widget elementor-widget-text-editor\" data-id=\"bae844a\" data-element_type=\"widget\" data-e-type=\"widget\" data-widget_type=\"text-editor.default\">\n\t\t\t\t<div class=\"elementor-widget-container\">\n\t\t\t\t\t\t\t\t\t<h3>Feet for Life #03<\/h3><p>Pin 25mm x 17mm<br>Prix 10.00 CHF<\/p>\t\t\t\t\t\t\t\t<\/div>\n\t\t\t\t<\/div>\n\t\t\t\t<\/div>\n\t\t\t\t\t<\/div>\n\t\t\t\t<\/div>\n\t\t\t\t<\/div>\n\t\t","protected":false},"excerpt":{"rendered":"<p>Boutique En achetant ces articles, vous soutenez l&rsquo;engagement d&rsquo;Europa Donna Suisse. Si vous \u00eates int\u00e9ress\u00e9(e), veuillez vous annoncer par e-mail au secr\u00e9tariat. Acheter un article Pink Diamond #01 Pin \u00e0 une rang\u00e9e 25mm x 15mmPrix 10.00 CHF Classic Chic #02 Pin&rsquo;s en forme de c\u0153ur 29.5mm x 15mmPrix 12.00 CHF Feet for Life #03 Pin [&hellip;]<\/p>\n","protected":false},"author":2,"featured_media":0,"parent":0,"menu_order":0,"comment_status":"closed","ping_status":"closed","template":"","meta":{"footnotes":""},"class_list":["post-4190","page","type-page","status-publish","hentry"],"_links":{"self":[{"href":"https:\/\/europadonna.ch\/fr\/wp-json\/wp\/v2\/pages\/4190","targetHints":{"allow":["GET"]}}],"collection":[{"href":"https:\/\/europadonna.ch\/fr\/wp-json\/wp\/v2\/pages"}],"about":[{"href":"https:\/\/europadonna.ch\/fr\/wp-json\/wp\/v2\/types\/page"}],"author":[{"embeddable":true,"href":"https:\/\/europadonna.ch\/fr\/wp-json\/wp\/v2\/users\/2"}],"replies":[{"embeddable":true,"href":"https:\/\/europadonna.ch\/fr\/wp-json\/wp\/v2\/comments?post=4190"}],"version-history":[{"count":1,"href":"https:\/\/europadonna.ch\/fr\/wp-json\/wp\/v2\/pages\/4190\/revisions"}],"predecessor-version":[{"id":4191,"href":"https:\/\/europadonna.ch\/fr\/wp-json\/wp\/v2\/pages\/4190\/revisions\/4191"}],"wp:attachment":[{"href":"https:\/\/europadonna.ch\/fr\/wp-json\/wp\/v2\/media?parent=4190"}],"curies":[{"name":"wp","href":"https:\/\/api.w.org\/{rel}","templated":true}]}}