{"id":5527,"date":"2026-03-10T14:45:21","date_gmt":"2026-03-10T13:45:21","guid":{"rendered":"https:\/\/europadonna.ch\/media\/"},"modified":"2026-03-19T10:06:12","modified_gmt":"2026-03-19T09:06:12","slug":"medias","status":"publish","type":"page","link":"https:\/\/europadonna.ch\/fr\/medias\/","title":{"rendered":"M\u00e9dias"},"content":{"rendered":"\t\t<div data-elementor-type=\"wp-page\" data-elementor-id=\"5527\" class=\"elementor elementor-5527 elementor-5522\" data-elementor-post-type=\"page\">\n\t\t\t\t<div class=\"elementor-element elementor-element-287bf3b e-flex e-con-boxed e-con e-parent\" data-id=\"287bf3b\" data-element_type=\"container\" data-e-type=\"container\">\n\t\t\t\t\t<div class=\"e-con-inner\">\n\t\t\t\t<div class=\"elementor-element elementor-element-0b04662 elementor-widget elementor-widget-heading\" data-id=\"0b04662\" data-element_type=\"widget\" data-e-type=\"widget\" data-widget_type=\"heading.default\">\n\t\t\t\t<div class=\"elementor-widget-container\">\n\t\t\t\t\t<h1 class=\"elementor-heading-title elementor-size-default\">M\u00e9dias<\/h1>\t\t\t\t<\/div>\n\t\t\t\t<\/div>\n\t\t\t\t<div class=\"elementor-element elementor-element-8b24438 elementor-widget__width-inherit elementor-widget elementor-widget-jet-listing-grid\" data-id=\"8b24438\" data-element_type=\"widget\" data-e-type=\"widget\" data-settings=\"{&quot;columns&quot;:&quot;4&quot;,&quot;columns_tablet&quot;:&quot;2&quot;,&quot;columns_mobile&quot;:&quot;1&quot;}\" data-widget_type=\"jet-listing-grid.default\">\n\t\t\t\t<div class=\"elementor-widget-container\">\n\t\t\t\t\t<div class=\"jet-listing-grid jet-listing-grid--lazy-load jet-listing jet-listing-grid-loading\" data-lazy-load=\"{&quot;offset&quot;:&quot;0px&quot;,&quot;post_id&quot;:5527,&quot;queried_id&quot;:&quot;5527|WP_Post&quot;}\"><div class=\"jet-listing-grid__loader\"><div class=\"jet-listing-grid__loader-spinner\"><\/div><\/div><\/div>\t\t\t\t<\/div>\n\t\t\t\t<\/div>\n\t\t\t\t\t<\/div>\n\t\t\t\t<\/div>\n\t\t<div class=\"elementor-element elementor-element-92c4c26 e-flex e-con-boxed e-con e-parent\" data-id=\"92c4c26\" data-element_type=\"container\" data-e-type=\"container\" data-settings=\"{&quot;background_background&quot;:&quot;classic&quot;}\">\n\t\t\t\t\t<div class=\"e-con-inner\">\n\t\t<div class=\"elementor-element elementor-element-f68e140 e-con-full e-flex e-con e-child\" data-id=\"f68e140\" data-element_type=\"container\" data-e-type=\"container\">\n\t\t\t\t<div class=\"elementor-element elementor-element-2534fe8 elementor-widget elementor-widget-heading\" data-id=\"2534fe8\" data-element_type=\"widget\" data-e-type=\"widget\" data-widget_type=\"heading.default\">\n\t\t\t\t<div class=\"elementor-widget-container\">\n\t\t\t\t\t<h2 class=\"elementor-heading-title elementor-size-default\">Point de contact pour les m\u00e9dias<\/h2>\t\t\t\t<\/div>\n\t\t\t\t<\/div>\n\t\t\t\t<div class=\"elementor-element elementor-element-62c6716 elementor-widget elementor-widget-text-editor\" data-id=\"62c6716\" data-element_type=\"widget\" data-e-type=\"widget\" data-widget_type=\"text-editor.default\">\n\t\t\t\t<div class=\"elementor-widget-container\">\n\t\t\t\t\t\t\t\t\t<p>Nous sommes \u00e0 votre disposition.<\/p>\t\t\t\t\t\t\t\t<\/div>\n\t\t\t\t<\/div>\n\t\t\t\t<\/div>\n\t\t<div class=\"elementor-element elementor-element-d84b0d2 e-con-full e-flex e-con e-child\" data-id=\"d84b0d2\" data-element_type=\"container\" data-e-type=\"container\">\n\t\t<div class=\"elementor-element elementor-element-5743d9b e-con-full e-flex e-con e-child\" data-id=\"5743d9b\" data-element_type=\"container\" data-e-type=\"container\" data-settings=\"{&quot;background_background&quot;:&quot;classic&quot;}\">\n\t\t\t\t<div class=\"elementor-element elementor-element-038ed32 elementor-widget elementor-widget-image\" data-id=\"038ed32\" data-element_type=\"widget\" data-e-type=\"widget\" data-widget_type=\"image.default\">\n\t\t\t\t<div class=\"elementor-widget-container\">\n\t\t\t\t\t\t\t\t\t\t\t\t\t\t\t<img fetchpriority=\"high\" decoding=\"async\" width=\"800\" height=\"800\" src=\"https:\/\/europadonna.ch\/wp-content\/uploads\/2025\/06\/Christina-Christen-1024x1024.jpg\" class=\"attachment-large size-large wp-image-2947\" alt=\"\" srcset=\"https:\/\/europadonna.ch\/wp-content\/uploads\/2025\/06\/Christina-Christen-1024x1024.jpg 1024w, https:\/\/europadonna.ch\/wp-content\/uploads\/2025\/06\/Christina-Christen-300x300.jpg 300w, https:\/\/europadonna.ch\/wp-content\/uploads\/2025\/06\/Christina-Christen-150x150.jpg 150w, https:\/\/europadonna.ch\/wp-content\/uploads\/2025\/06\/Christina-Christen-768x768.jpg 768w, https:\/\/europadonna.ch\/wp-content\/uploads\/2025\/06\/Christina-Christen-1536x1536.jpg 1536w, https:\/\/europadonna.ch\/wp-content\/uploads\/2025\/06\/Christina-Christen-600x600.jpg 600w, https:\/\/europadonna.ch\/wp-content\/uploads\/2025\/06\/Christina-Christen-100x100.jpg 100w, https:\/\/europadonna.ch\/wp-content\/uploads\/2025\/06\/Christina-Christen.jpg 2048w\" sizes=\"(max-width: 800px) 100vw, 800px\" \/>\t\t\t\t\t\t\t\t\t\t\t\t\t\t\t<\/div>\n\t\t\t\t<\/div>\n\t\t<div class=\"elementor-element elementor-element-1a71fb3 e-con-full e-flex e-con e-child\" data-id=\"1a71fb3\" data-element_type=\"container\" data-e-type=\"container\">\n\t\t\t\t<div class=\"elementor-element elementor-element-a7ce636 elementor-widget elementor-widget-heading\" data-id=\"a7ce636\" data-element_type=\"widget\" data-e-type=\"widget\" data-widget_type=\"heading.default\">\n\t\t\t\t<div class=\"elementor-widget-container\">\n\t\t\t\t\t<h2 class=\"elementor-heading-title elementor-size-default\">Christina Christen<\/h2>\t\t\t\t<\/div>\n\t\t\t\t<\/div>\n\t\t\t\t<div class=\"elementor-element elementor-element-ed861b4 elementor-widget elementor-widget-text-editor\" data-id=\"ed861b4\" data-element_type=\"widget\" data-e-type=\"widget\" data-widget_type=\"text-editor.default\">\n\t\t\t\t<div class=\"elementor-widget-container\">\n\t\t\t\t\t\t\t\t\t<p><strong>Pr\u00e9sidente<\/strong><br><strong>Diagnostic du cancer du sein 2004<\/strong><\/p><p><a href=\"mailto:christina.christen@europadonna.ch\">christina.christen@europadonna.ch<\/a><\/p>\t\t\t\t\t\t\t\t<\/div>\n\t\t\t\t<\/div>\n\t\t\t\t<\/div>\n\t\t\t\t<\/div>\n\t\t<div class=\"elementor-element elementor-element-30fce7f e-con-full e-flex e-con e-child\" data-id=\"30fce7f\" data-element_type=\"container\" data-e-type=\"container\" data-settings=\"{&quot;background_background&quot;:&quot;classic&quot;}\">\n\t\t\t\t<div class=\"elementor-element elementor-element-60833fc elementor-widget elementor-widget-image\" data-id=\"60833fc\" data-element_type=\"widget\" data-e-type=\"widget\" data-widget_type=\"image.default\">\n\t\t\t\t<div class=\"elementor-widget-container\">\n\t\t\t\t\t\t\t\t\t\t\t\t\t\t\t<img decoding=\"async\" width=\"800\" height=\"800\" src=\"https:\/\/europadonna.ch\/wp-content\/uploads\/2025\/06\/PD-Dr.-med.-Claudia-Rauh-1024x1024.jpg\" class=\"attachment-large size-large wp-image-2955\" alt=\"\" srcset=\"https:\/\/europadonna.ch\/wp-content\/uploads\/2025\/06\/PD-Dr.-med.-Claudia-Rauh-1024x1024.jpg 1024w, https:\/\/europadonna.ch\/wp-content\/uploads\/2025\/06\/PD-Dr.-med.-Claudia-Rauh-300x300.jpg 300w, https:\/\/europadonna.ch\/wp-content\/uploads\/2025\/06\/PD-Dr.-med.-Claudia-Rauh-150x150.jpg 150w, https:\/\/europadonna.ch\/wp-content\/uploads\/2025\/06\/PD-Dr.-med.-Claudia-Rauh-768x767.jpg 768w, https:\/\/europadonna.ch\/wp-content\/uploads\/2025\/06\/PD-Dr.-med.-Claudia-Rauh-1536x1536.jpg 1536w, https:\/\/europadonna.ch\/wp-content\/uploads\/2025\/06\/PD-Dr.-med.-Claudia-Rauh-600x599.jpg 600w, https:\/\/europadonna.ch\/wp-content\/uploads\/2025\/06\/PD-Dr.-med.-Claudia-Rauh-100x100.jpg 100w, https:\/\/europadonna.ch\/wp-content\/uploads\/2025\/06\/PD-Dr.-med.-Claudia-Rauh.jpg 2048w\" sizes=\"(max-width: 800px) 100vw, 800px\" \/>\t\t\t\t\t\t\t\t\t\t\t\t\t\t\t<\/div>\n\t\t\t\t<\/div>\n\t\t<div class=\"elementor-element elementor-element-6617029 e-con-full e-flex e-con e-child\" data-id=\"6617029\" data-element_type=\"container\" data-e-type=\"container\">\n\t\t\t\t<div class=\"elementor-element elementor-element-fd14a5f elementor-widget elementor-widget-heading\" data-id=\"fd14a5f\" data-element_type=\"widget\" data-e-type=\"widget\" data-widget_type=\"heading.default\">\n\t\t\t\t<div class=\"elementor-widget-container\">\n\t\t\t\t\t<h2 class=\"elementor-heading-title elementor-size-default\">PD Dr. m\u00e9d. Claudia Rauh<\/h2>\t\t\t\t<\/div>\n\t\t\t\t<\/div>\n\t\t\t\t<div class=\"elementor-element elementor-element-7948b24 elementor-widget__width-inherit elementor-widget elementor-widget-text-editor\" data-id=\"7948b24\" data-element_type=\"widget\" data-e-type=\"widget\" data-widget_type=\"text-editor.default\">\n\t\t\t\t<div class=\"elementor-widget-container\">\n\t\t\t\t\t\t\t\t\t<p><strong>Vice-pr\u00e9sidente<\/strong><br><strong>M\u00e9decin-chef et directrice du centre du sein de l&rsquo;H\u00f4pital de l&rsquo;\u00cele \u00e0 Berne<\/strong><\/p><p><a href=\"mailto:claudia.rauh@europadonna.ch\">claudia.rauh@europadonna.ch<\/a><\/p>\t\t\t\t\t\t\t\t<\/div>\n\t\t\t\t<\/div>\n\t\t\t\t<\/div>\n\t\t\t\t<\/div>\n\t\t\t\t<\/div>\n\t\t\t\t\t<\/div>\n\t\t\t\t<\/div>\n\t\t\t\t<\/div>\n\t\t","protected":false},"excerpt":{"rendered":"<p>M\u00e9dias Point de contact pour les m\u00e9dias Nous sommes \u00e0 votre disposition. Christina Christen Pr\u00e9sidenteDiagnostic du cancer du sein 2004 christina.christen@europadonna.ch PD Dr. m\u00e9d. Claudia Rauh Vice-pr\u00e9sidenteM\u00e9decin-chef et directrice du centre du sein de l&rsquo;H\u00f4pital de l&rsquo;\u00cele \u00e0 Berne claudia.rauh@europadonna.ch<\/p>\n","protected":false},"author":2,"featured_media":0,"parent":0,"menu_order":0,"comment_status":"closed","ping_status":"closed","template":"","meta":{"footnotes":""},"class_list":["post-5527","page","type-page","status-publish","hentry"],"_links":{"self":[{"href":"https:\/\/europadonna.ch\/fr\/wp-json\/wp\/v2\/pages\/5527","targetHints":{"allow":["GET"]}}],"collection":[{"href":"https:\/\/europadonna.ch\/fr\/wp-json\/wp\/v2\/pages"}],"about":[{"href":"https:\/\/europadonna.ch\/fr\/wp-json\/wp\/v2\/types\/page"}],"author":[{"embeddable":true,"href":"https:\/\/europadonna.ch\/fr\/wp-json\/wp\/v2\/users\/2"}],"replies":[{"embeddable":true,"href":"https:\/\/europadonna.ch\/fr\/wp-json\/wp\/v2\/comments?post=5527"}],"version-history":[{"count":10,"href":"https:\/\/europadonna.ch\/fr\/wp-json\/wp\/v2\/pages\/5527\/revisions"}],"predecessor-version":[{"id":5656,"href":"https:\/\/europadonna.ch\/fr\/wp-json\/wp\/v2\/pages\/5527\/revisions\/5656"}],"wp:attachment":[{"href":"https:\/\/europadonna.ch\/fr\/wp-json\/wp\/v2\/media?parent=5527"}],"curies":[{"name":"wp","href":"https:\/\/api.w.org\/{rel}","templated":true}]}}