{"id":4127,"date":"2025-06-16T10:28:00","date_gmt":"2025-06-16T08:28:00","guid":{"rendered":"https:\/\/europadonna.ch\/tavola-rosa\/"},"modified":"2026-03-14T13:47:44","modified_gmt":"2026-03-14T12:47:44","slug":"tavola-rosa","status":"publish","type":"page","link":"https:\/\/europadonna.ch\/it\/tavola-rosa\/","title":{"rendered":"Tavola Rosa \u2013 Incontri per donne con tumore al seno"},"content":{"rendered":"\t\t<div data-elementor-type=\"wp-page\" data-elementor-id=\"4127\" class=\"elementor elementor-4127 elementor-2074\" data-elementor-post-type=\"page\">\n\t\t\t\t<div class=\"elementor-element elementor-element-db04ad9 e-flex e-con-boxed e-con e-parent\" data-id=\"db04ad9\" data-element_type=\"container\" data-e-type=\"container\" data-settings=\"{&quot;background_background&quot;:&quot;classic&quot;}\">\n\t\t\t\t\t<div class=\"e-con-inner\">\n\t\t\t\t<div class=\"elementor-element elementor-element-f148a3f elementor-widget__width-inherit elementor-widget elementor-widget-heading\" data-id=\"f148a3f\" data-element_type=\"widget\" data-e-type=\"widget\" data-widget_type=\"heading.default\">\n\t\t\t\t<div class=\"elementor-widget-container\">\n\t\t\t\t\t<h1 class=\"elementor-heading-title elementor-size-default\">Tavola Rosa \u2013 Incontri per donne con tumore al seno<\/h1>\t\t\t\t<\/div>\n\t\t\t\t<\/div>\n\t\t<div class=\"elementor-element elementor-element-57fee17 e-con-full e-flex e-con e-child\" data-id=\"57fee17\" data-element_type=\"container\" data-e-type=\"container\">\n\t\t\t\t<div class=\"elementor-element elementor-element-ed7420e elementor-widget__width-inherit elementor-widget elementor-widget-text-editor\" data-id=\"ed7420e\" data-element_type=\"widget\" data-e-type=\"widget\" data-widget_type=\"text-editor.default\">\n\t\t\t\t<div class=\"elementor-widget-container\">\n\t\t\t\t\t\t\t\t\t<p><strong>Una diagnosi collega: siamo al vostro fianco<\/strong><\/p><p>I nostri incontri TAVOLA ROSA in diverse citt\u00e0 svizzere offrono uno scambio personale &#8211; un mix colorato, un impegno da parte di chi \u00e8 colpito per chi \u00e8 colpito.<\/p><p>In un&#8217;atmosfera accogliente in un caff\u00e8, in un picnic in riva al lago o durante una passeggiata, TAVOLA ROSA offre l&#8217;opportunit\u00e0 di conoscere altre donne con tumore al seno, semplicemente di ascoltare o di essere ascoltate da altri. Un luogo dove le domande e le paure hanno il loro posto, ma anche dove si scambiano risate, incoraggiamento e tanta energia positiva. Sia che abbiate ricevuto una nuova diagnosi, che siate nel bel mezzo di un trattamento o che siate malati da tempo: Benvenuti!  <\/p><p>Prendetevi una pausa, rilassatevi con una tazza di t\u00e8 o di caff\u00e8, dedicate del tempo a voi stessi, alla vostra storia.<\/p><p>(L&#8217;offerta \u00e8 gratuita, bevande escluse)<\/p>\t\t\t\t\t\t\t\t<\/div>\n\t\t\t\t<\/div>\n\t\t\t\t<div class=\"elementor-element elementor-element-b1397d7 elementor-align-left elementor-widget__width-inherit elementor-widget elementor-widget-button\" data-id=\"b1397d7\" data-element_type=\"widget\" data-e-type=\"widget\" data-widget_type=\"button.default\">\n\t\t\t\t<div class=\"elementor-widget-container\">\n\t\t\t\t\t\t\t\t\t<div class=\"elementor-button-wrapper\">\n\t\t\t\t\t<a class=\"elementor-button elementor-button-link elementor-size-sm\" href=\"https:\/\/europadonna.ch\/it\/tavola-rosa-impressioni\/\">\n\t\t\t\t\t\t<span class=\"elementor-button-content-wrapper\">\n\t\t\t\t\t\t\t\t\t<span class=\"elementor-button-text\">Alla galleria fotografica<\/span>\n\t\t\t\t\t<\/span>\n\t\t\t\t\t<\/a>\n\t\t\t\t<\/div>\n\t\t\t\t\t\t\t\t<\/div>\n\t\t\t\t<\/div>\n\t\t\t\t<\/div>\n\t\t<div class=\"elementor-element elementor-element-5228855 e-con-full e-flex e-con e-child\" data-id=\"5228855\" data-element_type=\"container\" data-e-type=\"container\">\n\t\t\t\t<div class=\"elementor-element elementor-element-b995bf8 elementor-widget__width-inherit elementor-widget-tablet__width-initial elementor-widget-mobile__width-inherit elementor-widget elementor-widget-image\" data-id=\"b995bf8\" data-element_type=\"widget\" data-e-type=\"widget\" data-widget_type=\"image.default\">\n\t\t\t\t<div class=\"elementor-widget-container\">\n\t\t\t\t\t\t\t\t\t\t\t\t\t\t\t<img fetchpriority=\"high\" decoding=\"async\" width=\"800\" height=\"425\" src=\"https:\/\/europadonna.ch\/wp-content\/uploads\/2025\/06\/Tavola-Rosa-1024x544.jpg\" class=\"attachment-large size-large wp-image-2076\" alt=\"\" srcset=\"https:\/\/europadonna.ch\/wp-content\/uploads\/2025\/06\/Tavola-Rosa-1024x544.jpg 1024w, https:\/\/europadonna.ch\/wp-content\/uploads\/2025\/06\/Tavola-Rosa-300x159.jpg 300w, https:\/\/europadonna.ch\/wp-content\/uploads\/2025\/06\/Tavola-Rosa-768x408.jpg 768w, https:\/\/europadonna.ch\/wp-content\/uploads\/2025\/06\/Tavola-Rosa-1536x816.jpg 1536w, https:\/\/europadonna.ch\/wp-content\/uploads\/2025\/06\/Tavola-Rosa-600x319.jpg 600w, https:\/\/europadonna.ch\/wp-content\/uploads\/2025\/06\/Tavola-Rosa.jpg 2048w\" sizes=\"(max-width: 800px) 100vw, 800px\" \/>\t\t\t\t\t\t\t\t\t\t\t\t\t\t\t<\/div>\n\t\t\t\t<\/div>\n\t\t\t\t<\/div>\n\t\t<div class=\"elementor-element elementor-element-0a8ed6a e-grid e-con-full tavola-rosa-standorte e-con e-child\" data-id=\"0a8ed6a\" data-element_type=\"container\" data-e-type=\"container\">\n\t\t<div class=\"elementor-element elementor-element-7ccc18f e-con-full e-flex e-con e-child\" data-id=\"7ccc18f\" data-element_type=\"container\" data-e-type=\"container\" data-settings=\"{&quot;background_background&quot;:&quot;classic&quot;}\">\n\t\t\t\t<div class=\"elementor-element elementor-element-ce81842 elementor-widget__width-inherit elementor-widget-tablet__width-inherit elementor-widget elementor-widget-text-editor\" data-id=\"ce81842\" data-element_type=\"widget\" data-e-type=\"widget\" data-widget_type=\"text-editor.default\">\n\t\t\t\t<div class=\"elementor-widget-container\">\n\t\t\t\t\t\t\t\t\t<h4>Tavola Rosa Berna o Bienne<\/h4><p>(alternativamente una volta al mese)<br><strong>Ogni ultimo mercoled\u00ec del mese<\/strong> dalle 17.00 alle 19.00.<br>Il punto d&#8217;incontro sar\u00e0 comunicato al momento dell&#8217;iscrizione.<\/p><p>Informazioni e iscrizioni presso Ines Baltissen o Katharina Engel.<\/p>\t\t\t\t\t\t\t\t<\/div>\n\t\t\t\t<\/div>\n\t\t\t\t<div class=\"elementor-element elementor-element-13c3803 elementor-widget elementor-widget-heading\" data-id=\"13c3803\" data-element_type=\"widget\" data-e-type=\"widget\" data-widget_type=\"heading.default\">\n\t\t\t\t<div class=\"elementor-widget-container\">\n\t\t\t\t\t<span class=\"elementor-heading-title elementor-size-default\"><a href=\"mailto:tr-bern-biel@europadonna.ch\">e-mail<\/a><\/span>\t\t\t\t<\/div>\n\t\t\t\t<\/div>\n\t\t\t\t<div class=\"elementor-element elementor-element-97d5d8e elementor-widget elementor-widget-heading\" data-id=\"97d5d8e\" data-element_type=\"widget\" data-e-type=\"widget\" data-widget_type=\"heading.default\">\n\t\t\t\t<div class=\"elementor-widget-container\">\n\t\t\t\t\t<span class=\"elementor-heading-title elementor-size-default\"><a href=\"https:\/\/www.instagram.com\/tavolarosa.bernbiel\/\" target=\"_blank\" rel=\"noopener\">Instagram<\/a><\/span>\t\t\t\t<\/div>\n\t\t\t\t<\/div>\n\t\t\t\t<\/div>\n\t\t<div class=\"elementor-element elementor-element-47d04f8 e-con-full e-flex e-con e-child\" data-id=\"47d04f8\" data-element_type=\"container\" data-e-type=\"container\" data-settings=\"{&quot;background_background&quot;:&quot;classic&quot;}\">\n\t\t\t\t<div class=\"elementor-element elementor-element-8e48703 elementor-widget__width-inherit elementor-widget-tablet__width-inherit elementor-widget elementor-widget-text-editor\" data-id=\"8e48703\" data-element_type=\"widget\" data-e-type=\"widget\" data-widget_type=\"text-editor.default\">\n\t\t\t\t<div class=\"elementor-widget-container\">\n\t\t\t\t\t\t\t\t\t<h4>Tavola Rosa Coira<\/h4><p><strong>Ogni primo luned\u00ec del mese<\/strong> dalle 17.00 alle 19.00.<br>Punto di incontro Bistro PurSuisse, Bahnhofstrasse 4<\/p><p>Informazioni e iscrizioni presso Ingrid Kobler.<\/p>\t\t\t\t\t\t\t\t<\/div>\n\t\t\t\t<\/div>\n\t\t\t\t<div class=\"elementor-element elementor-element-a47b68d elementor-widget elementor-widget-heading\" data-id=\"a47b68d\" data-element_type=\"widget\" data-e-type=\"widget\" data-widget_type=\"heading.default\">\n\t\t\t\t<div class=\"elementor-widget-container\">\n\t\t\t\t\t<span class=\"elementor-heading-title elementor-size-default\"><a href=\"mailto:ingrid.kobler@europadonna.ch\">e-mail<\/a><\/span>\t\t\t\t<\/div>\n\t\t\t\t<\/div>\n\t\t\t\t<div class=\"elementor-element elementor-element-5bbf4ff elementor-widget elementor-widget-heading\" data-id=\"5bbf4ff\" data-element_type=\"widget\" data-e-type=\"widget\" data-widget_type=\"heading.default\">\n\t\t\t\t<div class=\"elementor-widget-container\">\n\t\t\t\t\t<span class=\"elementor-heading-title elementor-size-default\"><a href=\"https:\/\/www.instagram.com\/tavolarosa.chur\/\" target=\"_blank\" rel=\"noopener\">Instagram<\/a><\/span>\t\t\t\t<\/div>\n\t\t\t\t<\/div>\n\t\t\t\t<\/div>\n\t\t<div class=\"elementor-element elementor-element-badf7f6 e-con-full e-flex e-con e-child\" data-id=\"badf7f6\" data-element_type=\"container\" data-e-type=\"container\" data-settings=\"{&quot;background_background&quot;:&quot;classic&quot;}\">\n\t\t\t\t<div class=\"elementor-element elementor-element-65109ee elementor-widget__width-inherit elementor-widget-tablet__width-inherit elementor-widget elementor-widget-text-editor\" data-id=\"65109ee\" data-element_type=\"widget\" data-e-type=\"widget\" data-widget_type=\"text-editor.default\">\n\t\t\t\t<div class=\"elementor-widget-container\">\n\t\t\t\t\t\t\t\t\t<h4>Tavola Rosa Zurigo<\/h4><p><strong>Ogni ultimo venerd\u00ec del mese<\/strong> dalle 16.30 alle 19.00.<br>Il punto di incontro sar\u00e0 comunicato al momento dell&#8217;iscrizione.<\/p><p>Informazioni e iscrizioni presso Christina Christen.<\/p>\t\t\t\t\t\t\t\t<\/div>\n\t\t\t\t<\/div>\n\t\t\t\t<div class=\"elementor-element elementor-element-3082fbd elementor-widget elementor-widget-heading\" data-id=\"3082fbd\" data-element_type=\"widget\" data-e-type=\"widget\" data-widget_type=\"heading.default\">\n\t\t\t\t<div class=\"elementor-widget-container\">\n\t\t\t\t\t<span class=\"elementor-heading-title elementor-size-default\"><a href=\"mailto:tr-zuerich@europadonna.ch\">e-mail<\/a><\/span>\t\t\t\t<\/div>\n\t\t\t\t<\/div>\n\t\t\t\t<div class=\"elementor-element elementor-element-6519eac elementor-widget elementor-widget-heading\" data-id=\"6519eac\" data-element_type=\"widget\" data-e-type=\"widget\" data-widget_type=\"heading.default\">\n\t\t\t\t<div class=\"elementor-widget-container\">\n\t\t\t\t\t<span class=\"elementor-heading-title elementor-size-default\"><a href=\"https:\/\/www.instagram.com\/tavolarosa.zuerich\/\" target=\"_blank\" rel=\"noopener\">Instagram<\/a><\/span>\t\t\t\t<\/div>\n\t\t\t\t<\/div>\n\t\t\t\t<\/div>\n\t\t<div class=\"elementor-element elementor-element-c0278aa e-con-full e-flex e-con e-child\" data-id=\"c0278aa\" data-element_type=\"container\" data-e-type=\"container\" data-settings=\"{&quot;background_background&quot;:&quot;classic&quot;}\">\n\t\t\t\t<div class=\"elementor-element elementor-element-fe6a193 elementor-widget__width-inherit elementor-widget-tablet__width-inherit elementor-widget elementor-widget-text-editor\" data-id=\"fe6a193\" data-element_type=\"widget\" data-e-type=\"widget\" data-widget_type=\"text-editor.default\">\n\t\t\t\t<div class=\"elementor-widget-container\">\n\t\t\t\t\t\t\t\t\t<h4>Tavola Rosa San Gallo<\/h4>\n<p><strong>Ogni ultimo marted\u00ec del mese.<\/strong><br>Il luogo dell&#8217;appuntamento verr\u00e0 comunicato al momento dell&#8217;iscrizione.<\/p>\n<p>Informazioni e iscrizioni presso la Tavola Rosa di San Gallo.<\/p>\t\t\t\t\t\t\t\t<\/div>\n\t\t\t\t<\/div>\n\t\t\t\t<div class=\"elementor-element elementor-element-2ab6b42 elementor-widget elementor-widget-heading\" data-id=\"2ab6b42\" data-element_type=\"widget\" data-e-type=\"widget\" data-widget_type=\"heading.default\">\n\t\t\t\t<div class=\"elementor-widget-container\">\n\t\t\t\t\t<span class=\"elementor-heading-title elementor-size-default\"><a href=\"mailto:tr-stgallen@europadonna.ch\">e-mail<\/a><\/span>\t\t\t\t<\/div>\n\t\t\t\t<\/div>\n\t\t\t\t<div class=\"elementor-element elementor-element-c5a10fc elementor-widget elementor-widget-heading\" data-id=\"c5a10fc\" data-element_type=\"widget\" data-e-type=\"widget\" data-widget_type=\"heading.default\">\n\t\t\t\t<div class=\"elementor-widget-container\">\n\t\t\t\t\t<span class=\"elementor-heading-title elementor-size-default\"><a href=\"https:\/\/www.instagram.com\/tavolarosa.stgallen\/\" target=\"_blank\" rel=\"noopener\">Instagram<\/a><\/span>\t\t\t\t<\/div>\n\t\t\t\t<\/div>\n\t\t\t\t<\/div>\n\t\t<div class=\"elementor-element elementor-element-469b81c e-con-full e-flex e-con e-child\" data-id=\"469b81c\" data-element_type=\"container\" data-e-type=\"container\" data-settings=\"{&quot;background_background&quot;:&quot;classic&quot;}\">\n\t\t\t\t<div class=\"elementor-element elementor-element-c80f546 elementor-widget__width-inherit elementor-widget-tablet__width-inherit elementor-widget elementor-widget-text-editor\" data-id=\"c80f546\" data-element_type=\"widget\" data-e-type=\"widget\" data-widget_type=\"text-editor.default\">\n\t\t\t\t<div class=\"elementor-widget-container\">\n\t\t\t\t\t\t\t\t\t<h4>Tavola Rosa Aarau\/ Solothurn<\/h4><p><b>Ogni ultimo mercoled\u00ec del mese<\/b><strong>.<\/strong><br \/>Il punto d&#8217;incontro sar\u00e0 comunicato al momento dell&#8217;iscrizione.<\/p><p>Informazioni e iscrizioni direttamente alla Tavola Rosa Aarau.<\/p>\t\t\t\t\t\t\t\t<\/div>\n\t\t\t\t<\/div>\n\t\t\t\t<div class=\"elementor-element elementor-element-e2f850d elementor-widget elementor-widget-heading\" data-id=\"e2f850d\" data-element_type=\"widget\" data-e-type=\"widget\" data-widget_type=\"heading.default\">\n\t\t\t\t<div class=\"elementor-widget-container\">\n\t\t\t\t\t<span class=\"elementor-heading-title elementor-size-default\"><a href=\"mailto:tr-aarau@europadonna.ch\">e-mail<\/a><\/span>\t\t\t\t<\/div>\n\t\t\t\t<\/div>\n\t\t\t\t<div class=\"elementor-element elementor-element-b402384 elementor-widget elementor-widget-heading\" data-id=\"b402384\" data-element_type=\"widget\" data-e-type=\"widget\" data-widget_type=\"heading.default\">\n\t\t\t\t<div class=\"elementor-widget-container\">\n\t\t\t\t\t<span class=\"elementor-heading-title elementor-size-default\"><a href=\"http:\/\/www.instagram.com\/tavolarosa.aarau_solothurn\/%20)\" target=\"_blank\" rel=\"noopener\">Instagram<\/a><\/span>\t\t\t\t<\/div>\n\t\t\t\t<\/div>\n\t\t\t\t<\/div>\n\t\t<div class=\"elementor-element elementor-element-c395f82 e-con-full e-flex e-con e-child\" data-id=\"c395f82\" data-element_type=\"container\" data-e-type=\"container\" data-settings=\"{&quot;background_background&quot;:&quot;classic&quot;}\">\n\t\t\t\t<div class=\"elementor-element elementor-element-bb841c9 elementor-widget__width-inherit elementor-widget-tablet__width-inherit elementor-widget elementor-widget-text-editor\" data-id=\"bb841c9\" data-element_type=\"widget\" data-e-type=\"widget\" data-widget_type=\"text-editor.default\">\n\t\t\t\t<div class=\"elementor-widget-container\">\n\t\t\t\t\t\t\t\t\t<h4>Tavola Rosa Ticino<\/h4>\n<p>Incontri a Lugano, Locarno e Mendrisio<\/p><p>I dati sono disponibili nella sezione <b>Agenda<\/b>.<\/p>\t\t\t\t\t\t\t\t<\/div>\n\t\t\t\t<\/div>\n\t\t\t\t<div class=\"elementor-element elementor-element-076c22f elementor-widget elementor-widget-heading\" data-id=\"076c22f\" data-element_type=\"widget\" data-e-type=\"widget\" data-widget_type=\"heading.default\">\n\t\t\t\t<div class=\"elementor-widget-container\">\n\t\t\t\t\t<span class=\"elementor-heading-title elementor-size-default\"><a href=\"mailto:tr-ticino@europadonna.ch\">e-mail<\/a><\/span>\t\t\t\t<\/div>\n\t\t\t\t<\/div>\n\t\t\t\t<\/div>\n\t\t\t\t<\/div>\n\t\t\t\t<div class=\"elementor-element elementor-element-8887fad elementor-align-center elementor-widget__width-inherit elementor-widget elementor-widget-button\" data-id=\"8887fad\" data-element_type=\"widget\" data-e-type=\"widget\" data-widget_type=\"button.default\">\n\t\t\t\t<div class=\"elementor-widget-container\">\n\t\t\t\t\t\t\t\t\t<div class=\"elementor-button-wrapper\">\n\t\t\t\t\t<a class=\"elementor-button elementor-button-link elementor-size-sm\" href=\"https:\/\/europadonna.ch\/it\/donare\/\">\n\t\t\t\t\t\t<span class=\"elementor-button-content-wrapper\">\n\t\t\t\t\t\t\t\t\t<span class=\"elementor-button-text\">Sostenere Tavola Rosa<\/span>\n\t\t\t\t\t<\/span>\n\t\t\t\t\t<\/a>\n\t\t\t\t<\/div>\n\t\t\t\t\t\t\t\t<\/div>\n\t\t\t\t<\/div>\n\t\t\t\t\t<\/div>\n\t\t\t\t<\/div>\n\t\t\t\t<\/div>\n\t\t","protected":false},"excerpt":{"rendered":"<p>Tavola Rosa \u2013 Incontri per donne con tumore al seno Una diagnosi collega: siamo al vostro fianco I nostri incontri TAVOLA ROSA in diverse citt\u00e0 svizzere offrono uno scambio personale &#8211; un mix colorato, un impegno da parte di chi \u00e8 colpito per chi \u00e8 colpito. In un&#8217;atmosfera accogliente in un caff\u00e8, in un picnic [&hellip;]<\/p>\n","protected":false},"author":2,"featured_media":0,"parent":0,"menu_order":0,"comment_status":"closed","ping_status":"closed","template":"","meta":{"footnotes":""},"class_list":["post-4127","page","type-page","status-publish","hentry"],"_links":{"self":[{"href":"https:\/\/europadonna.ch\/it\/wp-json\/wp\/v2\/pages\/4127","targetHints":{"allow":["GET"]}}],"collection":[{"href":"https:\/\/europadonna.ch\/it\/wp-json\/wp\/v2\/pages"}],"about":[{"href":"https:\/\/europadonna.ch\/it\/wp-json\/wp\/v2\/types\/page"}],"author":[{"embeddable":true,"href":"https:\/\/europadonna.ch\/it\/wp-json\/wp\/v2\/users\/2"}],"replies":[{"embeddable":true,"href":"https:\/\/europadonna.ch\/it\/wp-json\/wp\/v2\/comments?post=4127"}],"version-history":[{"count":16,"href":"https:\/\/europadonna.ch\/it\/wp-json\/wp\/v2\/pages\/4127\/revisions"}],"predecessor-version":[{"id":5608,"href":"https:\/\/europadonna.ch\/it\/wp-json\/wp\/v2\/pages\/4127\/revisions\/5608"}],"wp:attachment":[{"href":"https:\/\/europadonna.ch\/it\/wp-json\/wp\/v2\/media?parent=4127"}],"curies":[{"name":"wp","href":"https:\/\/api.w.org\/{rel}","templated":true}]}}