{"id":4149,"date":"2025-06-16T10:09:31","date_gmt":"2025-06-16T08:09:31","guid":{"rendered":"https:\/\/europadonna.ch\/lobbying-politico\/"},"modified":"2025-07-30T17:47:20","modified_gmt":"2025-07-30T15:47:20","slug":"lobbying-politico","status":"publish","type":"page","link":"https:\/\/europadonna.ch\/it\/lobbying-politico\/","title":{"rendered":"Lobbying politico"},"content":{"rendered":"\t\t<div data-elementor-type=\"wp-page\" data-elementor-id=\"4149\" class=\"elementor elementor-4149 elementor-2069\" data-elementor-post-type=\"page\">\n\t\t\t\t<div class=\"elementor-element elementor-element-da9e5d4 e-con-full e-flex e-con e-parent\" data-id=\"da9e5d4\" data-element_type=\"container\" data-e-type=\"container\" data-settings=\"{&quot;background_background&quot;:&quot;classic&quot;}\">\n\t\t\t\t<div class=\"elementor-element elementor-element-4759f0c elementor-widget__width-inherit elementor-widget elementor-widget-heading\" data-id=\"4759f0c\" data-element_type=\"widget\" data-e-type=\"widget\" data-widget_type=\"heading.default\">\n\t\t\t\t<div class=\"elementor-widget-container\">\n\t\t\t\t\t<h1 class=\"elementor-heading-title elementor-size-default\">Lobbying politico<\/h1>\t\t\t\t<\/div>\n\t\t\t\t<\/div>\n\t\t<div class=\"elementor-element elementor-element-e03278f e-con-full e-flex e-con e-child\" data-id=\"e03278f\" data-element_type=\"container\" data-e-type=\"container\">\n\t\t\t\t<div class=\"elementor-element elementor-element-d80a46f elementor-widget__width-inherit elementor-widget-tablet__width-inherit elementor-widget-mobile__width-inherit elementor-widget elementor-widget-image\" data-id=\"d80a46f\" data-element_type=\"widget\" data-e-type=\"widget\" data-widget_type=\"image.default\">\n\t\t\t\t<div class=\"elementor-widget-container\">\n\t\t\t\t\t\t\t\t\t\t\t\t\t\t\t<img fetchpriority=\"high\" decoding=\"async\" width=\"800\" height=\"538\" src=\"https:\/\/europadonna.ch\/wp-content\/uploads\/2025\/06\/Buerenlauf-2018-14-1024x688.jpg\" class=\"attachment-large size-large wp-image-1904\" alt=\"\" srcset=\"https:\/\/europadonna.ch\/wp-content\/uploads\/2025\/06\/Buerenlauf-2018-14-1024x688.jpg 1024w, https:\/\/europadonna.ch\/wp-content\/uploads\/2025\/06\/Buerenlauf-2018-14-300x201.jpg 300w, https:\/\/europadonna.ch\/wp-content\/uploads\/2025\/06\/Buerenlauf-2018-14-768x516.jpg 768w, https:\/\/europadonna.ch\/wp-content\/uploads\/2025\/06\/Buerenlauf-2018-14-1536x1031.jpg 1536w, https:\/\/europadonna.ch\/wp-content\/uploads\/2025\/06\/Buerenlauf-2018-14-600x403.jpg 600w, https:\/\/europadonna.ch\/wp-content\/uploads\/2025\/06\/Buerenlauf-2018-14.jpg 2048w\" sizes=\"(max-width: 800px) 100vw, 800px\" \/>\t\t\t\t\t\t\t\t\t\t\t\t\t\t\t<\/div>\n\t\t\t\t<\/div>\n\t\t\t\t<\/div>\n\t\t<div class=\"elementor-element elementor-element-6aa4f5f e-con-full e-flex e-con e-child\" data-id=\"6aa4f5f\" data-element_type=\"container\" data-e-type=\"container\">\n\t\t\t\t<div class=\"elementor-element elementor-element-2e669af elementor-widget__width-inherit elementor-widget elementor-widget-text-editor\" data-id=\"2e669af\" data-element_type=\"widget\" data-e-type=\"widget\" data-widget_type=\"text-editor.default\">\n\t\t\t\t<div class=\"elementor-widget-container\">\n\t\t\t\t\t\t\t\t\t<p><strong>S\u00ec alla diagnosi precoce del cancro al seno<\/strong><\/p><p>EUROPA DONNA Svizzera si batte affinch\u00e9 tutte le donne in Svizzera abbiano accesso a screening mammografici di qualit\u00e0 controllata. Le donne di et\u00e0 compresa tra i 50 e i 70 anni sono invitate ogni due anni a sottoporsi a una diagnosi precoce del tumore al seno secondo gli standard pi\u00f9 elevati. Ci\u00f2 significa che spesso \u00e8 possibile riconoscere precocemente un&#8217;eventuale malattia, che i trattamenti sono pi\u00f9 efficaci e meno stressanti e che il tasso di mortalit\u00e0 si riduce. Non tutti i cantoni hanno ancora introdotto programmi di screening di qualit\u00e0. Vogliamo che <b>tutte le donne<\/b> in Svizzera abbiano accesso a programmi di screening mammografico di qualit\u00e0 controllata.    <\/p>\t\t\t\t\t\t\t\t<\/div>\n\t\t\t\t<\/div>\n\t\t\t\t<\/div>\n\t\t<div class=\"elementor-element elementor-element-c26227f e-con-full e-flex e-con e-child\" data-id=\"c26227f\" data-element_type=\"container\" data-e-type=\"container\">\n\t\t\t\t<div class=\"elementor-element elementor-element-f607f3d elementor-widget__width-inherit elementor-widget-tablet__width-initial elementor-widget-mobile__width-inherit elementor-widget elementor-widget-text-editor\" data-id=\"f607f3d\" data-element_type=\"widget\" data-e-type=\"widget\" data-widget_type=\"text-editor.default\">\n\t\t\t\t<div class=\"elementor-widget-container\">\n\t\t\t\t\t\t\t\t\t<p><strong>Giovani donne<\/strong><\/p><p>Oggi una donna su cinque a cui viene diagnosticata la malattia ha meno di cinquant&#8217;anni. Dal 2014 lavoriamo specificamente per le donne pi\u00f9 giovani. Ad esempio, con il lancio dell&#8217;applicazione mobile <b>Breast Test<\/b> nelle tre lingue nazionali: tedesco, francese e italiano. L&#8217;applicazione mobile \u00e8 gratuita e aiuta le donne della generazione smartphone a effettuare regolarmente l&#8217;autoesame del seno.   <\/p><p><a style=\"background-color: #fff4f0;\" href=\"https:\/\/europadonna.ch\/wp-content\/uploads\/2025\/07\/Breast-Test-App.pdf\" target=\"_blank\" rel=\"noopener\">Informazioni sull&#8217;applicazione Breast Test<\/a><\/p>\t\t\t\t\t\t\t\t<\/div>\n\t\t\t\t<\/div>\n\t\t<div class=\"elementor-element elementor-element-7f11629 e-con-full e-flex e-con e-child\" data-id=\"7f11629\" data-element_type=\"container\" data-e-type=\"container\" data-settings=\"{&quot;background_background&quot;:&quot;classic&quot;}\">\n\t\t\t\t<div class=\"elementor-element elementor-element-afdf7c4 elementor-widget elementor-widget-text-editor\" data-id=\"afdf7c4\" data-element_type=\"widget\" data-e-type=\"widget\" data-widget_type=\"text-editor.default\">\n\t\t\t\t<div class=\"elementor-widget-container\">\n\t\t\t\t\t\t\t\t\t<p>Dal 2022, il Cubo Rosa &#8211; Test your Breast &#8211; gira per le citt\u00e0 svizzere con il patrocinio di EUROPA DONNA Svizzera e il sostegno della Lega svizzera contro il cancro.<\/p>\t\t\t\t\t\t\t\t<\/div>\n\t\t\t\t<\/div>\n\t\t\t\t<div class=\"elementor-element elementor-element-386879d elementor-widget elementor-widget-heading\" data-id=\"386879d\" data-element_type=\"widget\" data-e-type=\"widget\" data-widget_type=\"heading.default\">\n\t\t\t\t<div class=\"elementor-widget-container\">\n\t\t\t\t\t<span class=\"elementor-heading-title elementor-size-default\"><a href=\"https:\/\/pinkcube-testyourbreast.ch\/\" target=\"_blank\" rel=\"noopener\">Pink Cube<\/a><\/span>\t\t\t\t<\/div>\n\t\t\t\t<\/div>\n\t\t\t\t<\/div>\n\t\t\t\t<\/div>\n\t\t<div class=\"elementor-element elementor-element-467ea0f e-con-full e-flex e-con e-child\" data-id=\"467ea0f\" data-element_type=\"container\" data-e-type=\"container\">\n\t\t\t\t<div class=\"elementor-element elementor-element-6793021 elementor-widget__width-inherit elementor-widget elementor-widget-text-editor\" data-id=\"6793021\" data-element_type=\"widget\" data-e-type=\"widget\" data-widget_type=\"text-editor.default\">\n\t\t\t\t<div class=\"elementor-widget-container\">\n\t\t\t\t\t\t\t\t\t<p><strong>Rappresentazione degli interessi<\/strong><\/p>\n<p>Siamo anche una forza politica con cui fare i conti: Alla fine del 2014 abbiamo ottenuto un importante successo nel campo della correzione delle asimmetrie. Dall&#8217;inizio del 2015, l&#8217;assicurazione sanitaria obbligatoria copre anche i costi della riduzione delle dimensioni di un seno sano in caso di ricostruzione del seno dopo un tumore al seno. \u00c8 stata cos\u00ec realizzata un&#8217;iniziativa politica della consigliera nazionale del PS bernese Margret Kiener Nellen, membro di EUROPA DONNA Svizzera.<\/p>\t\t\t\t\t\t\t\t<\/div>\n\t\t\t\t<\/div>\n\t\t<div class=\"elementor-element elementor-element-a73539d e-con-full e-flex e-con e-child\" data-id=\"a73539d\" data-element_type=\"container\" data-e-type=\"container\">\n\t\t\t\t<div class=\"elementor-element elementor-element-6d3d1b5 elementor-align-justify elementor-widget__width-initial elementor-widget elementor-widget-button\" data-id=\"6d3d1b5\" data-element_type=\"widget\" data-e-type=\"widget\" data-widget_type=\"button.default\">\n\t\t\t\t<div class=\"elementor-widget-container\">\n\t\t\t\t\t\t\t\t\t<div class=\"elementor-button-wrapper\">\n\t\t\t\t\t<a class=\"elementor-button elementor-button-link elementor-size-sm\" href=\"https:\/\/europadonna.ch\/it\/diventa-membro\/\">\n\t\t\t\t\t\t<span class=\"elementor-button-content-wrapper\">\n\t\t\t\t\t\t\t\t\t<span class=\"elementor-button-text\">Diventa membro<\/span>\n\t\t\t\t\t<\/span>\n\t\t\t\t\t<\/a>\n\t\t\t\t<\/div>\n\t\t\t\t\t\t\t\t<\/div>\n\t\t\t\t<\/div>\n\t\t\t\t<div class=\"elementor-element elementor-element-9893e2a elementor-align-justify elementor-widget__width-initial elementor-widget elementor-widget-button\" data-id=\"9893e2a\" data-element_type=\"widget\" data-e-type=\"widget\" data-widget_type=\"button.default\">\n\t\t\t\t<div class=\"elementor-widget-container\">\n\t\t\t\t\t\t\t\t\t<div class=\"elementor-button-wrapper\">\n\t\t\t\t\t<a class=\"elementor-button elementor-button-link elementor-size-sm\" href=\"https:\/\/europadonna.ch\/it\/diventa-membro\/\">\n\t\t\t\t\t\t<span class=\"elementor-button-content-wrapper\">\n\t\t\t\t\t\t\t\t\t<span class=\"elementor-button-text\">Sponsorizzazione<\/span>\n\t\t\t\t\t<\/span>\n\t\t\t\t\t<\/a>\n\t\t\t\t<\/div>\n\t\t\t\t\t\t\t\t<\/div>\n\t\t\t\t<\/div>\n\t\t\t\t<\/div>\n\t\t\t\t<\/div>\n\t\t\t\t<\/div>\n\t\t\t\t<\/div>\n\t\t","protected":false},"excerpt":{"rendered":"<p>Lobbying politico S\u00ec alla diagnosi precoce del cancro al seno EUROPA DONNA Svizzera si batte affinch\u00e9 tutte le donne in Svizzera abbiano accesso a screening mammografici di qualit\u00e0 controllata. Le donne di et\u00e0 compresa tra i 50 e i 70 anni sono invitate ogni due anni a sottoporsi a una diagnosi precoce del tumore al [&hellip;]<\/p>\n","protected":false},"author":2,"featured_media":0,"parent":0,"menu_order":0,"comment_status":"closed","ping_status":"closed","template":"","meta":{"footnotes":""},"class_list":["post-4149","page","type-page","status-publish","hentry"],"_links":{"self":[{"href":"https:\/\/europadonna.ch\/it\/wp-json\/wp\/v2\/pages\/4149","targetHints":{"allow":["GET"]}}],"collection":[{"href":"https:\/\/europadonna.ch\/it\/wp-json\/wp\/v2\/pages"}],"about":[{"href":"https:\/\/europadonna.ch\/it\/wp-json\/wp\/v2\/types\/page"}],"author":[{"embeddable":true,"href":"https:\/\/europadonna.ch\/it\/wp-json\/wp\/v2\/users\/2"}],"replies":[{"embeddable":true,"href":"https:\/\/europadonna.ch\/it\/wp-json\/wp\/v2\/comments?post=4149"}],"version-history":[{"count":7,"href":"https:\/\/europadonna.ch\/it\/wp-json\/wp\/v2\/pages\/4149\/revisions"}],"predecessor-version":[{"id":4550,"href":"https:\/\/europadonna.ch\/it\/wp-json\/wp\/v2\/pages\/4149\/revisions\/4550"}],"wp:attachment":[{"href":"https:\/\/europadonna.ch\/it\/wp-json\/wp\/v2\/media?parent=4149"}],"curies":[{"name":"wp","href":"https:\/\/api.w.org\/{rel}","templated":true}]}}