{"id":4160,"date":"2025-06-12T10:49:16","date_gmt":"2025-06-12T08:49:16","guid":{"rendered":"https:\/\/europadonna.ch\/impegno-volontario\/"},"modified":"2025-07-14T19:45:17","modified_gmt":"2025-07-14T17:45:17","slug":"impegno-volontario","status":"publish","type":"page","link":"https:\/\/europadonna.ch\/it\/impegno-volontario\/","title":{"rendered":"Impegno volontario"},"content":{"rendered":"\t\t<div data-elementor-type=\"wp-page\" data-elementor-id=\"4160\" class=\"elementor elementor-4160 elementor-1951\" data-elementor-post-type=\"page\">\n\t\t\t\t<div class=\"elementor-element elementor-element-db04ad9 e-flex e-con-boxed e-con e-parent\" data-id=\"db04ad9\" data-element_type=\"container\" data-e-type=\"container\" data-settings=\"{&quot;background_background&quot;:&quot;classic&quot;}\">\n\t\t\t\t\t<div class=\"e-con-inner\">\n\t\t<div class=\"elementor-element elementor-element-5228855 e-con-full e-flex e-con e-child\" data-id=\"5228855\" data-element_type=\"container\" data-e-type=\"container\">\n\t\t\t\t<div class=\"elementor-element elementor-element-f148a3f elementor-widget elementor-widget-heading\" data-id=\"f148a3f\" data-element_type=\"widget\" data-e-type=\"widget\" data-widget_type=\"heading.default\">\n\t\t\t\t<div class=\"elementor-widget-container\">\n\t\t\t\t\t<h3 class=\"elementor-heading-title elementor-size-default\">Partecipa<\/h3>\t\t\t\t<\/div>\n\t\t\t\t<\/div>\n\t\t\t\t<div class=\"elementor-element elementor-element-f0c4f81 elementor-widget__width-inherit elementor-widget elementor-widget-heading\" data-id=\"f0c4f81\" data-element_type=\"widget\" data-e-type=\"widget\" data-widget_type=\"heading.default\">\n\t\t\t\t<div class=\"elementor-widget-container\">\n\t\t\t\t\t<h1 class=\"elementor-heading-title elementor-size-default\">Ambasciatrice del cancro al seno (volontaria)<\/h1>\t\t\t\t<\/div>\n\t\t\t\t<\/div>\n\t\t\t\t<div class=\"elementor-element elementor-element-6b0eaf1 elementor-widget__width-initial elementor-widget-mobile__width-inherit elementor-widget elementor-widget-text-editor\" data-id=\"6b0eaf1\" data-element_type=\"widget\" data-e-type=\"widget\" data-widget_type=\"text-editor.default\">\n\t\t\t\t<div class=\"elementor-widget-container\">\n\t\t\t\t\t\t\t\t\t<p>Se decidete di fare volontariato con EUROPA DONNA Svizzera, non solo darete al vostro tempo libero un significato pi\u00f9 profondo, ma potrete anche utilizzare le vostre idee e le vostre capacit\u00e0 per una buona causa dove ce n&#8217;\u00e8 davvero bisogno:<\/p><ul><li>Sei o sei stata colpita dal cancro al seno e vorresti che ti formassimo come ambasciatrice del cancro al seno?<\/li><li>Conoscete una persona colpita da tumore al seno, volete impegnarvi, avete una mentalit\u00e0 aperta, amate il divertimento e siete pieni di energia?<\/li><li>Vi trovate in una fase (temporanea) di sconvolgimento della vostra vita e non sapete cosa fare del vostro tempo e delle conoscenze accumulate?<\/li><\/ul>\t\t\t\t\t\t\t\t<\/div>\n\t\t\t\t<\/div>\n\t\t<div class=\"elementor-element elementor-element-7237cf2 e-con-full e-flex e-con e-child\" data-id=\"7237cf2\" data-element_type=\"container\" data-e-type=\"container\">\n\t\t<div class=\"elementor-element elementor-element-2d727f3 e-con-full e-flex e-con e-child\" data-id=\"2d727f3\" data-element_type=\"container\" data-e-type=\"container\" data-settings=\"{&quot;background_background&quot;:&quot;classic&quot;}\">\n\t\t\t\t<div class=\"elementor-element elementor-element-967c2a0 elementor-widget elementor-widget-text-editor\" data-id=\"967c2a0\" data-element_type=\"widget\" data-e-type=\"widget\" data-widget_type=\"text-editor.default\">\n\t\t\t\t<div class=\"elementor-widget-container\">\n\t\t\t\t\t\t\t\t\t<p>Impegnarsi in qualcosa che viene dal cuore \u00e8 una delle cose migliori che una donna possa fare.<\/p>\t\t\t\t\t\t\t\t<\/div>\n\t\t\t\t<\/div>\n\t\t\t\t<\/div>\n\t\t\t\t<\/div>\n\t\t\t\t<\/div>\n\t\t<div class=\"elementor-element elementor-element-5e43c41 e-con-full e-flex e-con e-child\" data-id=\"5e43c41\" data-element_type=\"container\" data-e-type=\"container\">\n\t\t<div class=\"elementor-element elementor-element-e3088bf e-con-full e-flex e-con e-child\" data-id=\"e3088bf\" data-element_type=\"container\" data-e-type=\"container\">\n\t\t\t\t<div class=\"elementor-element elementor-element-c2e6296 elementor-widget elementor-widget-image\" data-id=\"c2e6296\" data-element_type=\"widget\" data-e-type=\"widget\" data-widget_type=\"image.default\">\n\t\t\t\t<div class=\"elementor-widget-container\">\n\t\t\t\t\t\t\t\t\t\t\t\t\t\t\t<img fetchpriority=\"high\" decoding=\"async\" width=\"683\" height=\"1024\" src=\"https:\/\/europadonna.ch\/wp-content\/uploads\/2025\/06\/Fundraising-Volunteer-683x1024.jpg\" class=\"attachment-large size-large wp-image-1961\" alt=\"\" srcset=\"https:\/\/europadonna.ch\/wp-content\/uploads\/2025\/06\/Fundraising-Volunteer-683x1024.jpg 683w, https:\/\/europadonna.ch\/wp-content\/uploads\/2025\/06\/Fundraising-Volunteer-200x300.jpg 200w, https:\/\/europadonna.ch\/wp-content\/uploads\/2025\/06\/Fundraising-Volunteer-768x1152.jpg 768w, https:\/\/europadonna.ch\/wp-content\/uploads\/2025\/06\/Fundraising-Volunteer-600x900.jpg 600w, https:\/\/europadonna.ch\/wp-content\/uploads\/2025\/06\/Fundraising-Volunteer.jpg 1000w\" sizes=\"(max-width: 683px) 100vw, 683px\" \/>\t\t\t\t\t\t\t\t\t\t\t\t\t\t\t<\/div>\n\t\t\t\t<\/div>\n\t\t\t\t<div class=\"elementor-element elementor-element-d0f9b89 elementor-widget elementor-widget-heading\" data-id=\"d0f9b89\" data-element_type=\"widget\" data-e-type=\"widget\" data-widget_type=\"heading.default\">\n\t\t\t\t<div class=\"elementor-widget-container\">\n\t\t\t\t\t<h3 class=\"elementor-heading-title elementor-size-default\">Volontario per la raccolta fondi\/sponsorizzazione\n<\/h3>\t\t\t\t<\/div>\n\t\t\t\t<\/div>\n\t\t\t\t<div class=\"elementor-element elementor-element-30d5539 elementor-widget elementor-widget-text-editor\" data-id=\"30d5539\" data-element_type=\"widget\" data-e-type=\"widget\" data-widget_type=\"text-editor.default\">\n\t\t\t\t<div class=\"elementor-widget-container\">\n\t\t\t\t\t\t\t\t\t<p>Avete familiarit\u00e0 con la raccolta di fondi e\/o le sponsorizzazioni?<\/p><p>Sapete a grandi linee come funziona il crowdfunding e siete interessati a creare un progetto?<\/p><p>Avete una vostra teoria su come la nostra organizzazione potrebbe ottenere maggiori finanziamenti?<\/p>\t\t\t\t\t\t\t\t<\/div>\n\t\t\t\t<\/div>\n\t\t\t\t<\/div>\n\t\t<div class=\"elementor-element elementor-element-34158ad e-con-full e-flex e-con e-child\" data-id=\"34158ad\" data-element_type=\"container\" data-e-type=\"container\">\n\t\t\t\t<div class=\"elementor-element elementor-element-f1168f2 elementor-widget elementor-widget-image\" data-id=\"f1168f2\" data-element_type=\"widget\" data-e-type=\"widget\" data-widget_type=\"image.default\">\n\t\t\t\t<div class=\"elementor-widget-container\">\n\t\t\t\t\t\t\t\t\t\t\t\t\t\t\t<img decoding=\"async\" width=\"683\" height=\"1024\" src=\"https:\/\/europadonna.ch\/wp-content\/uploads\/2025\/06\/Social-Media-Volunteer-683x1024.jpeg\" class=\"attachment-large size-large wp-image-1960\" alt=\"\" srcset=\"https:\/\/europadonna.ch\/wp-content\/uploads\/2025\/06\/Social-Media-Volunteer-683x1024.jpeg 683w, https:\/\/europadonna.ch\/wp-content\/uploads\/2025\/06\/Social-Media-Volunteer-200x300.jpeg 200w, https:\/\/europadonna.ch\/wp-content\/uploads\/2025\/06\/Social-Media-Volunteer-768x1152.jpeg 768w, https:\/\/europadonna.ch\/wp-content\/uploads\/2025\/06\/Social-Media-Volunteer-600x900.jpeg 600w, https:\/\/europadonna.ch\/wp-content\/uploads\/2025\/06\/Social-Media-Volunteer.jpeg 1000w\" sizes=\"(max-width: 683px) 100vw, 683px\" \/>\t\t\t\t\t\t\t\t\t\t\t\t\t\t\t<\/div>\n\t\t\t\t<\/div>\n\t\t\t\t<div class=\"elementor-element elementor-element-e540664 elementor-widget elementor-widget-heading\" data-id=\"e540664\" data-element_type=\"widget\" data-e-type=\"widget\" data-widget_type=\"heading.default\">\n\t\t\t\t<div class=\"elementor-widget-container\">\n\t\t\t\t\t<h3 class=\"elementor-heading-title elementor-size-default\">Volontario per i social media\n<\/h3>\t\t\t\t<\/div>\n\t\t\t\t<\/div>\n\t\t\t\t<div class=\"elementor-element elementor-element-ce7a85b elementor-widget elementor-widget-text-editor\" data-id=\"ce7a85b\" data-element_type=\"widget\" data-e-type=\"widget\" data-widget_type=\"text-editor.default\">\n\t\t\t\t<div class=\"elementor-widget-container\">\n\t\t\t\t\t\t\t\t\t<p>Creare post su Facebook, Instagram o LinkedIn \u00e8 una delle cose che preferite fare?<\/p><p>Vi piace scrivere testi nitidi e privi di errori?<\/p><p>TikTok, Facebook- &amp; Insta-Storys sono il vostro lavoro quotidiano?<\/p><p>Tecnicamente, sapete come funziona almeno una di queste piattaforme?<\/p>\t\t\t\t\t\t\t\t<\/div>\n\t\t\t\t<\/div>\n\t\t\t\t<\/div>\n\t\t<div class=\"elementor-element elementor-element-4add64f e-con-full e-flex e-con e-child\" data-id=\"4add64f\" data-element_type=\"container\" data-e-type=\"container\">\n\t\t\t\t<div class=\"elementor-element elementor-element-a5e0ee2 elementor-widget elementor-widget-image\" data-id=\"a5e0ee2\" data-element_type=\"widget\" data-e-type=\"widget\" data-widget_type=\"image.default\">\n\t\t\t\t<div class=\"elementor-widget-container\">\n\t\t\t\t\t\t\t\t\t\t\t\t\t\t\t<img decoding=\"async\" width=\"682\" height=\"1024\" src=\"https:\/\/europadonna.ch\/wp-content\/uploads\/2025\/06\/Events-Volunteer-682x1024.jpg\" class=\"attachment-large size-large wp-image-1958\" alt=\"\" srcset=\"https:\/\/europadonna.ch\/wp-content\/uploads\/2025\/06\/Events-Volunteer-682x1024.jpg 682w, https:\/\/europadonna.ch\/wp-content\/uploads\/2025\/06\/Events-Volunteer-200x300.jpg 200w, https:\/\/europadonna.ch\/wp-content\/uploads\/2025\/06\/Events-Volunteer-768x1153.jpg 768w, https:\/\/europadonna.ch\/wp-content\/uploads\/2025\/06\/Events-Volunteer-600x901.jpg 600w, https:\/\/europadonna.ch\/wp-content\/uploads\/2025\/06\/Events-Volunteer.jpg 1000w\" sizes=\"(max-width: 682px) 100vw, 682px\" \/>\t\t\t\t\t\t\t\t\t\t\t\t\t\t\t<\/div>\n\t\t\t\t<\/div>\n\t\t\t\t<div class=\"elementor-element elementor-element-5a18d16 elementor-widget elementor-widget-heading\" data-id=\"5a18d16\" data-element_type=\"widget\" data-e-type=\"widget\" data-widget_type=\"heading.default\">\n\t\t\t\t<div class=\"elementor-widget-container\">\n\t\t\t\t\t<h3 class=\"elementor-heading-title elementor-size-default\">Eventi\/Volontari\n<\/h3>\t\t\t\t<\/div>\n\t\t\t\t<\/div>\n\t\t\t\t<div class=\"elementor-element elementor-element-6f2c992 elementor-widget elementor-widget-text-editor\" data-id=\"6f2c992\" data-element_type=\"widget\" data-e-type=\"widget\" data-widget_type=\"text-editor.default\">\n\t\t\t\t<div class=\"elementor-widget-container\">\n\t\t\t\t\t\t\t\t\t<p>Hai un talento per l&#8217;organizzazione e ti piace organizzare piccoli eventi (tavolate di clienti abituali, corse di BreastFriends, ricevimenti o altri eventi)?<\/p><p>Volete aiutare, pianificare o coordinare il nostro prossimo congresso di pazienti con un team amante del divertimento?<\/p>\t\t\t\t\t\t\t\t<\/div>\n\t\t\t\t<\/div>\n\t\t\t\t<\/div>\n\t\t\t\t<\/div>\n\t\t\t\t\t<\/div>\n\t\t\t\t<\/div>\n\t\t<div class=\"elementor-element elementor-element-90852c8 e-flex e-con-boxed e-con e-parent\" data-id=\"90852c8\" data-element_type=\"container\" data-e-type=\"container\" id=\"formular\">\n\t\t\t\t\t<div class=\"e-con-inner\">\n\t\t<div class=\"elementor-element elementor-element-8239d28 e-flex e-con-boxed e-con e-child\" data-id=\"8239d28\" data-element_type=\"container\" data-e-type=\"container\">\n\t\t\t\t\t<div class=\"e-con-inner\">\n\t\t\t\t<div class=\"elementor-element elementor-element-de6c279 elementor-widget__width-inherit elementor-widget elementor-widget-heading\" data-id=\"de6c279\" data-element_type=\"widget\" data-e-type=\"widget\" data-widget_type=\"heading.default\">\n\t\t\t\t<div class=\"elementor-widget-container\">\n\t\t\t\t\t<h2 class=\"elementor-heading-title elementor-size-default\">S\u00ec, ci sto!\n<\/h2>\t\t\t\t<\/div>\n\t\t\t\t<\/div>\n\t\t\t\t<div class=\"elementor-element elementor-element-149f7f3 elementor-widget elementor-widget-text-editor\" data-id=\"149f7f3\" data-element_type=\"widget\" data-e-type=\"widget\" data-widget_type=\"text-editor.default\">\n\t\t\t\t<div class=\"elementor-widget-container\">\n\t\t\t\t\t\t\t\t\t<p>Come volontario, decidi tu stesso quanto tempo vuoi investire e quali interessi e competenze vuoi sviluppare ulteriormente!<br>Contattateci tramite il <a href=\"#formular\">modulo<\/a> o inviate una e-mail a <a href=\"mailto:lorraine.christen@europadonna.ch\">Lorraine Christen.<\/a><\/p>\t\t\t\t\t\t\t\t<\/div>\n\t\t\t\t<\/div>\n\t\t\t\t<div class=\"elementor-element elementor-element-8299cc5 elementor-widget__width-inherit elementor-widget-tablet__width-inherit fluent-form-widget-step-header-yes fluent-form-widget-step-progressbar-yes fluentform-widget-submit-button-custom elementor-invisible elementor-widget elementor-widget-fluent-form-widget\" data-id=\"8299cc5\" data-element_type=\"widget\" data-e-type=\"widget\" data-settings=\"{&quot;_animation&quot;:&quot;fadeInUp&quot;}\" data-widget_type=\"fluent-form-widget.default\">\n\t\t\t\t<div class=\"elementor-widget-container\">\n\t\t\t\t\t\n            <div class=\"fluentform-widget-wrapper hide-placeholder fluentform-widget-custom-radio-checkbox fluentform-widget-align-default\">\n\n            \n            <div class='fluentform ff-default fluentform_wrapper_4 ffs_default_wrap'><form data-form_id=\"4\" id=\"fluentform_4\" class=\"frm-fluent-form fluent_form_4 ff-el-form-top ff_form_instance_4_1 ff-form-loading ffs_default\" data-form_instance=\"ff_form_instance_4_1\" method=\"POST\" ><fieldset  style=\"border: none!important;margin: 0!important;padding: 0!important;background-color: transparent!important;box-shadow: none!important;outline: none!important; min-inline-size: 100%;\">\n                    <legend class=\"ff_screen_reader_title\" style=\"display: block; margin: 0!important;padding: 0!important;height: 0!important;text-indent: -999999px;width: 0!important;overflow:hidden;\">Mitmachen<\/legend>        <div\n                style=\"display: none!important; position: absolute!important; transform: translateX(1000%)!important;\"\n                class=\"ff-el-group ff-hpsf-container\"\n        >\n            <div class=\"ff-el-input--label asterisk-right\">\n                <label for=\"ff_4_item_sf\" aria-label=\"Subscribe\">\n                    Subscribe                <\/label>\n            <\/div>\n            <div class=\"ff-el-input--content\">\n                <input type=\"text\"\n                       name=\"item_4__fluent_sf\"\n                       class=\"ff-el-form-control\"\n                       id=\"ff_4_item_sf\"\n                \/>\n            <\/div>\n        <\/div>\n                <input type=\"hidden\" id=\"__fluent_protection_token_4\" class=\"fluent-form-token-field\" name=\"__fluent_protection_token_4\">\n        <input type='hidden' name='__fluent_form_embded_post_id' value='4160' \/><input type=\"hidden\" id=\"_fluentform_4_fluentformnonce\" name=\"_fluentform_4_fluentformnonce\" value=\"3c2f33448b\" \/><input type=\"hidden\" name=\"_wp_http_referer\" value=\"\/it\/wp-json\/wp\/v2\/pages\/4160\" \/><div class='ff-el-group'><div class=\"ff-el-input--label ff-el-is-required asterisk-right\"><label   aria-label=\"Bereich\">Bereich<\/label><\/div><div class='ff-el-input--content'><div class='ff-el-form-check ff-el-form-check-'><label class='ff-el-form-check-label' for='bereich_142d923ccac3c0995b41b48fa506709f'><input  type=\"checkbox\" name=\"bereich[]\" data-name=\"bereich\" class=\"ff-el-form-check-input ff-el-form-check-checkbox\" value=\"fundraising-sponsoring\"  id='bereich_142d923ccac3c0995b41b48fa506709f' aria-label='Fundraising &amp; Sponsoring (Volunteer)' aria-invalid='false' aria-required=true> <span>Fundraising &amp; Sponsoring (Volunteer)<\/span><\/label><\/div><div class='ff-el-form-check ff-el-form-check-'><label class='ff-el-form-check-label' for='bereich_08572ec7b3f39a3962670f97e5666a81'><input  type=\"checkbox\" name=\"bereich[]\" data-name=\"bereich\" class=\"ff-el-form-check-input ff-el-form-check-checkbox\" value=\"social-media\"  id='bereich_08572ec7b3f39a3962670f97e5666a81' aria-label='Social Media (Volunteer)' aria-invalid='false' aria-required=true> <span>Social Media (Volunteer)<\/span><\/label><\/div><div class='ff-el-form-check ff-el-form-check-'><label class='ff-el-form-check-label' for='bereich_2f9e610d2de109d42205d1f72d905352'><input  type=\"checkbox\" name=\"bereich[]\" data-name=\"bereich\" class=\"ff-el-form-check-input ff-el-form-check-checkbox\" value=\"veranstaltungen-events\"  id='bereich_2f9e610d2de109d42205d1f72d905352' aria-label='Veranstaltungen &amp; Events (Volunteer)' aria-invalid='false' aria-required=true> <span>Veranstaltungen &amp; Events (Volunteer)<\/span><\/label><\/div><div class='ff-el-form-check ff-el-form-check-'><label class='ff-el-form-check-label' for='bereich_f25a280933708917d6411a3ee4c93261'><input  type=\"checkbox\" name=\"bereich[]\" data-name=\"bereich\" class=\"ff-el-form-check-input ff-el-form-check-checkbox\" value=\"anderes\"  id='bereich_f25a280933708917d6411a3ee4c93261' aria-label='etwas anderes' aria-invalid='false' aria-required=true> <span>etwas anderes<\/span><\/label><\/div><\/div><\/div><div class='ff-el-group has-conditions'><div class=\"ff-el-input--label ff-el-is-required asterisk-right\"><label for='ff_4_anderer_bereich' id='label_ff_4_anderer_bereich' aria-label=\"\u2026 und das w\u00e4re:\"> \u2026 und das w\u00e4re:<\/label><\/div><div class='ff-el-input--content'><input type=\"text\" name=\"anderer_bereich\" class=\"ff-el-form-control\" data-name=\"anderer_bereich\" id=\"ff_4_anderer_bereich\"  aria-invalid=\"false\" aria-required=true><\/div><\/div><div data-type=\"name-element\" data-name=\"names\" class=\" ff-field_container ff-name-field-wrapper\" ><div class='ff-t-container'><div class='ff-t-cell '><div class='ff-el-group ff-el-form-top'><div class=\"ff-el-input--label ff-el-is-required asterisk-right\"><label for='ff_4_names_first_name_' id='label_ff_4_names_first_name_' >Vorname<\/label><\/div><div class='ff-el-input--content'><input type=\"text\" name=\"names[first_name]\" id=\"ff_4_names_first_name_\" class=\"ff-el-form-control\" placeholder=\"Vorname\" aria-invalid=\"false\" aria-required=true><\/div><\/div><\/div><div class='ff-t-cell '><div class='ff-el-group ff-el-form-top'><div class=\"ff-el-input--label ff-el-is-required asterisk-right\"><label for='ff_4_names_last_name_' id='label_ff_4_names_last_name_' >Nachname<\/label><\/div><div class='ff-el-input--content'><input type=\"text\" name=\"names[last_name]\" id=\"ff_4_names_last_name_\" class=\"ff-el-form-control\" placeholder=\"Nachname\" aria-invalid=\"false\" aria-required=true><\/div><\/div><\/div><\/div><\/div><div class='ff-el-group'><div class=\"ff-el-input--label ff-el-is-required asterisk-right\"><label for='ff_4_email' id='label_ff_4_email' aria-label=\"E-Mail\">E-Mail<\/label><\/div><div class='ff-el-input--content'><input type=\"email\" name=\"email\" id=\"ff_4_email\" class=\"ff-el-form-control\" placeholder=\"E-Mail\" data-name=\"email\"  aria-invalid=\"false\" aria-required=true><\/div><\/div><div class='ff-el-group'><div class=\"ff-el-input--label ff-el-is-required asterisk-right\"><label for='ff_4_phone' id='label_ff_4_phone' aria-label=\"Telefon\">Telefon<\/label><\/div><div class='ff-el-input--content'><input name=\"phone\" class=\"ff-el-form-control ff-el-phone\" type=\"tel\" placeholder=\"Mobile Number\" data-name=\"phone\" id=\"ff_4_phone\" inputmode=\"tel\"  aria-invalid='false' aria-required=true><\/div><\/div><div class='ff-el-group'><div class=\"ff-el-input--label asterisk-right\"><label for='ff_4_description' id='label_ff_4_description' aria-label=\"Nachricht\">Nachricht<\/label><\/div><div class='ff-el-input--content'><textarea aria-required=\"false\" aria-labelledby=\"label_ff_4_description\" name=\"description\" id=\"ff_4_description\" class=\"ff-el-form-control\" rows=\"3\" cols=\"2\" data-name=\"description\" ><\/textarea><\/div><\/div><div class='ff-el-group ff-text-left ff_submit_btn_wrapper'><button type=\"submit\" class=\"ff-btn ff-btn-submit ff-btn-md ff_btn_style\"  aria-label=\"Senden\">Senden<\/button><\/div><\/fieldset><\/form><div id='fluentform_4_errors' class='ff-errors-in-stack ff_form_instance_4_1 ff-form-loading_errors ff_form_instance_4_1_errors'><\/div><\/div>            <script type=\"text\/javascript\">\n                window.fluent_form_ff_form_instance_4_1 = {\"id\":\"4\",\"ajaxUrl\":\"https:\\\/\\\/europadonna.ch\\\/wp-admin\\\/admin-ajax.php\",\"settings\":{\"layout\":{\"labelPlacement\":\"top\",\"asteriskPlacement\":\"asterisk-right\",\"helpMessagePlacement\":\"with_label\",\"errorMessagePlacement\":\"inline\",\"cssClassName\":\"\"},\"restrictions\":{\"denyEmptySubmission\":{\"enabled\":false}}},\"form_instance\":\"ff_form_instance_4_1\",\"form_id_selector\":\"fluentform_4\",\"rules\":{\"bereich\":{\"required\":{\"value\":true,\"message\":\"Dieses Feld ist erforderlich.\",\"global_message\":\"Dieses Feld ist erforderlich.\",\"global\":true}},\"anderer_bereich\":{\"required\":{\"value\":true,\"message\":\"Dieses Feld ist erforderlich.\",\"global_message\":\"Dieses Feld ist erforderlich.\",\"global\":true}},\"names[first_name]\":{\"required\":{\"value\":true,\"message\":\"Dieses Feld ist erforderlich.\",\"global_message\":\"Dieses Feld ist erforderlich.\",\"global\":true}},\"names[middle_name]\":{\"required\":{\"value\":false,\"message\":\"Dieses Feld ist erforderlich.\",\"global_message\":\"Dieses Feld ist erforderlich.\",\"global\":true}},\"names[last_name]\":{\"required\":{\"value\":true,\"message\":\"Dieses Feld ist erforderlich.\",\"global_message\":\"Dieses Feld ist erforderlich.\",\"global\":true}},\"email\":{\"required\":{\"value\":true,\"message\":\"Dieses Feld ist erforderlich.\",\"global_message\":\"Dieses Feld ist erforderlich.\",\"global\":true},\"email\":{\"value\":true,\"message\":\"Dieses Feld muss eine g\\u00fcltige E-Mail enthalten.\",\"global_message\":\"Dieses Feld muss eine g\\u00fcltige E-Mail enthalten.\",\"global\":true}},\"phone\":{\"required\":{\"value\":true,\"global\":true,\"message\":\"Dieses Feld ist erforderlich.\",\"global_message\":\"Dieses Feld ist erforderlich.\"},\"valid_phone_number\":{\"value\":false,\"global\":true,\"message\":\"Diese Telefonnummer ist ung\\u00fcltig.\",\"global_message\":\"Diese Telefonnummer ist ung\\u00fcltig.\"}},\"description\":{\"required\":{\"value\":false,\"message\":\"Dieses Feld ist erforderlich.\",\"global_message\":\"Dieses Feld ist erforderlich.\",\"global\":true}}},\"debounce_time\":300,\"conditionals\":{\"anderer_bereich\":{\"type\":\"any\",\"status\":true,\"conditions\":[{\"field\":\"checkbox\",\"value\":\"etwas anderes\",\"operator\":\"=\"}],\"condition_groups\":[{\"rules\":[{\"field\":\"\",\"value\":\"\",\"operator\":\"\"}],\"title\":\"\",\"isEditingTitle\":false,\"isPreviewOpen\":false,\"isGroupOpen\":true}]}}};\n                            <\/script>\n                        <\/div>\n\n            \t\t\t\t<\/div>\n\t\t\t\t<\/div>\n\t\t\t\t\t<\/div>\n\t\t\t\t<\/div>\n\t\t\t\t\t<\/div>\n\t\t\t\t<\/div>\n\t\t\t\t<\/div>\n\t\t","protected":false},"excerpt":{"rendered":"<p>Partecipa Ambasciatrice del cancro al seno (volontaria) Se decidete di fare volontariato con EUROPA DONNA Svizzera, non solo darete al vostro tempo libero un significato pi\u00f9 profondo, ma potrete anche utilizzare le vostre idee e le vostre capacit\u00e0 per una buona causa dove ce n&#8217;\u00e8 davvero bisogno: Sei o sei stata colpita dal cancro al [&hellip;]<\/p>\n","protected":false},"author":2,"featured_media":0,"parent":0,"menu_order":0,"comment_status":"closed","ping_status":"closed","template":"","meta":{"footnotes":""},"class_list":["post-4160","page","type-page","status-publish","hentry"],"_links":{"self":[{"href":"https:\/\/europadonna.ch\/it\/wp-json\/wp\/v2\/pages\/4160","targetHints":{"allow":["GET"]}}],"collection":[{"href":"https:\/\/europadonna.ch\/it\/wp-json\/wp\/v2\/pages"}],"about":[{"href":"https:\/\/europadonna.ch\/it\/wp-json\/wp\/v2\/types\/page"}],"author":[{"embeddable":true,"href":"https:\/\/europadonna.ch\/it\/wp-json\/wp\/v2\/users\/2"}],"replies":[{"embeddable":true,"href":"https:\/\/europadonna.ch\/it\/wp-json\/wp\/v2\/comments?post=4160"}],"version-history":[{"count":1,"href":"https:\/\/europadonna.ch\/it\/wp-json\/wp\/v2\/pages\/4160\/revisions"}],"predecessor-version":[{"id":4161,"href":"https:\/\/europadonna.ch\/it\/wp-json\/wp\/v2\/pages\/4160\/revisions\/4161"}],"wp:attachment":[{"href":"https:\/\/europadonna.ch\/it\/wp-json\/wp\/v2\/media?parent=4160"}],"curies":[{"name":"wp","href":"https:\/\/api.w.org\/{rel}","templated":true}]}}