{"id":4162,"date":"2025-05-27T09:42:20","date_gmt":"2025-05-27T07:42:20","guid":{"rendered":"https:\/\/europadonna.ch\/donare\/"},"modified":"2025-07-15T07:38:42","modified_gmt":"2025-07-15T05:38:42","slug":"donare","status":"publish","type":"page","link":"https:\/\/europadonna.ch\/it\/donare\/","title":{"rendered":"Donazione &amp; sostegno"},"content":{"rendered":"\t\t<div data-elementor-type=\"wp-page\" data-elementor-id=\"4162\" class=\"elementor elementor-4162 elementor-999\" data-elementor-post-type=\"page\">\n\t\t\t\t<div class=\"elementor-element elementor-element-db04ad9 e-flex e-con-boxed e-con e-parent\" data-id=\"db04ad9\" data-element_type=\"container\" data-e-type=\"container\" data-settings=\"{&quot;background_background&quot;:&quot;classic&quot;}\">\n\t\t\t\t\t<div class=\"e-con-inner\">\n\t\t\t\t<div class=\"elementor-element elementor-element-f148a3f elementor-widget__width-inherit elementor-widget elementor-widget-heading\" data-id=\"f148a3f\" data-element_type=\"widget\" data-e-type=\"widget\" data-widget_type=\"heading.default\">\n\t\t\t\t<div class=\"elementor-widget-container\">\n\t\t\t\t\t<h1 class=\"elementor-heading-title elementor-size-default\">Donazione &amp; sostegno<\/h1>\t\t\t\t<\/div>\n\t\t\t\t<\/div>\n\t\t\t\t<div class=\"elementor-element elementor-element-cfc7618 elementor-widget__width-initial elementor-widget-mobile__width-inherit elementor-widget elementor-widget-text-editor\" data-id=\"cfc7618\" data-element_type=\"widget\" data-e-type=\"widget\" data-widget_type=\"text-editor.default\">\n\t\t\t\t<div class=\"elementor-widget-container\">\n\t\t\t\t\t\t\t\t\t<p>EUROPA DONNA \u00e8 la legittima rappresentante degli interessi delle donne affette da tumore al seno. L&#8217;organizzazione utilizza il networking e la persuasione politica per promuovere il riconoscimento e l&#8217;applicazione legale della garanzia di qualit\u00e0 e del trattamento del cancro al seno.<\/p><p>EUROPA DONNA \u00e8 attiva in tutta la Svizzera e svolge un ruolo pionieristico. Vuole che l&#8217;esperienza delle donne con tumore al seno sia presa in considerazione nelle decisioni politiche, amministrative e sanitarie. L&#8217;organisation apporte le point de vue des personnes concern\u00e9es de mani\u00e8re fond\u00e9e, inform\u00e9e et constructive. EUROPA DONNA \u00e8 ampiamente collegata in rete ed \u00e8 considerata un&#8217;organizzazione partner rispettata e credibile.<\/p><p>EUROPA DONNA La Svizzera ha urgente bisogno di sostegno.<\/p><p>EUROPA DONNA Svizzera \u00e8 un&#8217;organizzazione senza scopo di lucro e quindi esente da imposte. Le donazioni possono essere dedotte dai donatori per l&#8217;imposta federale diretta e per le imposte cantonali e comunali. Di conseguenza, a gennaio riceverete una ricevuta di donazione per le donazioni effettuate nell&#8217;anno precedente.<\/p>\t\t\t\t\t\t\t\t<\/div>\n\t\t\t\t<\/div>\n\t\t<div class=\"elementor-element elementor-element-d28a1e3 e-con-full e-flex e-con e-child\" data-id=\"d28a1e3\" data-element_type=\"container\" data-e-type=\"container\">\n\t\t<div class=\"elementor-element elementor-element-ec98d22 e-con-full e-flex e-con e-child\" data-id=\"ec98d22\" data-element_type=\"container\" data-e-type=\"container\" data-settings=\"{&quot;background_background&quot;:&quot;classic&quot;}\">\n\t\t\t\t<div class=\"elementor-element elementor-element-1010b99 elementor-widget-mobile__width-initial elementor-widget elementor-widget-image\" data-id=\"1010b99\" data-element_type=\"widget\" data-e-type=\"widget\" data-widget_type=\"image.default\">\n\t\t\t\t<div class=\"elementor-widget-container\">\n\t\t\t\t\t\t\t\t\t\t\t\t\t\t\t<img decoding=\"async\" width=\"135\" height=\"134\" src=\"https:\/\/europadonna.ch\/wp-content\/uploads\/2025\/05\/qr-europa-donna.png\" class=\"attachment-large size-large wp-image-1016\" alt=\"\" \/>\t\t\t\t\t\t\t\t\t\t\t\t\t\t\t<\/div>\n\t\t\t\t<\/div>\n\t\t\t\t<div class=\"elementor-element elementor-element-bfd598e elementor-widget-mobile__width-initial elementor-widget elementor-widget-text-editor\" data-id=\"bfd598e\" data-element_type=\"widget\" data-e-type=\"widget\" data-widget_type=\"text-editor.default\">\n\t\t\t\t<div class=\"elementor-widget-container\">\n\t\t\t\t\t\t\t\t\t<p><strong>Compte de dons<\/strong><br>IBAN: CH32 0900 0000 1719 2062 4<\/p><p>EUROPA DONNA desidera ringraziarvi di cuore per il vostro importante aiuto, la vostra solidariet\u00e0 e il vostro impegno!<\/p>\t\t\t\t\t\t\t\t<\/div>\n\t\t\t\t<\/div>\n\t\t\t\t<\/div>\n\t\t\t\t<\/div>\n\t\t\t\t\t<\/div>\n\t\t\t\t<\/div>\n\t\t<div class=\"elementor-element elementor-element-3cb640f no-underline e-flex e-con-boxed elementor-invisible e-con e-child\" data-id=\"3cb640f\" data-element_type=\"container\" data-e-type=\"container\" data-settings=\"{&quot;background_background&quot;:&quot;classic&quot;,&quot;animation&quot;:&quot;fadeInUp&quot;}\">\n\t\t\t\t\t<div class=\"e-con-inner\">\n\t\t\t\t<div class=\"elementor-element elementor-element-3874b1a elementor-widget__width-inherit elementor-widget elementor-widget-heading\" data-id=\"3874b1a\" data-element_type=\"widget\" data-e-type=\"widget\" data-widget_type=\"heading.default\">\n\t\t\t\t<div class=\"elementor-widget-container\">\n\t\t\t\t\t<h2 class=\"elementor-heading-title elementor-size-default\">Volete essere coinvolti...<\/h2>\t\t\t\t<\/div>\n\t\t\t\t<\/div>\n\t\t<div class=\"elementor-element elementor-element-4f01180 e-grid e-con-full e-con e-child\" data-id=\"4f01180\" data-element_type=\"container\" data-e-type=\"container\">\n\t\t<div class=\"elementor-element elementor-element-97c32e9 e-con-full e-flex e-con e-child\" data-id=\"97c32e9\" data-element_type=\"container\" data-e-type=\"container\" data-settings=\"{&quot;background_background&quot;:&quot;classic&quot;}\">\n\t\t\t\t<div class=\"elementor-element elementor-element-d39b49e elementor-view-default elementor-widget elementor-widget-icon\" data-id=\"d39b49e\" data-element_type=\"widget\" data-e-type=\"widget\" data-widget_type=\"icon.default\">\n\t\t\t\t<div class=\"elementor-widget-container\">\n\t\t\t\t\t\t\t<div class=\"elementor-icon-wrapper\">\n\t\t\t<a class=\"elementor-icon\" href=\"https:\/\/europadonna.ch\/it\/diventa-membro\/\">\n\t\t\t<svg xmlns=\"http:\/\/www.w3.org\/2000\/svg\" viewBox=\"0 0 640 512\"><path d=\"M255.9 64L294 64 277.1 80l-21.2 0c-28.2 0-55.6 10-77.2 28.1l-40.5 34c-1.4 1.2-3.3 1.9-5.1 1.9L40 144c-4.4 0-8-3.6-8-8s3.6-8 8-8l90.2 0 38.2-32.1C192.9 75.3 223.9 64 255.9 64zm49.9 32.9C328.1 75.8 357.7 64 388.5 64c28.3 0 55.7 10 77.3 28.2L508.4 128l91.6 0c4.4 0 8 3.6 8 8s-3.6 8-8 8l-94.5 0c-1.9 0-3.7-.7-5.1-1.9l-44.9-37.7C436.7 88.6 413 80 388.5 80c-26.7 0-52.3 10.2-71.6 28.5l-87.5 82.9c-18.3 17.4-17.9 46.7 1 63.5c16.5 14.7 41.6 14.5 57.8-.5l76-70.2c3.2-3 8.3-2.8 11.3 .5s2.8 8.3-.5 11.3L360.8 209l99.5 99.5c7.9 7.9 12.9 17.4 15.1 27.5L600 336c4.4 0 8 3.6 8 8s-3.6 8-8 8l-123.4 0c-1 14-7.2 27.7-18.6 37.9c-17.9 15.9-43.4 18.3-63.6 7.5c-1.4 11-5.9 21.6-13.8 30.4c-21.5 24.2-59 25.3-81.9 2.4l-4.8-4.8c-1.1 1.1-2.2 2.2-3.4 3.3c-23.3 20.8-58.7 19.8-80.8-2.2l-24.4-24.4c0 0 0 0-.1-.1l-15.4-15.4-20.6-20.6c-9-9-21.2-14.1-33.9-14.1L48 352c-4.4 0-8-3.6-8-8s3.6-8 8-8l67.4 0c17 0 33.3 6.7 45.3 18.7l20.6 20.6L221 415.2c16.1 16.1 41.9 16.8 58.8 1.6c2.7-2.4 4.9-5 6.9-7.8c1.3-2 3.5-3.2 5.9-3.5s4.7 .6 6.4 2.3L310 418.9c16.4 16.4 43.2 15.6 58.6-1.7c8.7-9.8 11.8-22.7 9.4-34.7c-.7-3.5 1-7 4.1-8.6s6.9-1.1 9.4 1.4l1 1c15 15 39 15.7 54.8 1.6c17.2-15.3 18-41.9 1.7-58.1l-99.9-99.9L299 266.1c-22.3 20.6-56.6 20.9-79.3 .7c-25.9-23-26.5-63.2-1.4-87l87.5-82.9z\"><\/path><\/svg>\t\t\t<\/a>\n\t\t<\/div>\n\t\t\t\t\t\t<\/div>\n\t\t\t\t<\/div>\n\t\t\t\t<div class=\"elementor-element elementor-element-d9bd173 elementor-widget elementor-widget-heading\" data-id=\"d9bd173\" data-element_type=\"widget\" data-e-type=\"widget\" data-widget_type=\"heading.default\">\n\t\t\t\t<div class=\"elementor-widget-container\">\n\t\t\t\t\t<h3 class=\"elementor-heading-title elementor-size-default\"><a href=\"https:\/\/europadonna.ch\/it\/diventa-membro\/\">diventando membro di EUROPA DONNA?<\/a><\/h3>\t\t\t\t<\/div>\n\t\t\t\t<\/div>\n\t\t\t\t<div class=\"elementor-element elementor-element-2bee9e4 elementor-align-center elementor-widget elementor-widget-button\" data-id=\"2bee9e4\" data-element_type=\"widget\" data-e-type=\"widget\" data-widget_type=\"button.default\">\n\t\t\t\t<div class=\"elementor-widget-container\">\n\t\t\t\t\t\t\t\t\t<div class=\"elementor-button-wrapper\">\n\t\t\t\t\t<a class=\"elementor-button elementor-button-link elementor-size-sm\" href=\"https:\/\/europadonna.ch\/it\/diventa-membro\/\">\n\t\t\t\t\t\t<span class=\"elementor-button-content-wrapper\">\n\t\t\t\t\t\t\t\t\t<span class=\"elementor-button-text\">Diventa un membro&nbsp;&gt;<\/span>\n\t\t\t\t\t<\/span>\n\t\t\t\t\t<\/a>\n\t\t\t\t<\/div>\n\t\t\t\t\t\t\t\t<\/div>\n\t\t\t\t<\/div>\n\t\t\t\t<\/div>\n\t\t<div class=\"elementor-element elementor-element-6c72bbc e-con-full e-flex e-con e-child\" data-id=\"6c72bbc\" data-element_type=\"container\" data-e-type=\"container\" data-settings=\"{&quot;background_background&quot;:&quot;classic&quot;}\">\n\t\t\t\t<div class=\"elementor-element elementor-element-e477b63 elementor-view-default elementor-widget elementor-widget-icon\" data-id=\"e477b63\" data-element_type=\"widget\" data-e-type=\"widget\" data-widget_type=\"icon.default\">\n\t\t\t\t<div class=\"elementor-widget-container\">\n\t\t\t\t\t\t\t<div class=\"elementor-icon-wrapper\">\n\t\t\t<a class=\"elementor-icon\" href=\"https:\/\/europadonna.ch\/it\/tavola-rosa\/\">\n\t\t\t<svg xmlns=\"http:\/\/www.w3.org\/2000\/svg\" viewBox=\"0 0 512 512\"><path d=\"M464 32c0-28.1-33.7-42.6-54.1-23.2l-44 41.9C326.4 88.4 277 113.4 224 123.3l0 16.3c57.1-10 110.4-36.7 152.9-77.2l44-41.9c10.2-9.7 27-2.5 27 11.6l0 416c0 14.1-16.8 21.3-27 11.6l-44-41.9c-42.5-40.5-95.8-67.2-152.9-77.2l0 16.3c53 9.9 102.4 34.9 141.9 72.5l44 41.9c20.4 19.4 54.1 5 54.1-23.2l0-134.7c28.3-12.3 48-40.5 48-73.3s-19.7-61-48-73.3L464 32zM192 416l0-63.3 0-16 0-193.2 0-16c-6.4 .4-12.8 .7-19.2 .7L160 128l-96 0c-35.3 0-64 28.7-64 64l0 96c0 35.3 28.7 64 64 64l0 120c0 22.1 17.9 40 40 40l48 0c22.1 0 40-17.9 40-40l0-56zM464 295.4l0-110.9c19.1 11.1 32 31.7 32 55.4s-12.9 44.4-32 55.4zM176 352l0 120c0 13.3-10.7 24-24 24l-48 0c-13.3 0-24-10.7-24-24l0-120 80 0 12.8 0c1.1 0 2.1 0 3.2 0zm-3.2-16L160 336l-96 0c-26.5 0-48-21.5-48-48l0-96c0-26.5 21.5-48 48-48l96 0 12.8 0c1.1 0 2.1 0 3.2 0l0 192c-1.1 0-2.1 0-3.2 0z\"><\/path><\/svg>\t\t\t<\/a>\n\t\t<\/div>\n\t\t\t\t\t\t<\/div>\n\t\t\t\t<\/div>\n\t\t\t\t<div class=\"elementor-element elementor-element-7400b8a elementor-widget elementor-widget-heading\" data-id=\"7400b8a\" data-element_type=\"widget\" data-e-type=\"widget\" data-widget_type=\"heading.default\">\n\t\t\t\t<div class=\"elementor-widget-container\">\n\t\t\t\t\t<h3 class=\"elementor-heading-title elementor-size-default\"><a href=\"https:\/\/europadonna.ch\/it\/tavola-rosa\/\">aiutando a rompere i tab\u00f9 che circondano questa malattia?<\/a><\/h3>\t\t\t\t<\/div>\n\t\t\t\t<\/div>\n\t\t\t\t<div class=\"elementor-element elementor-element-c27133c elementor-align-center elementor-widget elementor-widget-button\" data-id=\"c27133c\" data-element_type=\"widget\" data-e-type=\"widget\" data-widget_type=\"button.default\">\n\t\t\t\t<div class=\"elementor-widget-container\">\n\t\t\t\t\t\t\t\t\t<div class=\"elementor-button-wrapper\">\n\t\t\t\t\t<a class=\"elementor-button elementor-button-link elementor-size-sm\" href=\"https:\/\/europadonna.ch\/it\/tavola-rosa\/\">\n\t\t\t\t\t\t<span class=\"elementor-button-content-wrapper\">\n\t\t\t\t\t\t\t\t\t<span class=\"elementor-button-text\">Tavola Rosa&nbsp;&gt;<\/span>\n\t\t\t\t\t<\/span>\n\t\t\t\t\t<\/a>\n\t\t\t\t<\/div>\n\t\t\t\t\t\t\t\t<\/div>\n\t\t\t\t<\/div>\n\t\t\t\t<\/div>\n\t\t<div class=\"elementor-element elementor-element-d4fff1f e-con-full e-flex e-con e-child\" data-id=\"d4fff1f\" data-element_type=\"container\" data-e-type=\"container\" data-settings=\"{&quot;background_background&quot;:&quot;classic&quot;}\">\n\t\t\t\t<div class=\"elementor-element elementor-element-b2b1c00 elementor-view-default elementor-widget elementor-widget-icon\" data-id=\"b2b1c00\" data-element_type=\"widget\" data-e-type=\"widget\" data-widget_type=\"icon.default\">\n\t\t\t\t<div class=\"elementor-widget-container\">\n\t\t\t\t\t\t\t<div class=\"elementor-icon-wrapper\">\n\t\t\t<a class=\"elementor-icon\" href=\"https:\/\/europadonna.ch\/it\/lobbying-politico\/\">\n\t\t\t<svg xmlns=\"http:\/\/www.w3.org\/2000\/svg\" viewBox=\"0 0 448 512\"><path d=\"M288 16l-64 0c-17.7 0-32 14.3-32 32s14.3 32 32 32l64 0c17.7 0 32-14.3 32-32s-14.3-32-32-32zM176.7 56L168 56c-30.9 0-56 25.1-56 56l0 48 328 0c4.4 0 8 3.6 8 8s-3.6 8-8 8L8 176c-4.4 0-8-3.6-8-8s3.6-8 8-8l88 0 0-48c0-39.8 32.2-72 72-72l8.7 0C180.5 17.3 200.2 0 224 0l64 0c26.5 0 48 21.5 48 48s-21.5 48-48 48l-64 0c-23.8 0-43.5-17.3-47.3-40zM73.6 455.2L45.5 208l16.1 0L89.4 453.4c2.8 24.3 23.3 42.6 47.7 42.6l173.7 0c24.4 0 44.9-18.3 47.7-42.6L386.4 208l16.1 0L374.5 455.2c-3.7 32.3-31 56.8-63.6 56.8l-173.7 0c-32.6 0-59.9-24.4-63.6-56.8z\"><\/path><\/svg>\t\t\t<\/a>\n\t\t<\/div>\n\t\t\t\t\t\t<\/div>\n\t\t\t\t<\/div>\n\t\t\t\t<div class=\"elementor-element elementor-element-72bc2a2 elementor-widget elementor-widget-heading\" data-id=\"72bc2a2\" data-element_type=\"widget\" data-e-type=\"widget\" data-widget_type=\"heading.default\">\n\t\t\t\t<div class=\"elementor-widget-container\">\n\t\t\t\t\t<h3 class=\"elementor-heading-title elementor-size-default\"><a href=\"https:\/\/europadonna.ch\/it\/lobbying-politico\/\">sostenendoci attivamente a livello politico nel vostro comitato?<\/a><\/h3>\t\t\t\t<\/div>\n\t\t\t\t<\/div>\n\t\t\t\t<div class=\"elementor-element elementor-element-8d9bec9 elementor-align-center elementor-widget elementor-widget-button\" data-id=\"8d9bec9\" data-element_type=\"widget\" data-e-type=\"widget\" data-widget_type=\"button.default\">\n\t\t\t\t<div class=\"elementor-widget-container\">\n\t\t\t\t\t\t\t\t\t<div class=\"elementor-button-wrapper\">\n\t\t\t\t\t<a class=\"elementor-button elementor-button-link elementor-size-sm\" href=\"https:\/\/europadonna.ch\/it\/lobbying-politico\/\">\n\t\t\t\t\t\t<span class=\"elementor-button-content-wrapper\">\n\t\t\t\t\t\t\t\t\t<span class=\"elementor-button-text\">Lobbying politico&nbsp;&gt;<\/span>\n\t\t\t\t\t<\/span>\n\t\t\t\t\t<\/a>\n\t\t\t\t<\/div>\n\t\t\t\t\t\t\t\t<\/div>\n\t\t\t\t<\/div>\n\t\t\t\t<\/div>\n\t\t<div class=\"elementor-element elementor-element-4d01b16 e-con-full e-flex e-con e-child\" data-id=\"4d01b16\" data-element_type=\"container\" data-e-type=\"container\" data-settings=\"{&quot;background_background&quot;:&quot;classic&quot;}\">\n\t\t\t\t<div class=\"elementor-element elementor-element-3bd0d08 elementor-view-default elementor-widget elementor-widget-icon\" data-id=\"3bd0d08\" data-element_type=\"widget\" data-e-type=\"widget\" data-widget_type=\"icon.default\">\n\t\t\t\t<div class=\"elementor-widget-container\">\n\t\t\t\t\t\t\t<div class=\"elementor-icon-wrapper\">\n\t\t\t<a class=\"elementor-icon\" href=\"https:\/\/europadonna.ch\/it\/impegno-volontario\/\">\n\t\t\t<svg xmlns=\"http:\/\/www.w3.org\/2000\/svg\" viewBox=\"0 0 512 512\"><path d=\"M256 496c26 0 53.9-21.5 76.2-66.1c11-21.9 19.9-48.3 26.2-77.9l-204.7 0c6.2 29.5 15.2 55.9 26.2 77.9C202.1 474.5 230 496 256 496zM150.6 336l210.8 0c4.3-25 6.6-51.9 6.6-80s-2.3-55-6.6-80l-210.8 0c-4.3 25-6.6 51.9-6.6 80s2.3 55 6.6 80zm3-176l204.7 0c-6.2-29.6-15.2-55.9-26.2-77.9C309.9 37.5 282 16 256 16s-53.9 21.5-76.2 66.1c-11 21.9-19.9 48.3-26.2 77.9zm224 16c4.1 25.2 6.4 52.1 6.4 80s-2.2 54.8-6.4 80l104.7 0c8.8-25 13.7-51.9 13.7-80s-4.8-55-13.7-80l-104.7 0zM476 160C445.6 90.5 383.2 38.1 307.5 21.5c30.5 26.8 54.7 76.6 67.2 138.5L476 160zm-338.7 0c12.5-61.8 36.8-111.7 67.2-138.5C128.8 38.1 66.4 90.5 36 160l101.3 0zM29.7 176C20.8 201 16 227.9 16 256s4.8 55 13.7 80l104.7 0c-4.1-25.2-6.4-52.1-6.4-80s2.2-54.8 6.4-80L29.7 176zM307.5 490.5C383.2 473.9 445.6 421.5 476 352l-101.3 0c-12.5 61.8-36.8 111.7-67.2 138.5zm-102.9 0c-30.5-26.8-54.7-76.6-67.2-138.5L36 352c30.4 69.5 92.8 121.9 168.6 138.5zM256 512A256 256 0 1 1 256 0a256 256 0 1 1 0 512z\"><\/path><\/svg>\t\t\t<\/a>\n\t\t<\/div>\n\t\t\t\t\t\t<\/div>\n\t\t\t\t<\/div>\n\t\t\t\t<div class=\"elementor-element elementor-element-2181d4a elementor-widget elementor-widget-heading\" data-id=\"2181d4a\" data-element_type=\"widget\" data-e-type=\"widget\" data-widget_type=\"heading.default\">\n\t\t\t\t<div class=\"elementor-widget-container\">\n\t\t\t\t\t<h3 class=\"elementor-heading-title elementor-size-default\"><a href=\"https:\/\/europadonna.ch\/it\/impegno-volontario\/\">contribuendo ad ampliare la nostra rete?<\/a><\/h3>\t\t\t\t<\/div>\n\t\t\t\t<\/div>\n\t\t\t\t<div class=\"elementor-element elementor-element-28f2aa6 elementor-align-center elementor-widget elementor-widget-button\" data-id=\"28f2aa6\" data-element_type=\"widget\" data-e-type=\"widget\" data-widget_type=\"button.default\">\n\t\t\t\t<div class=\"elementor-widget-container\">\n\t\t\t\t\t\t\t\t\t<div class=\"elementor-button-wrapper\">\n\t\t\t\t\t<a class=\"elementor-button elementor-button-link elementor-size-sm\" href=\"https:\/\/europadonna.ch\/it\/impegno-volontario\/\">\n\t\t\t\t\t\t<span class=\"elementor-button-content-wrapper\">\n\t\t\t\t\t\t\t\t\t<span class=\"elementor-button-text\">Volontario&nbsp;&gt;<\/span>\n\t\t\t\t\t<\/span>\n\t\t\t\t\t<\/a>\n\t\t\t\t<\/div>\n\t\t\t\t\t\t\t\t<\/div>\n\t\t\t\t<\/div>\n\t\t\t\t<\/div>\n\t\t<div class=\"elementor-element elementor-element-4e15424 e-con-full e-flex e-con e-child\" data-id=\"4e15424\" data-element_type=\"container\" data-e-type=\"container\" data-settings=\"{&quot;background_background&quot;:&quot;classic&quot;}\">\n\t\t\t\t<div class=\"elementor-element elementor-element-2e92f9b elementor-view-default elementor-widget elementor-widget-icon\" data-id=\"2e92f9b\" data-element_type=\"widget\" data-e-type=\"widget\" data-widget_type=\"icon.default\">\n\t\t\t\t<div class=\"elementor-widget-container\">\n\t\t\t\t\t\t\t<div class=\"elementor-icon-wrapper\">\n\t\t\t<a class=\"elementor-icon\" href=\"#top\">\n\t\t\t<svg xmlns=\"http:\/\/www.w3.org\/2000\/svg\" viewBox=\"0 0 512 512\"><path d=\"M144 80c0 7 3.6 14.5 11.9 22.2c3.8 3.5 8.5 7 14 10.3c-8.4 .3-16.7 .8-24.8 1.5l-.1-.1c-10.3-9.5-17-21-17-33.9s6.7-24.4 17-33.9c10.3-9.5 24.8-17.7 42-24.5C221.4 8.2 268.5 0 320 0s98.6 8.2 133 21.6c17.2 6.7 31.7 14.9 41.9 24.5c10.3 9.5 17 21 17 33.9l0 104 0 105.9c0 12.7-6.8 24-17.1 33.2s-24.8 17.3-41.9 23.8c-11.1 4.2-23.5 7.9-37 11l0-16.4c11.4-2.7 21.9-5.9 31.3-9.5c16.1-6.1 28.6-13.3 36.9-20.7s11.8-14.7 11.8-21.3l0-73.7c-.4 .3-.7 .7-1.1 1c-10.3 9.3-24.8 17.3-41.9 23.8c-11.1 4.2-23.5 7.9-37 11l0-16.4c11.4-2.7 21.9-5.9 31.3-9.5c16.1-6.1 28.6-13.3 36.9-20.7s11.8-14.7 11.8-21.3l0-71.1c-.3 .3-.7 .6-1 1c-10.3 9.5-24.8 17.7-41.9 24.5c-20.1 7.9-44.6 13.9-71.7 17.6c-7.1-5-15-9.5-23.4-13.5c34.7-2.9 65.5-9.7 89.3-19c16.1-6.3 28.6-13.6 36.9-21.3C492.4 94.5 496 87 496 80s-3.6-14.5-11.9-22.2c-8.3-7.7-20.8-15-36.9-21.3C415 24 370.1 16 320 16s-95 8-127.2 20.5c-16.1 6.3-28.6 13.6-36.9 21.3C147.6 65.5 144 73 144 80zM16 224c0 7 3.6 14.5 11.9 22.2c8.3 7.7 20.8 15 36.9 21.3C97 280 141.9 288 192 288s95-8 127.2-20.5c16.1-6.3 28.6-13.6 36.9-21.3C364.4 238.5 368 231 368 224s-3.6-14.5-11.9-22.2c-8.3-7.7-20.8-15-36.9-21.3C287 168 242.1 160 192 160s-95 8-127.2 20.5c-16.1 6.3-28.6 13.6-36.9 21.3C19.6 209.5 16 217 16 224zM0 224c0-12.9 6.7-24.4 17-33.9c10.3-9.5 24.8-17.7 42-24.5C93.4 152.2 140.5 144 192 144s98.6 8.2 133 21.6c17.2 6.7 31.7 14.9 41.9 24.5c10.3 9.5 17 21 17 33.9l0 104 0 105.9c0 12.7-6.8 24-17.1 33.2s-24.8 17.3-41.9 23.8C290.5 504.1 243.5 512 192 512s-98.5-7.9-133-21.1c-17.2-6.5-31.6-14.5-41.9-23.8S0 446.6 0 433.9L0 328 0 224zm368 32.9c-.3 .3-.7 .6-1 1c-10.3 9.5-24.8 17.7-41.9 24.5C290.6 295.8 243.5 304 192 304s-98.6-8.2-133-21.6c-17.2-6.7-31.7-14.9-42-24.5c-.3-.3-.7-.6-1-1L16 328c0 6.6 3.5 13.8 11.8 21.3s20.8 14.6 36.9 20.7c32.2 12.3 77.2 20 127.3 20s95.1-7.7 127.3-20c16.1-6.1 28.6-13.3 36.9-20.7s11.8-14.7 11.8-21.3l0-71.1zM17.1 361.2c-.4-.3-.7-.7-1.1-1l0 73.7c0 6.6 3.5 13.8 11.8 21.3s20.8 14.6 36.9 20.7c32.2 12.3 77.2 20 127.3 20s95.1-7.8 127.3-20c16.1-6.1 28.6-13.3 36.9-20.7s11.8-14.7 11.8-21.3l0-73.7c-.4 .3-.7 .7-1.1 1c-10.3 9.3-24.8 17.3-41.9 23.8c-34.4 13.1-81.4 21.1-133 21.1s-98.5-7.9-133-21.1c-17.2-6.5-31.6-14.5-41.9-23.8z\"><\/path><\/svg>\t\t\t<\/a>\n\t\t<\/div>\n\t\t\t\t\t\t<\/div>\n\t\t\t\t<\/div>\n\t\t\t\t<div class=\"elementor-element elementor-element-0315b4c elementor-widget elementor-widget-heading\" data-id=\"0315b4c\" data-element_type=\"widget\" data-e-type=\"widget\" data-widget_type=\"heading.default\">\n\t\t\t\t<div class=\"elementor-widget-container\">\n\t\t\t\t\t<h3 class=\"elementor-heading-title elementor-size-default\"><a href=\"#top\">sostenendoci finanziariamente?<\/a><\/h3>\t\t\t\t<\/div>\n\t\t\t\t<\/div>\n\t\t\t\t<div class=\"elementor-element elementor-element-f35125b elementor-align-center elementor-widget elementor-widget-button\" data-id=\"f35125b\" data-element_type=\"widget\" data-e-type=\"widget\" data-widget_type=\"button.default\">\n\t\t\t\t<div class=\"elementor-widget-container\">\n\t\t\t\t\t\t\t\t\t<div class=\"elementor-button-wrapper\">\n\t\t\t\t\t<a class=\"elementor-button elementor-button-link elementor-size-sm\" href=\"#top\">\n\t\t\t\t\t\t<span class=\"elementor-button-content-wrapper\">\n\t\t\t\t\t\t\t\t\t<span class=\"elementor-button-text\">Donazioni&nbsp;&gt;<\/span>\n\t\t\t\t\t<\/span>\n\t\t\t\t\t<\/a>\n\t\t\t\t<\/div>\n\t\t\t\t\t\t\t\t<\/div>\n\t\t\t\t<\/div>\n\t\t\t\t<\/div>\n\t\t\t\t<\/div>\n\t\t\t\t\t<\/div>\n\t\t\t\t<\/div>\n\t\t\t\t<\/div>\n\t\t","protected":false},"excerpt":{"rendered":"<p>Donazione &amp; sostegno EUROPA DONNA \u00e8 la legittima rappresentante degli interessi delle donne affette da tumore al seno. L&#8217;organizzazione utilizza il networking e la persuasione politica per promuovere il riconoscimento e l&#8217;applicazione legale della garanzia di qualit\u00e0 e del trattamento del cancro al seno. EUROPA DONNA \u00e8 attiva in tutta la Svizzera e svolge un [&hellip;]<\/p>\n","protected":false},"author":2,"featured_media":0,"parent":0,"menu_order":0,"comment_status":"closed","ping_status":"closed","template":"","meta":{"footnotes":""},"class_list":["post-4162","page","type-page","status-publish","hentry"],"_links":{"self":[{"href":"https:\/\/europadonna.ch\/it\/wp-json\/wp\/v2\/pages\/4162","targetHints":{"allow":["GET"]}}],"collection":[{"href":"https:\/\/europadonna.ch\/it\/wp-json\/wp\/v2\/pages"}],"about":[{"href":"https:\/\/europadonna.ch\/it\/wp-json\/wp\/v2\/types\/page"}],"author":[{"embeddable":true,"href":"https:\/\/europadonna.ch\/it\/wp-json\/wp\/v2\/users\/2"}],"replies":[{"embeddable":true,"href":"https:\/\/europadonna.ch\/it\/wp-json\/wp\/v2\/comments?post=4162"}],"version-history":[{"count":3,"href":"https:\/\/europadonna.ch\/it\/wp-json\/wp\/v2\/pages\/4162\/revisions"}],"predecessor-version":[{"id":4182,"href":"https:\/\/europadonna.ch\/it\/wp-json\/wp\/v2\/pages\/4162\/revisions\/4182"}],"wp:attachment":[{"href":"https:\/\/europadonna.ch\/it\/wp-json\/wp\/v2\/media?parent=4162"}],"curies":[{"name":"wp","href":"https:\/\/api.w.org\/{rel}","templated":true}]}}