{"id":4179,"date":"2025-05-27T10:03:07","date_gmt":"2025-05-27T08:03:07","guid":{"rendered":"https:\/\/europadonna.ch\/diventa-membro\/"},"modified":"2025-07-15T11:08:23","modified_gmt":"2025-07-15T09:08:23","slug":"diventa-membro","status":"publish","type":"page","link":"https:\/\/europadonna.ch\/it\/diventa-membro\/","title":{"rendered":"Diventa membro"},"content":{"rendered":"\t\t<div data-elementor-type=\"wp-page\" data-elementor-id=\"4179\" class=\"elementor elementor-4179 elementor-1014\" data-elementor-post-type=\"page\">\n\t\t\t\t<div class=\"elementor-element elementor-element-db04ad9 e-flex e-con-boxed e-con e-parent\" data-id=\"db04ad9\" data-element_type=\"container\" data-e-type=\"container\" data-settings=\"{&quot;background_background&quot;:&quot;classic&quot;}\">\n\t\t\t\t\t<div class=\"e-con-inner\">\n\t\t<div class=\"elementor-element elementor-element-5228855 e-con-full e-flex e-con e-child\" data-id=\"5228855\" data-element_type=\"container\" data-e-type=\"container\">\n\t\t\t\t<div class=\"elementor-element elementor-element-f148a3f elementor-widget elementor-widget-heading\" data-id=\"f148a3f\" data-element_type=\"widget\" data-e-type=\"widget\" data-widget_type=\"heading.default\">\n\t\t\t\t<div class=\"elementor-widget-container\">\n\t\t\t\t\t<h1 class=\"elementor-heading-title elementor-size-default\">Diventare membri, ambasciatori o sponsor<\/h1>\t\t\t\t<\/div>\n\t\t\t\t<\/div>\n\t\t\t\t<div class=\"elementor-element elementor-element-8299cc5 elementor-widget__width-inherit fluent-form-widget-step-header-yes fluent-form-widget-step-progressbar-yes fluentform-widget-submit-button-custom elementor-invisible elementor-widget elementor-widget-fluent-form-widget\" data-id=\"8299cc5\" data-element_type=\"widget\" data-e-type=\"widget\" data-settings=\"{&quot;_animation&quot;:&quot;fadeInUp&quot;}\" data-widget_type=\"fluent-form-widget.default\">\n\t\t\t\t<div class=\"elementor-widget-container\">\n\t\t\t\t\t\n            <div class=\"fluentform-widget-wrapper hide-placeholder fluentform-widget-custom-radio-checkbox fluentform-widget-align-default\">\n\n            \n            <div class='fluentform ff-default fluentform_wrapper_3 ffs_default_wrap'><form data-form_id=\"3\" id=\"fluentform_3\" class=\"frm-fluent-form fluent_form_3 ff-el-form-top ff_form_instance_3_1 ff-form-loading ffs_default\" data-form_instance=\"ff_form_instance_3_1\" method=\"POST\" ><fieldset  style=\"border: none!important;margin: 0!important;padding: 0!important;background-color: transparent!important;box-shadow: none!important;outline: none!important; min-inline-size: 100%;\">\n                    <legend class=\"ff_screen_reader_title\" style=\"display: block; margin: 0!important;padding: 0!important;height: 0!important;text-indent: -999999px;width: 0!important;overflow:hidden;\">Mitglied werden<\/legend>        <div\n                style=\"display: none!important; position: absolute!important; transform: translateX(1000%)!important;\"\n                class=\"ff-el-group ff-hpsf-container\"\n        >\n            <div class=\"ff-el-input--label asterisk-right\">\n                <label for=\"ff_3_item_sf\" aria-label=\"Contact\">\n                    Contact                <\/label>\n            <\/div>\n            <div class=\"ff-el-input--content\">\n                <input type=\"text\"\n                       name=\"item_3__fluent_sf\"\n                       class=\"ff-el-form-control\"\n                       id=\"ff_3_item_sf\"\n                \/>\n            <\/div>\n        <\/div>\n                <input type=\"hidden\" id=\"__fluent_protection_token_3\" class=\"fluent-form-token-field\" name=\"__fluent_protection_token_3\">\n        <input type='hidden' name='__fluent_form_embded_post_id' value='4179' \/><input type=\"hidden\" id=\"_fluentform_3_fluentformnonce\" name=\"_fluentform_3_fluentformnonce\" value=\"2a9805b89c\" \/><input type=\"hidden\" name=\"_wp_http_referer\" value=\"\/it\/wp-json\/wp\/v2\/pages\/4179\" \/><div class='ff-el-group'><div class=\"ff-el-input--label ff-el-is-required asterisk-right\"><label   aria-label=\"Mitgliedschaft als\">Mitgliedschaft als<\/label><\/div><div class='ff-el-input--content'><div class='ff-el-form-check ff-el-form-check-'><label class='ff-el-form-check-label' for='input_radio_65f7af7c837a4baa3de6307886171737'><input  type=\"radio\" name=\"input_radio\" data-name=\"input_radio\" class=\"ff-el-form-check-input ff-el-form-check-radio\" value=\"Einzelmitglied (Jahresbeitrag CHF 50.\u2013)\"  id='input_radio_65f7af7c837a4baa3de6307886171737' aria-label='Einzelmitglied (Jahresbeitrag CHF 50.\u2013)' aria-invalid='false' aria-required=true> <span>Einzelmitglied (Jahresbeitrag CHF 50.\u2013)<\/span><\/label><\/div><div class='ff-el-form-check ff-el-form-check-'><label class='ff-el-form-check-label' for='input_radio_117e1f352052c91334e96ae619ac8b13'><input  type=\"radio\" name=\"input_radio\" data-name=\"input_radio\" class=\"ff-el-form-check-input ff-el-form-check-radio\" value=\"Firma (Jahresbeitrag CHF 100.\u2013)\"  id='input_radio_117e1f352052c91334e96ae619ac8b13' aria-label='Firma (Jahresbeitrag CHF 100.\u2013)' aria-invalid='false' aria-required=true> <span>Firma (Jahresbeitrag CHF 100.\u2013)<\/span><\/label><\/div><div class='ff-el-form-check ff-el-form-check-'><label class='ff-el-form-check-label' for='input_radio_a728bf3541819f52d74cf695c9bddc36'><input  type=\"radio\" name=\"input_radio\" data-name=\"input_radio\" class=\"ff-el-form-check-input ff-el-form-check-radio\" value=\"G\u00f6nner\"  id='input_radio_a728bf3541819f52d74cf695c9bddc36' aria-label='G\u00f6nner' aria-invalid='false' aria-required=true> <span>G\u00f6nner<\/span><\/label><\/div><\/div><\/div><div class='ff-el-group has-conditions'><div class=\"ff-el-input--label ff-el-is-required asterisk-right\"><label for='ff_3_betrag_goenner' id='label_ff_3_betrag_goenner' aria-label=\"Betrag\">Betrag<\/label><\/div><div class='ff-el-input--content'><input type=\"number\" name=\"betrag_goenner\" id=\"ff_3_betrag_goenner\" class=\"ff-el-form-control\" data-name=\"betrag_goenner\" inputmode=\"numeric\" step=\"any\" min=\"1\" aria-valuemin=\"1\"  aria-invalid=\"false\" aria-required=true><\/div><\/div><div class='ff-el-group has-conditions'><div class=\"ff-el-input--label asterisk-right\"><label   aria-label=\"Regelm\u00e4ssigkeit\">Regelm\u00e4ssigkeit<\/label><\/div><div class='ff-el-input--content'><div class='ff-el-form-check ff-el-form-check-'><label class='ff-el-form-check-label' for='regelmaessigkeit_goenner_d67b47fb71689c8604ff0c1805056746'><input  type=\"radio\" name=\"regelmaessigkeit_goenner\" data-name=\"regelmaessigkeit_goenner\" class=\"ff-el-form-check-input ff-el-form-check-radio\" value=\"Monatlich\"  id='regelmaessigkeit_goenner_d67b47fb71689c8604ff0c1805056746' aria-label='Monatlich' aria-invalid='false' aria-required=false> <span>Monatlich<\/span><\/label><\/div><div class='ff-el-form-check ff-el-form-check-'><label class='ff-el-form-check-label' for='regelmaessigkeit_goenner_8803dd49b4b0bff38c53dbb023235fdd'><input  type=\"radio\" name=\"regelmaessigkeit_goenner\" data-name=\"regelmaessigkeit_goenner\" class=\"ff-el-form-check-input ff-el-form-check-radio\" value=\"J\u00e4hrlich\"  id='regelmaessigkeit_goenner_8803dd49b4b0bff38c53dbb023235fdd' aria-label='J\u00e4hrlich' aria-invalid='false' aria-required=false> <span>J\u00e4hrlich<\/span><\/label><\/div><div class='ff-el-form-check ff-el-form-check-'><label class='ff-el-form-check-label' for='regelmaessigkeit_goenner_afb283bddcd7fd1f34e97526c2b39eac'><input  type=\"radio\" name=\"regelmaessigkeit_goenner\" data-name=\"regelmaessigkeit_goenner\" class=\"ff-el-form-check-input ff-el-form-check-radio\" value=\"Einmalig\"  id='regelmaessigkeit_goenner_afb283bddcd7fd1f34e97526c2b39eac' aria-label='Einmalig' aria-invalid='false' aria-required=false> <span>Einmalig<\/span><\/label><\/div><\/div><\/div><div data-type=\"name-element\" data-name=\"names\" class=\" ff-field_container ff-name-field-wrapper\" ><div class='ff-t-container'><div class='ff-t-cell '><div class='ff-el-group ff-el-form-top'><div class=\"ff-el-input--label ff-el-is-required asterisk-right\"><label for='ff_3_names_first_name_' id='label_ff_3_names_first_name_' >Vorname<\/label><\/div><div class='ff-el-input--content'><input type=\"text\" name=\"names[first_name]\" id=\"ff_3_names_first_name_\" class=\"ff-el-form-control\" placeholder=\"Vorname\" aria-invalid=\"false\" aria-required=true><\/div><\/div><\/div><div class='ff-t-cell '><div class='ff-el-group ff-el-form-top'><div class=\"ff-el-input--label ff-el-is-required asterisk-right\"><label for='ff_3_names_last_name_' id='label_ff_3_names_last_name_' >Nachname<\/label><\/div><div class='ff-el-input--content'><input type=\"text\" name=\"names[last_name]\" id=\"ff_3_names_last_name_\" class=\"ff-el-form-control\" placeholder=\"Nachname\" aria-invalid=\"false\" aria-required=true><\/div><\/div><\/div><\/div><\/div><div class='ff-el-group'><div class=\"ff-el-input--label asterisk-right\"><label for='ff_3_numeric_field' id='label_ff_3_numeric_field' aria-label=\"Jahrgang\">Jahrgang<\/label><\/div><div class='ff-el-input--content'><input type=\"number\" name=\"numeric_field\" id=\"ff_3_numeric_field\" class=\"ff-el-form-control\" data-name=\"numeric_field\" inputmode=\"numeric\" step=\"any\"  aria-invalid=\"false\" aria-required=false><\/div><\/div><div class='ff-el-group'><div class=\"ff-el-input--label asterisk-right\"><label for='ff_3_input_text' id='label_ff_3_input_text' aria-label=\"Firma\">Firma<\/label><\/div><div class='ff-el-input--content'><input type=\"text\" name=\"input_text\" class=\"ff-el-form-control\" data-name=\"input_text\" id=\"ff_3_input_text\"  aria-invalid=\"false\" aria-required=false><\/div><\/div><div class=\"ff-name-address-wrapper fluent-address\" data-type=\"address-element\" data-name=\"address_1\" ><div class='ff-el-input--content'><div class='ff-t-container'><div class='ff-t-cell'><div class='ff-el-group'><div class=\"ff-el-input--label asterisk-right\"><label for='ff_3_address_1_address_line_1_' id='label_ff_3_address_1_address_line_1_' aria-label=\"Strasse &amp; Nr.\">Strasse &amp; Nr.<\/label><\/div><div class='ff-el-input--content'><input type=\"text\" name=\"address_1[address_line_1]\" id=\"ff_3_address_1_address_line_1_\" class=\"ff-el-form-control\" placeholder=\"Strasse &amp; Nr.\" data-key_name=\"address_line_1\"  aria-invalid=\"false\" aria-required=false><\/div><\/div><\/div><div class='ff-t-cell'><div class='ff-el-group'><div class=\"ff-el-input--label asterisk-right\"><label for='ff_3_address_1_zip_' id='label_ff_3_address_1_zip_' aria-label=\"PLZ\">PLZ<\/label><\/div><div class='ff-el-input--content'><input type=\"text\" name=\"address_1[zip]\" id=\"ff_3_address_1_zip_\" class=\"ff-el-form-control\" placeholder=\"PLZ\" data-key_name=\"zip\"  aria-invalid=\"false\" aria-required=false><\/div><\/div><\/div><\/div><div class='ff-t-container'><div class='ff-t-cell'><div class='ff-el-group'><div class=\"ff-el-input--label asterisk-right\"><label for='ff_3_address_1_city_' id='label_ff_3_address_1_city_' aria-label=\"Ort\">Ort<\/label><\/div><div class='ff-el-input--content'><input type=\"text\" name=\"address_1[city]\" id=\"ff_3_address_1_city_\" class=\"ff-el-form-control\" placeholder=\"Ort\" data-key_name=\"city\"  aria-invalid=\"false\" aria-required=false><\/div><\/div><\/div><\/div><\/div><\/div><div class='ff-el-group'><div class=\"ff-el-input--label asterisk-right\"><label for='ff_3_phone' id='label_ff_3_phone' aria-label=\"Telefon\">Telefon<\/label><\/div><div class='ff-el-input--content'><input name=\"phone\" class=\"ff-el-form-control ff-el-phone ff_el_with_extended_validation\" type=\"tel\" placeholder=\"Telefon\" data-name=\"phone\" id=\"ff_3_phone\" inputmode=\"tel\"  aria-invalid='false' aria-required=false><\/div><\/div><div class='ff-el-group'><div class=\"ff-el-input--label ff-el-is-required asterisk-right\"><label for='ff_3_email' id='label_ff_3_email' aria-label=\"E-Mail\">E-Mail<\/label><\/div><div class='ff-el-input--content'><input type=\"email\" name=\"email\" id=\"ff_3_email\" class=\"ff-el-form-control\" placeholder=\"E-Mail\" data-name=\"email\"  aria-invalid=\"false\" aria-required=true><\/div><\/div><div class='ff-el-group'><div class=\"ff-el-input--label asterisk-right\"><label for='ff_3_description' id='label_ff_3_description' aria-label=\"Mitteilung\">Mitteilung<\/label><\/div><div class='ff-el-input--content'><textarea aria-required=\"false\" aria-labelledby=\"label_ff_3_description\" name=\"description\" id=\"ff_3_description\" class=\"ff-el-form-control\" rows=\"3\" cols=\"2\" data-name=\"description\" ><\/textarea><\/div><\/div><div class='ff-el-group'><div class=\"ff-el-input--label asterisk-right\"><label   aria-label=\"Ich war selbst von Brustkrebs betroffen\">Ich war selbst von Brustkrebs betroffen<\/label><\/div><div class='ff-el-input--content'><div class='ff-el-form-check ff-el-form-check-'><label class='ff-el-form-check-label' for='input_radio_1_5eb7a1c67871c9da7617cf9dbf0cf541'><input  type=\"radio\" name=\"input_radio_1\" data-name=\"input_radio_1\" class=\"ff-el-form-check-input ff-el-form-check-radio\" value=\"Ja\"  id='input_radio_1_5eb7a1c67871c9da7617cf9dbf0cf541' aria-label='Ja' aria-invalid='false' aria-required=false> <span>Ja<\/span><\/label><\/div><div class='ff-el-form-check ff-el-form-check-'><label class='ff-el-form-check-label' for='input_radio_1_b1822da1031908f1b2baa8a1cae5e2ab'><input  type=\"radio\" name=\"input_radio_1\" data-name=\"input_radio_1\" class=\"ff-el-form-check-input ff-el-form-check-radio\" value=\"Nein\"  id='input_radio_1_b1822da1031908f1b2baa8a1cae5e2ab' aria-label='Nein' aria-invalid='false' aria-required=false> <span>Nein<\/span><\/label><\/div><\/div><\/div><div class='ff-el-group ff-text-left ff_submit_btn_wrapper'><button type=\"submit\" class=\"ff-btn ff-btn-submit ff-btn-md ff_btn_style\"  aria-label=\"Senden\">Senden<\/button><\/div><\/fieldset><\/form><div id='fluentform_3_errors' class='ff-errors-in-stack ff_form_instance_3_1 ff-form-loading_errors ff_form_instance_3_1_errors'><\/div><\/div>            <script type=\"text\/javascript\">\n                window.fluent_form_ff_form_instance_3_1 = {\"id\":\"3\",\"ajaxUrl\":\"https:\\\/\\\/europadonna.ch\\\/wp-admin\\\/admin-ajax.php\",\"settings\":{\"layout\":{\"labelPlacement\":\"top\",\"asteriskPlacement\":\"asterisk-right\",\"helpMessagePlacement\":\"with_label\",\"errorMessagePlacement\":\"inline\",\"cssClassName\":\"\"},\"restrictions\":{\"denyEmptySubmission\":{\"enabled\":false}}},\"form_instance\":\"ff_form_instance_3_1\",\"form_id_selector\":\"fluentform_3\",\"rules\":{\"input_radio\":{\"required\":{\"value\":true,\"message\":\"Dieses Feld ist erforderlich.\",\"global_message\":\"Dieses Feld ist erforderlich.\",\"global\":true}},\"betrag_goenner\":{\"required\":{\"value\":true,\"message\":\"Dieses Feld ist erforderlich.\",\"global_message\":\"Dieses Feld ist erforderlich.\",\"global\":true},\"numeric\":{\"value\":true,\"message\":\"Dieses Feld muss einen Zahlenwert enthalten.\",\"global_message\":\"Dieses Feld muss einen Zahlenwert enthalten.\",\"global\":true},\"min\":{\"value\":\"1\",\"message\":\"Der eingegebene Wert liegt unter dem Mindestwert von CHF 1.\\u2013\",\"global_message\":\"Der eingegebene Wert liegt unter dem Mindestwert.\",\"global\":false},\"max\":{\"value\":\"\",\"message\":\"Der eingegebene Wert liegt \\u00fcber dem Maximalwert.\",\"global_message\":\"Der eingegebene Wert liegt \\u00fcber dem Maximalwert.\",\"global\":true},\"digits\":{\"value\":\"\",\"message\":\"Der eingegebene Wert enth\\u00e4lt zu viele Ziffern \\\/ Buchstaben.\",\"global_message\":\"Der eingegebene Wert enth\\u00e4lt zu viele Ziffern \\\/ Buchstaben.\",\"global\":true}},\"regelmaessigkeit_goenner\":{\"required\":{\"value\":false,\"message\":\"Dieses Feld ist erforderlich.\",\"global_message\":\"Dieses Feld ist erforderlich.\",\"global\":true}},\"names[first_name]\":{\"required\":{\"value\":true,\"message\":\"Dieses Feld ist erforderlich.\",\"global_message\":\"Dieses Feld ist erforderlich.\",\"global\":true}},\"names[middle_name]\":{\"required\":{\"value\":false,\"message\":\"Dieses Feld ist erforderlich.\",\"global_message\":\"Dieses Feld ist erforderlich.\",\"global\":true}},\"names[last_name]\":{\"required\":{\"value\":true,\"message\":\"Dieses Feld ist erforderlich.\",\"global_message\":\"Dieses Feld ist erforderlich.\",\"global\":true}},\"numeric_field\":{\"required\":{\"value\":false,\"message\":\"Dieses Feld ist erforderlich.\",\"global_message\":\"Dieses Feld ist erforderlich.\",\"global\":true},\"numeric\":{\"value\":true,\"message\":\"Dieses Feld muss einen Zahlenwert enthalten.\",\"global_message\":\"Dieses Feld muss einen Zahlenwert enthalten.\",\"global\":true},\"min\":{\"value\":\"\",\"message\":\"Der eingegebene Wert liegt unter dem Mindestwert.\",\"global_message\":\"Der eingegebene Wert liegt unter dem Mindestwert.\",\"global\":true},\"max\":{\"value\":\"\",\"message\":\"Der eingegebene Wert liegt \\u00fcber dem Maximalwert.\",\"global_message\":\"Der eingegebene Wert liegt \\u00fcber dem Maximalwert.\",\"global\":true},\"digits\":{\"value\":\"\",\"message\":\"Der eingegebene Wert enth\\u00e4lt zu viele Ziffern \\\/ Buchstaben.\",\"global_message\":\"Der eingegebene Wert enth\\u00e4lt zu viele Ziffern \\\/ Buchstaben.\",\"global\":true}},\"input_text\":{\"required\":{\"value\":false,\"message\":\"Dieses Feld ist erforderlich.\",\"global_message\":\"Dieses Feld ist erforderlich.\",\"global\":true}},\"address_1[address_line_1]\":{\"required\":{\"value\":false,\"message\":\"Dieses Feld ist erforderlich.\",\"global_message\":\"Dieses Feld ist erforderlich.\",\"global\":true}},\"address_1[address_line_2]\":{\"required\":{\"value\":false,\"message\":\"Dieses Feld ist erforderlich.\",\"global_message\":\"Dieses Feld ist erforderlich.\",\"global\":true}},\"address_1[city]\":{\"required\":{\"value\":false,\"message\":\"Dieses Feld ist erforderlich.\",\"global_message\":\"Dieses Feld ist erforderlich.\",\"global\":true}},\"address_1[state]\":{\"required\":{\"value\":false,\"message\":\"Dieses Feld ist erforderlich.\",\"global_message\":\"Dieses Feld ist erforderlich.\",\"global\":true}},\"address_1[zip]\":{\"required\":{\"value\":false,\"message\":\"Dieses Feld ist erforderlich.\",\"global_message\":\"Dieses Feld ist erforderlich.\",\"global\":true}},\"address_1[country]\":{\"required\":{\"value\":false,\"message\":\"Dieses Feld ist erforderlich.\",\"global_message\":\"Dieses Feld ist erforderlich.\",\"global\":true}},\"phone\":{\"required\":{\"value\":false,\"global\":true,\"message\":\"Dieses Feld ist erforderlich.\",\"global_message\":\"Dieses Feld ist erforderlich.\"},\"valid_phone_number\":{\"value\":true,\"global\":true,\"message\":\"Diese Telefonnummer ist ung\\u00fcltig.\",\"global_message\":\"Diese Telefonnummer ist ung\\u00fcltig.\"}},\"email\":{\"required\":{\"value\":true,\"message\":\"Dieses Feld ist erforderlich.\",\"global_message\":\"Dieses Feld ist erforderlich.\",\"global\":true},\"email\":{\"value\":true,\"message\":\"Dieses Feld muss eine g\\u00fcltige E-Mail enthalten.\",\"global_message\":\"Dieses Feld muss eine g\\u00fcltige E-Mail enthalten.\",\"global\":true}},\"description\":{\"required\":{\"value\":false,\"message\":\"Dieses Feld ist erforderlich.\",\"global_message\":\"Dieses Feld ist erforderlich.\",\"global\":true}},\"input_radio_1\":{\"required\":{\"value\":false,\"message\":\"Dieses Feld ist erforderlich.\",\"global_message\":\"Dieses Feld ist erforderlich.\",\"global\":true}}},\"debounce_time\":300,\"conditionals\":{\"betrag_goenner\":{\"type\":\"any\",\"status\":true,\"conditions\":[{\"field\":\"input_radio\",\"value\":\"G\\u00f6nner\",\"operator\":\"=\"}],\"condition_groups\":[{\"rules\":[{\"field\":\"\",\"value\":\"\",\"operator\":\"\"}],\"title\":\"\",\"isEditingTitle\":false,\"isPreviewOpen\":false,\"isGroupOpen\":true}]},\"regelmaessigkeit_goenner\":{\"type\":\"any\",\"status\":true,\"conditions\":[{\"field\":\"input_radio\",\"value\":\"G\\u00f6nner\",\"operator\":\"=\"}],\"condition_groups\":[{\"rules\":[{\"field\":\"\",\"value\":\"\",\"operator\":\"\"}],\"title\":\"\",\"isEditingTitle\":false,\"isPreviewOpen\":false,\"isGroupOpen\":true}]}}};\n                            <\/script>\n                        <\/div>\n\n            \t\t\t\t<\/div>\n\t\t\t\t<\/div>\n\t\t\t\t<\/div>\n\t\t\t\t\t<\/div>\n\t\t\t\t<\/div>\n\t\t\t\t<\/div>\n\t\t","protected":false},"excerpt":{"rendered":"<p>Diventare membri, ambasciatori o sponsor Mitglied werden Subscribe Mitgliedschaft als Einzelmitglied (Jahresbeitrag CHF 50.\u2013) Firma (Jahresbeitrag CHF 100.\u2013) G\u00f6nnerBetragRegelm\u00e4ssigkeit Monatlich J\u00e4hrlich EinmaligVornameNachnameJahrgangFirmaStrasse &amp; Nr.PLZOrtTelefonE-MailMitteilungIch war selbst von Brustkrebs betroffen Ja NeinSenden<\/p>\n","protected":false},"author":2,"featured_media":0,"parent":0,"menu_order":0,"comment_status":"closed","ping_status":"closed","template":"","meta":{"footnotes":""},"class_list":["post-4179","page","type-page","status-publish","hentry"],"_links":{"self":[{"href":"https:\/\/europadonna.ch\/it\/wp-json\/wp\/v2\/pages\/4179","targetHints":{"allow":["GET"]}}],"collection":[{"href":"https:\/\/europadonna.ch\/it\/wp-json\/wp\/v2\/pages"}],"about":[{"href":"https:\/\/europadonna.ch\/it\/wp-json\/wp\/v2\/types\/page"}],"author":[{"embeddable":true,"href":"https:\/\/europadonna.ch\/it\/wp-json\/wp\/v2\/users\/2"}],"replies":[{"embeddable":true,"href":"https:\/\/europadonna.ch\/it\/wp-json\/wp\/v2\/comments?post=4179"}],"version-history":[{"count":5,"href":"https:\/\/europadonna.ch\/it\/wp-json\/wp\/v2\/pages\/4179\/revisions"}],"predecessor-version":[{"id":4359,"href":"https:\/\/europadonna.ch\/it\/wp-json\/wp\/v2\/pages\/4179\/revisions\/4359"}],"wp:attachment":[{"href":"https:\/\/europadonna.ch\/it\/wp-json\/wp\/v2\/media?parent=4179"}],"curies":[{"name":"wp","href":"https:\/\/api.w.org\/{rel}","templated":true}]}}