{"id":4188,"date":"2025-05-12T13:47:32","date_gmt":"2025-05-12T11:47:32","guid":{"rendered":"https:\/\/europadonna.ch\/pink-cube-impressioni\/"},"modified":"2025-07-15T07:42:22","modified_gmt":"2025-07-15T05:42:22","slug":"pink-cube-impressioni","status":"publish","type":"page","link":"https:\/\/europadonna.ch\/it\/pink-cube-impressioni\/","title":{"rendered":"Pink Cube"},"content":{"rendered":"\t\t<div data-elementor-type=\"wp-page\" data-elementor-id=\"4188\" class=\"elementor elementor-4188 elementor-525\" data-elementor-post-type=\"page\">\n\t\t\t\t<div class=\"elementor-element elementor-element-db04ad9 e-flex e-con-boxed e-con e-parent\" data-id=\"db04ad9\" data-element_type=\"container\" data-e-type=\"container\">\n\t\t\t\t\t<div class=\"e-con-inner\">\n\t\t<div class=\"elementor-element elementor-element-9ee89fe e-con-full e-flex e-con e-child\" data-id=\"9ee89fe\" data-element_type=\"container\" data-e-type=\"container\">\n\t\t\t\t<div class=\"elementor-element elementor-element-91af409 elementor-widget elementor-widget-heading\" data-id=\"91af409\" data-element_type=\"widget\" data-e-type=\"widget\" data-widget_type=\"heading.default\">\n\t\t\t\t<div class=\"elementor-widget-container\">\n\t\t\t\t\t<h3 class=\"elementor-heading-title elementor-size-default\">Pari opportunit\u00e0 - Chiudere il gap!!<\/h3>\t\t\t\t<\/div>\n\t\t\t\t<\/div>\n\t\t\t\t<div class=\"elementor-element elementor-element-f148a3f elementor-widget elementor-widget-heading\" data-id=\"f148a3f\" data-element_type=\"widget\" data-e-type=\"widget\" data-widget_type=\"heading.default\">\n\t\t\t\t<div class=\"elementor-widget-container\">\n\t\t\t\t\t<h1 class=\"elementor-heading-title elementor-size-default\">Pink Cube<\/h1>\t\t\t\t<\/div>\n\t\t\t\t<\/div>\n\t\t\t\t<div class=\"elementor-element elementor-element-9851ea3 elementor-widget elementor-widget-text-editor\" data-id=\"9851ea3\" data-element_type=\"widget\" data-e-type=\"widget\" data-widget_type=\"text-editor.default\">\n\t\t\t\t<div class=\"elementor-widget-container\">\n\t\t\t\t\t\t\t\t\t<p>La diagnosi precoce del cancro al seno pu\u00f2 salvare la vita. Quanto pi\u00f9 precocemente viene individuato un tumore, tanto maggiori sono le possibilit\u00e0 di guarigione e meno stressanti sono i trattamenti. PINK CUBE Test Your Breast \u00e8 un&#8217;iniziativa unica per promuovere la prevenzione del cancro al seno in Svizzera. Crea consapevolezza nel pubblico, trasmette conoscenze e rafforza la diagnosi precoce. Il fulcro del nostro lavoro \u00e8 l&#8217;annuale PINK CUBE Roadshow, una campagna di sensibilizzazione che si svolge in vari cantoni della Svizzera nell&#8217;ambito del Mese della Consapevolezza del Cancro al Seno, in ottobre, e che \u00e8 resa possibile da partnership e sponsorizzazioni.<\/p><p>Il 2025 inizier\u00e0 a settembre (il via il 6 settembre a Zurigo) per essere presente in tutti i cantoni che non hanno un programma di screening mammografico di qualit\u00e0.<\/p>\t\t\t\t\t\t\t\t<\/div>\n\t\t\t\t<\/div>\n\t\t\t\t<\/div>\n\t\t\t\t\t<\/div>\n\t\t\t\t<\/div>\n\t\t<div class=\"elementor-element elementor-element-8c7b055 e-con-full e-flex e-con e-parent\" data-id=\"8c7b055\" data-element_type=\"container\" data-e-type=\"container\">\n\t\t<div class=\"elementor-element elementor-element-0a2828e e-flex e-con-boxed e-con e-child\" data-id=\"0a2828e\" data-element_type=\"container\" data-e-type=\"container\">\n\t\t\t\t\t<div class=\"e-con-inner\">\n\t\t\t\t<div class=\"elementor-element elementor-element-f6ead58 elementor-widget elementor-widget-heading\" data-id=\"f6ead58\" data-element_type=\"widget\" data-e-type=\"widget\" data-widget_type=\"heading.default\">\n\t\t\t\t<div class=\"elementor-widget-container\">\n\t\t\t\t\t<h2 class=\"elementor-heading-title elementor-size-default\">Impressioni<\/h2>\t\t\t\t<\/div>\n\t\t\t\t<\/div>\n\t\t\t\t\t<\/div>\n\t\t\t\t<\/div>\n\t\t\t\t<div class=\"elementor-element elementor-element-5d197fe elementor-widget elementor-widget-gallery\" data-id=\"5d197fe\" data-element_type=\"widget\" data-e-type=\"widget\" data-settings=\"{&quot;gallery_layout&quot;:&quot;masonry&quot;,&quot;columns_tablet&quot;:3,&quot;columns_mobile&quot;:2,&quot;gap&quot;:{&quot;unit&quot;:&quot;px&quot;,&quot;size&quot;:20,&quot;sizes&quot;:[]},&quot;gap_tablet&quot;:{&quot;unit&quot;:&quot;px&quot;,&quot;size&quot;:15,&quot;sizes&quot;:[]},&quot;gap_mobile&quot;:{&quot;unit&quot;:&quot;px&quot;,&quot;size&quot;:15,&quot;sizes&quot;:[]},&quot;lazyload&quot;:&quot;yes&quot;,&quot;columns&quot;:4,&quot;link_to&quot;:&quot;file&quot;,&quot;content_hover_animation&quot;:&quot;fade-in&quot;}\" data-widget_type=\"gallery.default\">\n\t\t\t\t<div class=\"elementor-widget-container\">\n\t\t\t\t\t\t\t<div class=\"elementor-gallery__container\">\n\t\t\t\t\t\t\t<a class=\"e-gallery-item elementor-gallery-item elementor-animated-content\" href=\"https:\/\/europadonna.ch\/wp-content\/uploads\/2025\/05\/Pink-Cube-1.jpg\" data-elementor-open-lightbox=\"yes\" data-elementor-lightbox-slideshow=\"5d197fe\" data-elementor-lightbox-title=\"Pink Cube 1\" data-e-action-hash=\"#elementor-action%3Aaction%3Dlightbox%26settings%3DeyJpZCI6MTMzMywidXJsIjoiaHR0cHM6XC9cL2V1cm9wYWRvbm5hLmNoXC93cC1jb250ZW50XC91cGxvYWRzXC8yMDI1XC8wNVwvUGluay1DdWJlLTEuanBnIiwic2xpZGVzaG93IjoiNWQxOTdmZSJ9\">\n\t\t\t\t\t<div class=\"e-gallery-image elementor-gallery-item__image\" data-thumbnail=\"https:\/\/europadonna.ch\/wp-content\/uploads\/2025\/05\/Pink-Cube-1.jpg\" data-width=\"750\" data-height=\"563\" aria-label=\"\" role=\"img\" ><\/div>\n\t\t\t\t\t\t\t\t\t\t\t\t\t\t<\/a>\n\t\t\t\t\t\t\t<a class=\"e-gallery-item elementor-gallery-item elementor-animated-content\" href=\"https:\/\/europadonna.ch\/wp-content\/uploads\/2025\/05\/Pink-Cube-2.jpg\" data-elementor-open-lightbox=\"yes\" data-elementor-lightbox-slideshow=\"5d197fe\" data-elementor-lightbox-title=\"Pink Cube 2\" data-e-action-hash=\"#elementor-action%3Aaction%3Dlightbox%26settings%3DeyJpZCI6MTMzNCwidXJsIjoiaHR0cHM6XC9cL2V1cm9wYWRvbm5hLmNoXC93cC1jb250ZW50XC91cGxvYWRzXC8yMDI1XC8wNVwvUGluay1DdWJlLTIuanBnIiwic2xpZGVzaG93IjoiNWQxOTdmZSJ9\">\n\t\t\t\t\t<div class=\"e-gallery-image elementor-gallery-item__image\" data-thumbnail=\"https:\/\/europadonna.ch\/wp-content\/uploads\/2025\/05\/Pink-Cube-2.jpg\" data-width=\"750\" data-height=\"1000\" aria-label=\"\" role=\"img\" ><\/div>\n\t\t\t\t\t\t\t\t\t\t\t\t\t\t<\/a>\n\t\t\t\t\t\t\t<a class=\"e-gallery-item elementor-gallery-item elementor-animated-content\" href=\"https:\/\/europadonna.ch\/wp-content\/uploads\/2025\/05\/Pink-Cube-3.jpg\" data-elementor-open-lightbox=\"yes\" data-elementor-lightbox-slideshow=\"5d197fe\" data-elementor-lightbox-title=\"Pink Cube 3\" data-e-action-hash=\"#elementor-action%3Aaction%3Dlightbox%26settings%3DeyJpZCI6MTMzNSwidXJsIjoiaHR0cHM6XC9cL2V1cm9wYWRvbm5hLmNoXC93cC1jb250ZW50XC91cGxvYWRzXC8yMDI1XC8wNVwvUGluay1DdWJlLTMuanBnIiwic2xpZGVzaG93IjoiNWQxOTdmZSJ9\">\n\t\t\t\t\t<div class=\"e-gallery-image elementor-gallery-item__image\" data-thumbnail=\"https:\/\/europadonna.ch\/wp-content\/uploads\/2025\/05\/Pink-Cube-3.jpg\" data-width=\"750\" data-height=\"563\" aria-label=\"\" role=\"img\" ><\/div>\n\t\t\t\t\t\t\t\t\t\t\t\t\t\t<\/a>\n\t\t\t\t\t\t\t<a class=\"e-gallery-item elementor-gallery-item elementor-animated-content\" href=\"https:\/\/europadonna.ch\/wp-content\/uploads\/2025\/05\/Pink-Cube-4.jpg\" data-elementor-open-lightbox=\"yes\" data-elementor-lightbox-slideshow=\"5d197fe\" data-elementor-lightbox-title=\"Pink Cube 4\" data-e-action-hash=\"#elementor-action%3Aaction%3Dlightbox%26settings%3DeyJpZCI6MTMzNiwidXJsIjoiaHR0cHM6XC9cL2V1cm9wYWRvbm5hLmNoXC93cC1jb250ZW50XC91cGxvYWRzXC8yMDI1XC8wNVwvUGluay1DdWJlLTQuanBnIiwic2xpZGVzaG93IjoiNWQxOTdmZSJ9\">\n\t\t\t\t\t<div class=\"e-gallery-image elementor-gallery-item__image\" data-thumbnail=\"https:\/\/europadonna.ch\/wp-content\/uploads\/2025\/05\/Pink-Cube-4.jpg\" data-width=\"750\" data-height=\"563\" aria-label=\"\" role=\"img\" ><\/div>\n\t\t\t\t\t\t\t\t\t\t\t\t\t\t<\/a>\n\t\t\t\t\t\t\t<a class=\"e-gallery-item elementor-gallery-item elementor-animated-content\" href=\"https:\/\/europadonna.ch\/wp-content\/uploads\/2025\/05\/Pink-Cube-5.jpg\" data-elementor-open-lightbox=\"yes\" data-elementor-lightbox-slideshow=\"5d197fe\" data-elementor-lightbox-title=\"Pink Cube 5\" data-e-action-hash=\"#elementor-action%3Aaction%3Dlightbox%26settings%3DeyJpZCI6MTMzNywidXJsIjoiaHR0cHM6XC9cL2V1cm9wYWRvbm5hLmNoXC93cC1jb250ZW50XC91cGxvYWRzXC8yMDI1XC8wNVwvUGluay1DdWJlLTUuanBnIiwic2xpZGVzaG93IjoiNWQxOTdmZSJ9\">\n\t\t\t\t\t<div class=\"e-gallery-image elementor-gallery-item__image\" data-thumbnail=\"https:\/\/europadonna.ch\/wp-content\/uploads\/2025\/05\/Pink-Cube-5.jpg\" data-width=\"750\" data-height=\"976\" aria-label=\"\" role=\"img\" ><\/div>\n\t\t\t\t\t\t\t\t\t\t\t\t\t\t<\/a>\n\t\t\t\t\t\t\t<a class=\"e-gallery-item elementor-gallery-item elementor-animated-content\" href=\"https:\/\/europadonna.ch\/wp-content\/uploads\/2025\/05\/Pink-Cube-6.jpg\" data-elementor-open-lightbox=\"yes\" data-elementor-lightbox-slideshow=\"5d197fe\" data-elementor-lightbox-title=\"Pink Cube 6\" data-e-action-hash=\"#elementor-action%3Aaction%3Dlightbox%26settings%3DeyJpZCI6MTMzOCwidXJsIjoiaHR0cHM6XC9cL2V1cm9wYWRvbm5hLmNoXC93cC1jb250ZW50XC91cGxvYWRzXC8yMDI1XC8wNVwvUGluay1DdWJlLTYuanBnIiwic2xpZGVzaG93IjoiNWQxOTdmZSJ9\">\n\t\t\t\t\t<div class=\"e-gallery-image elementor-gallery-item__image\" data-thumbnail=\"https:\/\/europadonna.ch\/wp-content\/uploads\/2025\/05\/Pink-Cube-6.jpg\" data-width=\"750\" data-height=\"1000\" aria-label=\"\" role=\"img\" ><\/div>\n\t\t\t\t\t\t\t\t\t\t\t\t\t\t<\/a>\n\t\t\t\t\t\t\t<a class=\"e-gallery-item elementor-gallery-item elementor-animated-content\" href=\"https:\/\/europadonna.ch\/wp-content\/uploads\/2025\/05\/Pink-Cube-7.jpg\" data-elementor-open-lightbox=\"yes\" data-elementor-lightbox-slideshow=\"5d197fe\" data-elementor-lightbox-title=\"Pink Cube 7\" data-e-action-hash=\"#elementor-action%3Aaction%3Dlightbox%26settings%3DeyJpZCI6MTMzOSwidXJsIjoiaHR0cHM6XC9cL2V1cm9wYWRvbm5hLmNoXC93cC1jb250ZW50XC91cGxvYWRzXC8yMDI1XC8wNVwvUGluay1DdWJlLTcuanBnIiwic2xpZGVzaG93IjoiNWQxOTdmZSJ9\">\n\t\t\t\t\t<div class=\"e-gallery-image elementor-gallery-item__image\" data-thumbnail=\"https:\/\/europadonna.ch\/wp-content\/uploads\/2025\/05\/Pink-Cube-7-768x512.jpg\" data-width=\"768\" data-height=\"512\" aria-label=\"\" role=\"img\" ><\/div>\n\t\t\t\t\t\t\t\t\t\t\t\t\t\t<\/a>\n\t\t\t\t\t\t\t<a class=\"e-gallery-item elementor-gallery-item elementor-animated-content\" href=\"https:\/\/europadonna.ch\/wp-content\/uploads\/2025\/05\/Pink-Cube-8.jpg\" data-elementor-open-lightbox=\"yes\" data-elementor-lightbox-slideshow=\"5d197fe\" data-elementor-lightbox-title=\"Pink Cube 8\" data-e-action-hash=\"#elementor-action%3Aaction%3Dlightbox%26settings%3DeyJpZCI6MTM0MCwidXJsIjoiaHR0cHM6XC9cL2V1cm9wYWRvbm5hLmNoXC93cC1jb250ZW50XC91cGxvYWRzXC8yMDI1XC8wNVwvUGluay1DdWJlLTguanBnIiwic2xpZGVzaG93IjoiNWQxOTdmZSJ9\">\n\t\t\t\t\t<div class=\"e-gallery-image elementor-gallery-item__image\" data-thumbnail=\"https:\/\/europadonna.ch\/wp-content\/uploads\/2025\/05\/Pink-Cube-8.jpg\" data-width=\"750\" data-height=\"554\" aria-label=\"\" role=\"img\" ><\/div>\n\t\t\t\t\t\t\t\t\t\t\t\t\t\t<\/a>\n\t\t\t\t\t\t\t<a class=\"e-gallery-item elementor-gallery-item elementor-animated-content\" href=\"https:\/\/europadonna.ch\/wp-content\/uploads\/2025\/05\/Pink-Cube-9.jpg\" data-elementor-open-lightbox=\"yes\" data-elementor-lightbox-slideshow=\"5d197fe\" data-elementor-lightbox-title=\"Pink Cube 9\" data-e-action-hash=\"#elementor-action%3Aaction%3Dlightbox%26settings%3DeyJpZCI6MTM0MSwidXJsIjoiaHR0cHM6XC9cL2V1cm9wYWRvbm5hLmNoXC93cC1jb250ZW50XC91cGxvYWRzXC8yMDI1XC8wNVwvUGluay1DdWJlLTkuanBnIiwic2xpZGVzaG93IjoiNWQxOTdmZSJ9\">\n\t\t\t\t\t<div class=\"e-gallery-image elementor-gallery-item__image\" data-thumbnail=\"https:\/\/europadonna.ch\/wp-content\/uploads\/2025\/05\/Pink-Cube-9-768x497.jpg\" data-width=\"768\" data-height=\"497\" aria-label=\"\" role=\"img\" ><\/div>\n\t\t\t\t\t\t\t\t\t\t\t\t\t\t<\/a>\n\t\t\t\t\t\t\t<a class=\"e-gallery-item elementor-gallery-item elementor-animated-content\" href=\"https:\/\/europadonna.ch\/wp-content\/uploads\/2025\/05\/Pink-Cube-10.jpg\" data-elementor-open-lightbox=\"yes\" data-elementor-lightbox-slideshow=\"5d197fe\" data-elementor-lightbox-title=\"Pink Cube 10\" data-e-action-hash=\"#elementor-action%3Aaction%3Dlightbox%26settings%3DeyJpZCI6MTM0MiwidXJsIjoiaHR0cHM6XC9cL2V1cm9wYWRvbm5hLmNoXC93cC1jb250ZW50XC91cGxvYWRzXC8yMDI1XC8wNVwvUGluay1DdWJlLTEwLmpwZyIsInNsaWRlc2hvdyI6IjVkMTk3ZmUifQ%3D%3D\">\n\t\t\t\t\t<div class=\"e-gallery-image elementor-gallery-item__image\" data-thumbnail=\"https:\/\/europadonna.ch\/wp-content\/uploads\/2025\/05\/Pink-Cube-10.jpg\" data-width=\"750\" data-height=\"1000\" aria-label=\"\" role=\"img\" ><\/div>\n\t\t\t\t\t\t\t\t\t\t\t\t\t\t<\/a>\n\t\t\t\t\t<\/div>\n\t\t\t\t\t<\/div>\n\t\t\t\t<\/div>\n\t\t\t\t<\/div>\n\t\t<div class=\"elementor-element elementor-element-3a83580 e-con-full e-flex e-con e-parent\" data-id=\"3a83580\" data-element_type=\"container\" data-e-type=\"container\">\n\t\t<div class=\"elementor-element elementor-element-21b975a e-flex e-con-boxed e-con e-child\" data-id=\"21b975a\" data-element_type=\"container\" data-e-type=\"container\">\n\t\t\t\t\t<div class=\"e-con-inner\">\n\t\t\t\t<div class=\"elementor-element elementor-element-a1fbf5f elementor-widget elementor-widget-heading\" data-id=\"a1fbf5f\" data-element_type=\"widget\" data-e-type=\"widget\" data-widget_type=\"heading.default\">\n\t\t\t\t<div class=\"elementor-widget-container\">\n\t\t\t\t\t<h2 class=\"elementor-heading-title elementor-size-default\">Pink Cube 2022 a Baden<\/h2>\t\t\t\t<\/div>\n\t\t\t\t<\/div>\n\t\t\t\t\t<\/div>\n\t\t\t\t<\/div>\n\t\t\t\t<div class=\"elementor-element elementor-element-d8aaf68 elementor-widget elementor-widget-gallery\" data-id=\"d8aaf68\" data-element_type=\"widget\" data-e-type=\"widget\" data-settings=\"{&quot;gallery_layout&quot;:&quot;masonry&quot;,&quot;columns_tablet&quot;:3,&quot;columns_mobile&quot;:2,&quot;gap&quot;:{&quot;unit&quot;:&quot;px&quot;,&quot;size&quot;:20,&quot;sizes&quot;:[]},&quot;gap_tablet&quot;:{&quot;unit&quot;:&quot;px&quot;,&quot;size&quot;:15,&quot;sizes&quot;:[]},&quot;gap_mobile&quot;:{&quot;unit&quot;:&quot;px&quot;,&quot;size&quot;:15,&quot;sizes&quot;:[]},&quot;lazyload&quot;:&quot;yes&quot;,&quot;columns&quot;:4,&quot;link_to&quot;:&quot;file&quot;,&quot;content_hover_animation&quot;:&quot;fade-in&quot;}\" data-widget_type=\"gallery.default\">\n\t\t\t\t<div class=\"elementor-widget-container\">\n\t\t\t\t\t\t\t<div class=\"elementor-gallery__container\">\n\t\t\t\t\t\t\t<a class=\"e-gallery-item elementor-gallery-item elementor-animated-content\" href=\"https:\/\/europadonna.ch\/wp-content\/uploads\/2025\/05\/Pink-Cube-2022-Baden_091100-scaled.jpg\" data-elementor-open-lightbox=\"yes\" data-elementor-lightbox-slideshow=\"d8aaf68\" data-elementor-lightbox-title=\"Pink Cube 2022 Baden_091100\" data-e-action-hash=\"#elementor-action%3Aaction%3Dlightbox%26settings%3DeyJpZCI6MTM0MywidXJsIjoiaHR0cHM6XC9cL2V1cm9wYWRvbm5hLmNoXC93cC1jb250ZW50XC91cGxvYWRzXC8yMDI1XC8wNVwvUGluay1DdWJlLTIwMjItQmFkZW5fMDkxMTAwLXNjYWxlZC5qcGciLCJzbGlkZXNob3ciOiJkOGFhZjY4In0%3D\">\n\t\t\t\t\t<div class=\"e-gallery-image elementor-gallery-item__image\" data-thumbnail=\"https:\/\/europadonna.ch\/wp-content\/uploads\/2025\/05\/Pink-Cube-2022-Baden_091100-768x1364.jpg\" data-width=\"768\" data-height=\"1364\" aria-label=\"\" role=\"img\" ><\/div>\n\t\t\t\t\t\t\t\t\t\t\t\t\t\t<\/a>\n\t\t\t\t\t\t\t<a class=\"e-gallery-item elementor-gallery-item elementor-animated-content\" href=\"https:\/\/europadonna.ch\/wp-content\/uploads\/2025\/05\/Pink-Cube-2022-Baden_091828-scaled.jpg\" data-elementor-open-lightbox=\"yes\" data-elementor-lightbox-slideshow=\"d8aaf68\" data-elementor-lightbox-title=\"Pink Cube 2022 Baden_091828\" data-e-action-hash=\"#elementor-action%3Aaction%3Dlightbox%26settings%3DeyJpZCI6MTM0NCwidXJsIjoiaHR0cHM6XC9cL2V1cm9wYWRvbm5hLmNoXC93cC1jb250ZW50XC91cGxvYWRzXC8yMDI1XC8wNVwvUGluay1DdWJlLTIwMjItQmFkZW5fMDkxODI4LXNjYWxlZC5qcGciLCJzbGlkZXNob3ciOiJkOGFhZjY4In0%3D\">\n\t\t\t\t\t<div class=\"e-gallery-image elementor-gallery-item__image\" data-thumbnail=\"https:\/\/europadonna.ch\/wp-content\/uploads\/2025\/05\/Pink-Cube-2022-Baden_091828-768x432.jpg\" data-width=\"768\" data-height=\"432\" aria-label=\"\" role=\"img\" ><\/div>\n\t\t\t\t\t\t\t\t\t\t\t\t\t\t<\/a>\n\t\t\t\t\t\t\t<a class=\"e-gallery-item elementor-gallery-item elementor-animated-content\" href=\"https:\/\/europadonna.ch\/wp-content\/uploads\/2025\/05\/Pink-Cube-2022-Baden_124850-scaled.jpg\" data-elementor-open-lightbox=\"yes\" data-elementor-lightbox-slideshow=\"d8aaf68\" data-elementor-lightbox-title=\"Pink Cube 2022 Baden_124850\" data-e-action-hash=\"#elementor-action%3Aaction%3Dlightbox%26settings%3DeyJpZCI6MTM0NSwidXJsIjoiaHR0cHM6XC9cL2V1cm9wYWRvbm5hLmNoXC93cC1jb250ZW50XC91cGxvYWRzXC8yMDI1XC8wNVwvUGluay1DdWJlLTIwMjItQmFkZW5fMTI0ODUwLXNjYWxlZC5qcGciLCJzbGlkZXNob3ciOiJkOGFhZjY4In0%3D\">\n\t\t\t\t\t<div class=\"e-gallery-image elementor-gallery-item__image\" data-thumbnail=\"https:\/\/europadonna.ch\/wp-content\/uploads\/2025\/05\/Pink-Cube-2022-Baden_124850-768x432.jpg\" data-width=\"768\" data-height=\"432\" aria-label=\"\" role=\"img\" ><\/div>\n\t\t\t\t\t\t\t\t\t\t\t\t\t\t<\/a>\n\t\t\t\t\t\t\t<a class=\"e-gallery-item elementor-gallery-item elementor-animated-content\" href=\"https:\/\/europadonna.ch\/wp-content\/uploads\/2025\/05\/Pink-Cube-2022-Baden_144944-scaled.jpg\" data-elementor-open-lightbox=\"yes\" data-elementor-lightbox-slideshow=\"d8aaf68\" data-elementor-lightbox-title=\"Pink Cube 2022 Baden_144944\" data-e-action-hash=\"#elementor-action%3Aaction%3Dlightbox%26settings%3DeyJpZCI6MTM0NiwidXJsIjoiaHR0cHM6XC9cL2V1cm9wYWRvbm5hLmNoXC93cC1jb250ZW50XC91cGxvYWRzXC8yMDI1XC8wNVwvUGluay1DdWJlLTIwMjItQmFkZW5fMTQ0OTQ0LXNjYWxlZC5qcGciLCJzbGlkZXNob3ciOiJkOGFhZjY4In0%3D\">\n\t\t\t\t\t<div class=\"e-gallery-image elementor-gallery-item__image\" data-thumbnail=\"https:\/\/europadonna.ch\/wp-content\/uploads\/2025\/05\/Pink-Cube-2022-Baden_144944-768x432.jpg\" data-width=\"768\" data-height=\"432\" aria-label=\"\" role=\"img\" ><\/div>\n\t\t\t\t\t\t\t\t\t\t\t\t\t\t<\/a>\n\t\t\t\t\t\t\t<a class=\"e-gallery-item elementor-gallery-item elementor-animated-content\" href=\"https:\/\/europadonna.ch\/wp-content\/uploads\/2025\/05\/Pink-Cube-2022-Baden_145540-scaled.jpg\" data-elementor-open-lightbox=\"yes\" data-elementor-lightbox-slideshow=\"d8aaf68\" data-elementor-lightbox-title=\"Pink Cube 2022 Baden_145540\" data-e-action-hash=\"#elementor-action%3Aaction%3Dlightbox%26settings%3DeyJpZCI6MTM0NywidXJsIjoiaHR0cHM6XC9cL2V1cm9wYWRvbm5hLmNoXC93cC1jb250ZW50XC91cGxvYWRzXC8yMDI1XC8wNVwvUGluay1DdWJlLTIwMjItQmFkZW5fMTQ1NTQwLXNjYWxlZC5qcGciLCJzbGlkZXNob3ciOiJkOGFhZjY4In0%3D\">\n\t\t\t\t\t<div class=\"e-gallery-image elementor-gallery-item__image\" data-thumbnail=\"https:\/\/europadonna.ch\/wp-content\/uploads\/2025\/05\/Pink-Cube-2022-Baden_145540-768x432.jpg\" data-width=\"768\" data-height=\"432\" aria-label=\"\" role=\"img\" ><\/div>\n\t\t\t\t\t\t\t\t\t\t\t\t\t\t<\/a>\n\t\t\t\t\t\t\t<a class=\"e-gallery-item elementor-gallery-item elementor-animated-content\" href=\"https:\/\/europadonna.ch\/wp-content\/uploads\/2025\/05\/Pink-Cube-2022-Baden_150308-scaled.jpg\" data-elementor-open-lightbox=\"yes\" data-elementor-lightbox-slideshow=\"d8aaf68\" data-elementor-lightbox-title=\"Pink Cube 2022 Baden_150308\" data-e-action-hash=\"#elementor-action%3Aaction%3Dlightbox%26settings%3DeyJpZCI6MTM0OCwidXJsIjoiaHR0cHM6XC9cL2V1cm9wYWRvbm5hLmNoXC93cC1jb250ZW50XC91cGxvYWRzXC8yMDI1XC8wNVwvUGluay1DdWJlLTIwMjItQmFkZW5fMTUwMzA4LXNjYWxlZC5qcGciLCJzbGlkZXNob3ciOiJkOGFhZjY4In0%3D\">\n\t\t\t\t\t<div class=\"e-gallery-image elementor-gallery-item__image\" data-thumbnail=\"https:\/\/europadonna.ch\/wp-content\/uploads\/2025\/05\/Pink-Cube-2022-Baden_150308-768x432.jpg\" data-width=\"768\" data-height=\"432\" aria-label=\"\" role=\"img\" ><\/div>\n\t\t\t\t\t\t\t\t\t\t\t\t\t\t<\/a>\n\t\t\t\t\t\t\t<a class=\"e-gallery-item elementor-gallery-item elementor-animated-content\" href=\"https:\/\/europadonna.ch\/wp-content\/uploads\/2025\/05\/Pink-Cube-2022-Baden_150422-scaled.jpg\" data-elementor-open-lightbox=\"yes\" data-elementor-lightbox-slideshow=\"d8aaf68\" data-elementor-lightbox-title=\"Pink Cube 2022 Baden_150422\" data-e-action-hash=\"#elementor-action%3Aaction%3Dlightbox%26settings%3DeyJpZCI6MTM0OSwidXJsIjoiaHR0cHM6XC9cL2V1cm9wYWRvbm5hLmNoXC93cC1jb250ZW50XC91cGxvYWRzXC8yMDI1XC8wNVwvUGluay1DdWJlLTIwMjItQmFkZW5fMTUwNDIyLXNjYWxlZC5qcGciLCJzbGlkZXNob3ciOiJkOGFhZjY4In0%3D\">\n\t\t\t\t\t<div class=\"e-gallery-image elementor-gallery-item__image\" data-thumbnail=\"https:\/\/europadonna.ch\/wp-content\/uploads\/2025\/05\/Pink-Cube-2022-Baden_150422-768x1364.jpg\" data-width=\"768\" data-height=\"1364\" aria-label=\"\" role=\"img\" ><\/div>\n\t\t\t\t\t\t\t\t\t\t\t\t\t\t<\/a>\n\t\t\t\t\t\t\t<a class=\"e-gallery-item elementor-gallery-item elementor-animated-content\" href=\"https:\/\/europadonna.ch\/wp-content\/uploads\/2025\/05\/Pink-Cube-2022-Baden_150641-scaled.jpg\" data-elementor-open-lightbox=\"yes\" data-elementor-lightbox-slideshow=\"d8aaf68\" data-elementor-lightbox-title=\"Pink Cube 2022 Baden_150641\" data-e-action-hash=\"#elementor-action%3Aaction%3Dlightbox%26settings%3DeyJpZCI6MTM1MCwidXJsIjoiaHR0cHM6XC9cL2V1cm9wYWRvbm5hLmNoXC93cC1jb250ZW50XC91cGxvYWRzXC8yMDI1XC8wNVwvUGluay1DdWJlLTIwMjItQmFkZW5fMTUwNjQxLXNjYWxlZC5qcGciLCJzbGlkZXNob3ciOiJkOGFhZjY4In0%3D\">\n\t\t\t\t\t<div class=\"e-gallery-image elementor-gallery-item__image\" data-thumbnail=\"https:\/\/europadonna.ch\/wp-content\/uploads\/2025\/05\/Pink-Cube-2022-Baden_150641-768x432.jpg\" data-width=\"768\" data-height=\"432\" aria-label=\"\" role=\"img\" ><\/div>\n\t\t\t\t\t\t\t\t\t\t\t\t\t\t<\/a>\n\t\t\t\t\t<\/div>\n\t\t\t\t\t<\/div>\n\t\t\t\t<\/div>\n\t\t\t\t<\/div>\n\t\t<div class=\"elementor-element elementor-element-1757dc1 e-flex e-con-boxed e-con e-parent\" data-id=\"1757dc1\" data-element_type=\"container\" data-e-type=\"container\">\n\t\t\t\t\t<div class=\"e-con-inner\">\n\t\t\t\t\t<\/div>\n\t\t\t\t<\/div>\n\t\t\t\t<\/div>\n\t\t","protected":false},"excerpt":{"rendered":"<p>Pari opportunit\u00e0 &#8211; Chiudere il gap!! Pink Cube La diagnosi precoce del cancro al seno pu\u00f2 salvare la vita. Quanto pi\u00f9 precocemente viene individuato un tumore, tanto maggiori sono le possibilit\u00e0 di guarigione e meno stressanti sono i trattamenti. PINK CUBE Test Your Breast \u00e8 un&#8217;iniziativa unica per promuovere la prevenzione del cancro al seno [&hellip;]<\/p>\n","protected":false},"author":2,"featured_media":0,"parent":0,"menu_order":0,"comment_status":"closed","ping_status":"closed","template":"","meta":{"footnotes":""},"class_list":["post-4188","page","type-page","status-publish","hentry"],"_links":{"self":[{"href":"https:\/\/europadonna.ch\/it\/wp-json\/wp\/v2\/pages\/4188","targetHints":{"allow":["GET"]}}],"collection":[{"href":"https:\/\/europadonna.ch\/it\/wp-json\/wp\/v2\/pages"}],"about":[{"href":"https:\/\/europadonna.ch\/it\/wp-json\/wp\/v2\/types\/page"}],"author":[{"embeddable":true,"href":"https:\/\/europadonna.ch\/it\/wp-json\/wp\/v2\/users\/2"}],"replies":[{"embeddable":true,"href":"https:\/\/europadonna.ch\/it\/wp-json\/wp\/v2\/comments?post=4188"}],"version-history":[{"count":1,"href":"https:\/\/europadonna.ch\/it\/wp-json\/wp\/v2\/pages\/4188\/revisions"}],"predecessor-version":[{"id":4189,"href":"https:\/\/europadonna.ch\/it\/wp-json\/wp\/v2\/pages\/4188\/revisions\/4189"}],"wp:attachment":[{"href":"https:\/\/europadonna.ch\/it\/wp-json\/wp\/v2\/media?parent=4188"}],"curies":[{"name":"wp","href":"https:\/\/api.w.org\/{rel}","templated":true}]}}