{"id":4453,"date":"2025-06-25T13:47:03","date_gmt":"2025-06-25T11:47:03","guid":{"rendered":"https:\/\/europadonna.ch\/informativa-sulla-privacy\/"},"modified":"2025-07-24T16:19:18","modified_gmt":"2025-07-24T14:19:18","slug":"informativa-sulla-privacy","status":"publish","type":"page","link":"https:\/\/europadonna.ch\/it\/informativa-sulla-privacy\/","title":{"rendered":"Informativa sulla privacy"},"content":{"rendered":"\t\t<div data-elementor-type=\"wp-page\" data-elementor-id=\"4453\" class=\"elementor elementor-4453 elementor-3484\" data-elementor-post-type=\"page\">\n\t\t\t\t<div class=\"elementor-element elementor-element-db04ad9 e-flex e-con-boxed e-con e-parent\" data-id=\"db04ad9\" data-element_type=\"container\" data-e-type=\"container\" data-settings=\"{&quot;background_background&quot;:&quot;classic&quot;}\">\n\t\t\t\t\t<div class=\"e-con-inner\">\n\t\t\t\t<div class=\"elementor-element elementor-element-91af409 elementor-widget__width-initial elementor-widget elementor-widget-heading\" data-id=\"91af409\" data-element_type=\"widget\" data-e-type=\"widget\" data-widget_type=\"heading.default\">\n\t\t\t\t<div class=\"elementor-widget-container\">\n\t\t\t\t\t<h1 class=\"elementor-heading-title elementor-size-default\">Informativa sulla privacy<\/h1>\t\t\t\t<\/div>\n\t\t\t\t<\/div>\n\t\t\t\t<div class=\"elementor-element elementor-element-a0e44dd elementor-widget__width-initial elementor-widget-tablet__width-initial blue-link datenschutzerklaerung elementor-widget elementor-widget-text-editor\" data-id=\"a0e44dd\" data-element_type=\"widget\" data-e-type=\"widget\" data-widget_type=\"text-editor.default\">\n\t\t\t\t<div class=\"elementor-widget-container\">\n\t\t\t\t\t\t\t\t\t<p>Con la presente <strong>Informativa sulla privacy<\/strong> forniamo informazioni sul trattamento dei dati personali in relazione alle nostre <strong>attivit\u00e0<\/strong>, compreso il nostro <strong>sito web<\/strong> con nome di dominio europadonna.ch. In particolare, forniamo informazioni su quali dati personali trattiamo, per quali scopi, in che modo e dove. Forniamo inoltre informazioni sui diritti delle persone i cui dati trattiamo.  <\/p><p>Per singole attivit\u00e0 o attivit\u00e0 aggiuntive, potremmo pubblicare ulteriori informative sulla privacy o altre informazioni relative alla protezione dei dati.<\/p><h2 id=\"kontaktadressen\">1. Indirizzi di contatto<\/h2><p>Il responsabile ai sensi della normativa sulla protezione dei dati \u00e8:<\/p><p><strong id=\"verantwortlicher\">EUROPA DONNA Svizzera<\/strong><br>Europa Donna Svizzera<br>CH\u20133000 Berna<\/p><p><a href=\"mailto:info@europadonna.ch\">info@europadonna.ch<\/a><\/p><p>In casi specifici, terzi possono essere responsabili del trattamento dei dati personali o pu\u00f2 sussistere una responsabilit\u00e0 congiunta con terzi. Su richiesta, forniamo volentieri alle persone interessate informazioni sulla rispettiva responsabilit\u00e0. <\/p><h2 id=\"begriffe-rechtsgrundlagen\">2. Definizioni e basi giuridiche<\/h2><h3 id=\"begriffe\">2.1 Definizioni<\/h3><p><strong>Persona interessata:<\/strong> persona fisica di cui trattiamo i dati personali.<\/p><p><strong>Dati personali:<\/strong> <em>tutte<\/em> le informazioni che si riferiscono a una persona fisica identificata o identificabile.<\/p><p><strong>Dati personali particolarmente sensibili:<\/strong> dati relativi a opinioni e attivit\u00e0 sindacali, politiche, religiose o ideologiche, dati relativi alla salute, alla sfera privata o all&#8217;appartenenza a un&#8217;etnia o a una razza, dati genetici, dati biometrici che identificano in modo univoco una persona fisica, dati relativi a sanzioni penali e amministrative o a procedimenti giudiziari, nonch\u00e9 dati relativi a misure di assistenza sociale.<\/p><p><strong>Trattamento:<\/strong> <em>qualsiasi<\/em> operazione o serie di operazioni compiute <em>con o senza<\/em> l&#8217;ausilio di mezzi automatizzati, come la raccolta, la registrazione, l&#8217;organizzazione, la conservazione, l&#8217;adattamento, la modifica, l&#8217;estrazione, la consultazione, l&#8217;uso, la comunicazione, la diffusione, la combinazione, la cancellazione, la classificazione, l&#8217;archiviazione, la modifica, la diffusione, l&#8217;interconnessione, la distruzione e l&#8217;utilizzo di dati personali.<\/p><h3 id=\"rechtsgrundlagen\">2.2 Basi giuridiche<\/h3><p>Trattiamo i dati personali in conformit\u00e0 con il diritto svizzero, in particolare con la <a href=\"https:\/\/www.fedlex.admin.ch\/eli\/oc\/2022\/491\/it\" target=\"_blank\" rel=\"nofollow noopener noreferrer\">legge federale sulla protezione dei dati (LPD)<\/a> e <a href=\"https:\/\/www.fedlex.admin.ch\/eli\/oc\/2022\/568\/it\" target=\"_blank\" rel=\"nofollow noopener\">l&#8217;ordinanza sulla protezione dei dati (OPD)<\/a>.<\/p><h2 id=\"art-umfang-zweck\">3. Tipo, portata e finalit\u00e0 del trattamento dei dati personali<\/h2><p>Trattiamo i dati personali <em>necessari<\/em> per poter svolgere le nostre attivit\u00e0 in modo duraturo, umano, sicuro e affidabile. I dati personali trattati possono rientrare in particolare nelle categorie dei dati relativi al browser e al dispositivo, dei dati relativi ai contenuti, dei dati relativi alle comunicazioni, dei metadati, dei dati di utilizzo, dei dati anagrafici, compresi i dati relativi all&#8217;inventario e ai contatti, dei dati relativi alla posizione, dei dati relativi alle transazioni, dei dati relativi ai contratti e dei dati relativi ai pagamenti. I dati personali possono inoltre costituire dati personali particolarmente sensibili.  <\/p><p>Trattiamo anche dati personali che riceviamo da terzi, che otteniamo da fonti accessibili al pubblico o che raccogliamo nell&#8217;esercizio delle nostre attivit\u00e0, nella misura in cui tale trattamento sia consentito.<\/p><p>Trattiamo i dati personali, se necessario, con il consenso delle persone interessate. In molti casi possiamo trattare i dati personali senza consenso, ad esempio per adempiere a obblighi legali o per salvaguardare interessi prevalenti. Possiamo anche chiedere il consenso delle persone interessate anche se non \u00e8 necessario.  <\/p><p>Trattiamo i dati personali per il <em>tempo necessario<\/em> al raggiungimento dello scopo previsto. Anonimizziamo o cancelliamo i dati personali in particolare in base ai termini di conservazione e prescrizione previsti dalla legge. <\/p><h2 id=\"bekanntgabe\">4. Comunicazione dei dati personali<\/h2><p>Possiamo <em>comunicare i dati personali a terzi<\/em>, farli trattare da terzi o trattarli insieme a terzi. Tali terzi possono essere, ad esempio, fornitori specializzati di cui utilizziamo i servizi. <\/p><p>Nell&#8217;ambito delle nostre attivit\u00e0 e operazioni, possiamo trasmettere dati personali in particolare a banche e altri fornitori di servizi finanziari, autorit\u00e0, istituti di formazione e ricerca, consulenti e avvocati, gruppi di interesse, fornitori di servizi IT, partner di cooperazione, agenzie di credito e di informazioni commerciali, societ\u00e0 di logistica e spedizione, agenzie di marketing e pubblicit\u00e0, media, societ\u00e0 madri, affiliate e controllate, organizzazioni e associazioni, istituzioni sociali, societ\u00e0 di telecomunicazioni, assicurazioni e fornitori di servizi di pagamento.<\/p><h2 id=\"kommunikation\">5. Comunicazione<\/h2><p>Trattiamo i dati personali per poter comunicare con singoli individui, autorit\u00e0, organizzazioni e aziende. In particolare, trattiamo i dati che ci vengono trasmessi da una persona interessata quando ci contatta, ad esempio tramite posta ordinaria o e-mail. Possiamo memorizzare tali dati in una rubrica o con strumenti simili.  <\/p><p>I terzi che ci trasmettono dati relativi ad altre persone sono tenuti a garantire autonomamente la protezione dei dati di tali persone interessate. In particolare, devono garantire che tali dati siano corretti e possano essere trasmessi. <\/p><p>Utilizziamo servizi selezionati di fornitori idonei per consentire e migliorare la comunicazione con singoli individui e altri partner di comunicazione. Con tali servizi possiamo anche gestire e trattare in altro modo i dati delle persone interessate al di l\u00e0 della comunicazione diretta. <\/p><h2 id=\"sicherheit\">6. Sicurezza dei dati<\/h2><p>Adottiamo misure tecniche e organizzative adeguate per garantire una sicurezza dei dati commisurata al rischio specifico. Con le nostre misure garantiamo in particolare la riservatezza, la disponibilit\u00e0, la tracciabilit\u00e0 e l&#8217;integrit\u00e0 dei dati personali trattati, senza tuttavia poter garantire la sicurezza assoluta dei dati. <\/p><p>L&#8217;accesso al nostro sito web e alle altre nostre presenze digitali avviene tramite crittografia di trasporto (<a href=\"https:\/\/de.wikipedia.org\/wiki\/Transport_Layer_Security\" target=\"_blank\" rel=\"nofollow noopener noreferrer\">SSL \/ TLS<\/a>, in particolare con il <a href=\"https:\/\/de.wikipedia.org\/wiki\/Hypertext_Transfer_Protocol_Secure\" target=\"_blank\" rel=\"nofollow noopener noreferrer\">protocollo Hypertext Transfer Protocol Secure, abbreviato HTTPS<\/a>). La maggior parte dei browser avverte l&#8217;utente prima di visitare un sito web senza crittografia di trasporto. <\/p><p>La nostra comunicazione digitale \u00e8 soggetta, <em>come in linea di principio qualsiasi<\/em> comunicazione digitale, alla sorveglianza di massa senza motivo n\u00e9 sospetto da parte delle autorit\u00e0 di sicurezza in Svizzera, nel resto d&#8217;Europa, negli Stati Uniti d&#8217;America (USA) e in altri paesi. Non possiamo influire direttamente sul trattamento dei dati personali da parte dei servizi segreti, delle forze di polizia e di altre autorit\u00e0 di sicurezza. Non possiamo nemmeno escludere che una persona interessata sia oggetto di sorveglianza mirata.  <\/p><h2 id=\"ausland\">7. Dati personali all&#8217;estero<\/h2><p>Trattiamo i dati personali <em>generalmente<\/em> in Svizzera. Tuttavia, possiamo anche comunicare o esportare dati personali in altri paesi, in particolare per trattarli o farli trattare in tali paesi. <\/p><p>Possiamo divulgare i dati personali in tutti gli <a href=\"https:\/\/de.wikipedia.org\/wiki\/Liste_der_Staaten_der_Erde#Liste\" target=\"_blank\" rel=\"nofollow noopener noreferrer\">Stati del mondo<\/a> e altrove nell&#8217;<a href=\"https:\/\/www.datenschutzpartner.ch\/2022\/04\/23\/datenschutzerklaerung-daten-export-universum-mond\/\" target=\"_blank\" rel=\"nofollow noopener noreferrer\">universo<\/a>, a condizione che la legislazione locale garantisca un&#8217;adeguata protezione dei dati, conformemente alla <a href=\"https:\/\/www.fedlex.admin.ch\/eli\/cc\/2022\/568\/it#annex_1\" target=\"_blank\" rel=\"nofollow noopener noreferrer\">decisione del Consiglio federale svizzero<\/a>.<\/p><p>Possiamo divulgare dati personali in paesi la cui legislazione non garantisce un&#8217;adeguata protezione dei dati, a condizione che sia garantita una protezione adeguata dei dati per altri motivi, in particolare sulla base di clausole standard di protezione dei dati o altre garanzie adeguate. In via eccezionale, possiamo esportare dati personali in Stati senza un&#8217;adeguata o idonea protezione dei dati se sono soddisfatti i requisiti specifici previsti dalla normativa sulla protezione dei dati, ad esempio il consenso esplicito delle persone interessate o un nesso diretto con la conclusione o l&#8217;esecuzione di un contratto. Su richiesta, forniamo volentieri alle persone interessate informazioni su eventuali garanzie o una copia delle stesse.  <\/p><h2 id=\"rechte\">8. Diritti delle persone interessate<\/h2><h3 id=\"ansprueche\">8.1 Diritti relativi alla protezione dei dati<\/h3><p>Garantiamo alle persone interessate tutti i diritti previsti dalla legge applicabile. In particolare, le persone interessate godono dei seguenti diritti: <\/p><ul><li><strong>Informazioni:<\/strong> le persone interessate possono richiedere informazioni sul trattamento dei propri dati personali e, in caso affermativo, su quali dati personali sono trattati. Le persone interessate ricevono inoltre le informazioni necessarie per far valere i propri diritti in materia di protezione dei dati e garantire la trasparenza. Ci\u00f2 include i dati personali trattati in quanto tali, ma anche, tra l&#8217;altro, informazioni sullo scopo del trattamento, sulla durata della conservazione, su un&#8217;eventuale divulgazione o esportazione dei dati in altri paesi e sull&#8217;origine dei dati personali.  <\/li><li><strong>Rettifica e limitazione:<\/strong> gli interessati possono rettificare dati personali inesatti, integrare dati incompleti e limitare il trattamento dei propri dati.<\/li><li><strong>Possibilit\u00e0 di esprimere il proprio punto di vista e di richiedere una verifica umana:<\/strong> le persone interessate possono esprimere il proprio punto di vista e richiedere una verifica da parte di un essere umano in caso di decisioni basate esclusivamente sul trattamento automatizzato dei dati personali che comportano conseguenze giuridiche o che incidono in modo significativo sulla loro vita (decisioni individuali automatizzate).<\/li><li><strong>Cancellazione e opposizione:<\/strong> gli interessati possono richiedere la cancellazione dei propri dati personali (\u00abdiritto all&#8217;oblio\u00bb) e opporsi al trattamento dei propri dati con effetto per il futuro.<\/li><li><strong>Divulgazione e trasferimento dei dati:<\/strong> gli interessati possono richiedere la divulgazione dei propri dati personali o il trasferimento dei propri dati a un altro responsabile.<\/li><\/ul><p>Possiamo rinviare, limitare o negare l&#8217;esercizio dei diritti delle persone interessate nei limiti consentiti dalla legge. Possiamo segnalare alle persone interessate eventuali requisiti da soddisfare per l&#8217;esercizio dei loro diritti in materia di protezione dei dati. Ad esempio, possiamo rifiutare in tutto o in parte la comunicazione delle informazioni facendo riferimento a obblighi di riservatezza, interessi prevalenti o alla protezione di altre persone. Ad esempio, possiamo anche rifiutare in tutto o in parte la cancellazione dei dati personali, in particolare facendo riferimento agli obblighi di conservazione previsti dalla legge.   <\/p><p>In via <em>eccezionale<\/em>, possiamo prevedere dei costi per l&#8217;esercizio dei diritti. Informiamo preventivamente le persone interessate in merito agli eventuali costi. <\/p><p>Siamo tenuti a identificare con misure adeguate le persone interessate che richiedono informazioni o fanno valere altri diritti. Le persone interessate sono tenute a collaborare. <\/p><h3 id=\"rechtsschutz\">8.2 Tutela giuridica<\/h3><p>Le persone interessate hanno il diritto di far valere i propri diritti in materia di protezione dei dati per via legale o di presentare denuncia o reclamo presso un&#8217;autorit\u00e0 di controllo della protezione dei dati.<\/p><p>L&#8217;autorit\u00e0 di controllo della protezione dei dati per i responsabili privati e gli organi federali in Svizzera \u00e8 il <a href=\"https:\/\/www.edoeb.admin.ch\/\" target=\"_blank\" rel=\"nofollow noopener noreferrer\">Preposito federale alla protezione dei dati e alla trasparenza (PFPDT)<\/a>.<\/p><h2 id=\"website\">9. Utilizzo del sito web<\/h2><h3 id=\"cookies\">9.1 Cookies<\/h3><p>Possiamo utilizzare i cookie. I cookie, sia quelli propri (cookie di prima parte) che quelli di terzi di cui utilizziamo i servizi (cookie di terze parti), sono dati memorizzati nel browser. Tali dati memorizzati non devono necessariamente essere limitati ai tradizionali cookie in formato testo.  <\/p><p>I cookie possono essere memorizzati nel browser temporaneamente come \u00abcookie di sessione\u00bb o per un determinato periodo di tempo come cosiddetti cookie permanenti. I \u00abcookie di sessione\u00bb vengono cancellati automaticamente alla chiusura del browser. I cookie permanenti hanno una durata di memorizzazione determinata. I cookie consentono in particolare di riconoscere un browser alla visita successiva del nostro sito web e quindi, ad esempio, di misurare la portata del nostro sito web. I cookie permanenti possono essere utilizzati anche per il marketing online.    <\/p><p>I cookie possono essere disattivati, limitati o cancellati in tutto o in parte in qualsiasi momento nelle impostazioni del browser. Le impostazioni del browser consentono spesso anche la cancellazione automatica e altre operazioni di gestione dei cookie. Senza i cookie, il nostro sito web potrebbe non essere pi\u00f9 disponibile nella sua interezza. Chiediamo attivamente il consenso esplicito all&#8217;uso dei cookie, almeno nella misura necessaria ai sensi della legge applicabile.   <\/p><h3 id=\"protokollierung\">9.2 Registrazione<\/h3><p>Per ogni accesso al nostro sito web e alle nostre altre presenze digitali, possiamo registrare almeno le seguenti informazioni, a condizione che queste vengano trasmesse alla nostra infrastruttura digitale durante tali accessi: data e ora, compreso il fuso orario, <a href=\"https:\/\/de.wikipedia.org\/wiki\/IP-Adresse\" target=\"_blank\" rel=\"nofollow noopener noreferrer\">indirizzo IP<\/a>, <a href=\"https:\/\/de.wikipedia.org\/wiki\/HTTP-Statuscode\" target=\"_blank\" rel=\"nofollow noopener noreferrer\">stato di accesso (codice di stato HTTP)<\/a>, sistema operativo, compresa l&#8217;interfaccia utente e la versione, browser, compresa la lingua e la versione, singole sottopagine del nostro sito web visitate, compreso il volume di dati trasferiti, <a href=\"https:\/\/de.wikipedia.org\/wiki\/Referrer\" target=\"_blank\" rel=\"nofollow noopener noreferrer\">ultimo sito web visitato nella stessa finestra del browser (referer o referrer)<\/a>.<\/p><p>Registriamo tali informazioni, che possono anche costituire dati personali, in file di log. Le informazioni sono necessarie per poter garantire una presenza digitale permanente, intuitiva e affidabile. Le informazioni sono inoltre necessarie per garantire la sicurezza dei dati, anche da parte di terzi o con l&#8217;aiuto di terzi.  <\/p><h3 id=\"zaehlpixel\">9.3 Pixel di tracciamento<\/h3><p>Possiamo integrare pixel di tracciamento nella nostra presenza digitale. I pixel di tracciamento sono noti anche come web beacon. I pixel di tracciamento, anche quelli di terzi di cui utilizziamo i servizi, sono solitamente piccole immagini non visibili o script scritti in JavaScript che vengono richiamati automaticamente quando si accede alla nostra presenza digitale. I pixel di tracciamento consentono di registrare almeno le stesse informazioni della registrazione nei file di log.   <\/p><h2 id=\"social-media\">10. Social media<\/h2><p>Siamo presenti sui social media e su altre piattaforme online per comunicare con le persone interessate e fornire informazioni sulle nostre attivit\u00e0. In relazione a tali piattaforme, i dati personali possono essere trattati anche al di fuori della Svizzera. <\/p><p>Si applicano anche le condizioni generali di contratto (CGC) e le condizioni d&#8217;uso, nonch\u00e9 le informative sulla privacy e le altre disposizioni dei singoli gestori di tali piattaforme. Queste disposizioni informano in particolare sui diritti delle persone interessate direttamente nei confronti della rispettiva piattaforma, tra cui ad esempio il diritto all&#8217;informazione. <\/p><h2 id=\"dienste\">11. Servizi di terzi<\/h2><p>Ci avvaliamo dei servizi di terzi specializzati per poter svolgere le nostre attivit\u00e0 in modo continuativo, rispettoso delle persone, sicuro e affidabile. Tali servizi ci consentono, tra l&#8217;altro, di integrare funzioni e contenuti nel nostro sito web. In caso di tale integrazione, i servizi utilizzati registrano, per motivi tecnici imprescindibili, almeno temporaneamente gli <a href=\"https:\/\/de.wikipedia.org\/wiki\/IP-Adresse\" target=\"_blank\" rel=\"nofollow noopener noreferrer\">indirizzi IP<\/a> degli utenti.  <\/p><p>Per motivi di sicurezza, statistici e tecnici, i terzi di cui utilizziamo i servizi possono trattare i dati relativi alle nostre attivit\u00e0 in forma aggregata, anonimizzata o pseudonimizzata. Si tratta, ad esempio, di dati relativi alle prestazioni o all&#8217;utilizzo, necessari per poter offrire il rispettivo servizio. <\/p><p>Utilizziamo in particolare:<\/p><ul><li><strong><a href=\"https:\/\/about.google\/products\/?hl=de\" target=\"_blank\" rel=\"nofollow noopener noreferrer\">Servizi di Google:<\/a><\/strong> fornitori: Google LLC (USA) \/ Google Ireland Limited (Irlanda) in parte per gli utenti nello Spazio economico europeo (SEE) e in Svizzera; Informazioni generali sulla protezione dei dati: <a href=\"https:\/\/safety.google\/intl\/de\/principles\/\" target=\"_blank\" rel=\"nofollow noopener noreferrer\">\u00abNorme sulla protezione dei dati e sulla sicurezza\u00bb<\/a>, <a href=\"https:\/\/business.safety.google\/privacy\/?hl=de\" target=\"_blank\" rel=\"nofollow noopener noreferrer\">\u00abMaggiori informazioni sull&#8217;utilizzo dei dati personali da parte di Google\u00bb<\/a>, <a href=\"https:\/\/policies.google.com\/privacy?hl=de\" target=\"_blank\" rel=\"nofollow noopener noreferrer\">Informativa sulla privacy<\/a>, <a href=\"https:\/\/business.safety.google\/intl\/de\/compliance\/\" target=\"_blank\" rel=\"nofollow noopener noreferrer\">\u00abGoogle si impegna a rispettare le leggi applicabili in materia di protezione dei dati\u00bb<\/a>, <a href=\"https:\/\/policies.google.com\/technologies\/product-privacy?hl=de\" target=\"_blank\" rel=\"nofollow noopener noreferrer\">\u00abGuida alla protezione dei dati nei prodotti Google\u00bb<\/a>, <a href=\"https:\/\/policies.google.com\/technologies\/partner-sites?hl=de\" target=\"_blank\" rel=\"nofollow noopener noreferrer\">\u00abCome utilizziamo i dati dei siti web o delle app su cui vengono utilizzati i nostri servizi\u00bb<\/a>, <a href=\"https:\/\/policies.google.com\/technologies\/cookies?hl=de\" target=\"_blank\" rel=\"nofollow noopener noreferrer\">Politica sui cookie<\/a>, <a href=\"https:\/\/myadcenter.google.com\/?hl=de\" target=\"_blank\" rel=\"nofollow noopener noreferrer\">\u00abPubblicit\u00e0 su cui hai influenza\u00bb (Impostazioni per la pubblicit\u00e0 personalizzata)<\/a>.<\/li><\/ul><h3 id=\"infrastruktur\">11.1 Infrastruttura digitale<\/h3><p>Ci avvaliamo dei servizi di terzi specializzati per poter utilizzare l&#8217;infrastruttura digitale necessaria in relazione alle nostre attivit\u00e0 e operazioni. Ci\u00f2 include, ad esempio, servizi di hosting e archiviazione forniti da fornitori selezionati. <\/p><h3 id=\"videokonferenz\">11.2 Conferenze audio e video<\/h3><p>Utilizziamo servizi specializzati per conferenze audio e video per poter comunicare online. Ci\u00f2 ci consente, ad esempio, di tenere riunioni virtuali o di svolgere lezioni online e webinar. Per la partecipazione a conferenze audio e video si applicano in via integrativa i testi giuridici dei singoli servizi, quali le informative sulla privacy e le condizioni di utilizzo.  <\/p><p>A seconda della situazione, quando si partecipa ad audio o videoconferenze, consigliamo di disattivare il microfono come impostazione predefinita e di sfocare lo sfondo o di inserire uno sfondo virtuale.<\/p><h3 id=\"schriftarten\">11.3 Caratteri tipografici<\/h3><p>Utilizziamo servizi di terze parti per incorporare nel nostro sito web caratteri tipografici selezionati, icone, loghi e simboli.<\/p><p>Utilizziamo in particolare:<\/p><ul><li><strong><a href=\"https:\/\/fontawesome.com\/\" target=\"_blank\" rel=\"nofollow noopener noreferrer\">Font Awesome:<\/a><\/strong> icone e loghi; fornitore: Fonticons Inc. (USA); informazioni sulla protezione dei dati: <a href=\"https:\/\/fontawesome.com\/privacy\" target=\"_blank\" rel=\"nofollow noopener noreferrer\">informativa sulla privacy<\/a>. <\/li><li><strong><a href=\"https:\/\/fonts.google.com\" target=\"_blank\" rel=\"nofollow noopener noreferrer\">Google Fonts:<\/a><\/strong> tipi di carattere; fornitore: Google; informazioni specifiche su Google Fonts: <a href=\"https:\/\/fonts.googleblog.com\/2022\/11\/your-privacy-and-google-fonts.html\" target=\"_blank\" rel=\"nofollow noopener noreferrer\">\u00abLa tua privacy e Google Fonts\u00bb (\u00abYour Privacy and Google Fonts\u00bb)<\/a>, <a href=\"https:\/\/developers.google.com\/fonts\/faq\/privacy?hl=de\" target=\"_blank\" rel=\"nofollow noopener noreferrer\">\u00abProtezione dei dati e raccolta dei dati\u00bb (Google Fonts)<\/a>.<\/li><\/ul><h2 id=\"hinweise\">12. Note conclusive sulla dichiarazione sulla protezione dei dati<\/h2><p>Abbiamo redatto la presente informativa sulla privacy utilizzando il <a href=\"https:\/\/www.datenschutzpartner.ch\/angebot-datenschutz-generator\/\" target=\"_blank\" rel=\"nofollow noopener\">generatore di informative sulla privacy<\/a> di <a href=\"https:\/\/datenschutzpartner.ch\/\" target=\"_blank\" rel=\"nofollow noopener\">Daten\u00adschutz\u00adpartner<\/a><!-- <span id=\"datum\">am 25. Juni 2025<\/span> -->.<\/p><p>Ci riserviamo il diritto di aggiornare la presente informativa sulla privacy in qualsiasi momento. Informeremo gli utenti in merito agli aggiornamenti in forma adeguata, in particolare pubblicando l&#8217;informativa sulla privacy aggiornata sul nostro sito web. <\/p>\t\t\t\t\t\t\t\t<\/div>\n\t\t\t\t<\/div>\n\t\t\t\t\t<\/div>\n\t\t\t\t<\/div>\n\t\t\t\t<\/div>\n\t\t","protected":false},"excerpt":{"rendered":"<p>Informativa sulla privacy Con la presente Informativa sulla privacy forniamo informazioni sul trattamento dei dati personali in relazione alle nostre attivit\u00e0, compreso il nostro sito web con nome di dominio europadonna.ch. In particolare, forniamo informazioni su quali dati personali trattiamo, per quali scopi, in che modo e dove. Forniamo inoltre informazioni sui diritti delle persone [&hellip;]<\/p>\n","protected":false},"author":2,"featured_media":0,"parent":0,"menu_order":0,"comment_status":"closed","ping_status":"closed","template":"","meta":{"footnotes":""},"class_list":["post-4453","page","type-page","status-publish","hentry"],"_links":{"self":[{"href":"https:\/\/europadonna.ch\/it\/wp-json\/wp\/v2\/pages\/4453","targetHints":{"allow":["GET"]}}],"collection":[{"href":"https:\/\/europadonna.ch\/it\/wp-json\/wp\/v2\/pages"}],"about":[{"href":"https:\/\/europadonna.ch\/it\/wp-json\/wp\/v2\/types\/page"}],"author":[{"embeddable":true,"href":"https:\/\/europadonna.ch\/it\/wp-json\/wp\/v2\/users\/2"}],"replies":[{"embeddable":true,"href":"https:\/\/europadonna.ch\/it\/wp-json\/wp\/v2\/comments?post=4453"}],"version-history":[{"count":1,"href":"https:\/\/europadonna.ch\/it\/wp-json\/wp\/v2\/pages\/4453\/revisions"}],"predecessor-version":[{"id":4454,"href":"https:\/\/europadonna.ch\/it\/wp-json\/wp\/v2\/pages\/4453\/revisions\/4454"}],"wp:attachment":[{"href":"https:\/\/europadonna.ch\/it\/wp-json\/wp\/v2\/media?parent=4453"}],"curies":[{"name":"wp","href":"https:\/\/api.w.org\/{rel}","templated":true}]}}